{"id":2335,"date":"2019-05-26T11:13:04","date_gmt":"2019-05-26T11:13:04","guid":{"rendered":"https:\/\/sandrapermanentmakeup.co.uk\/shop\/seseliavimo-irankis-14-arc\/"},"modified":"2022-10-16T11:30:56","modified_gmt":"2022-10-16T11:30:56","slug":"seseliavimo-irankis-14-arc","status":"publish","type":"product","link":"https:\/\/sandrapermanentmakeup.co.uk\/lt\/shop\/seseliavimo-irankis-14-arc\/","title":{"rendered":"Antaki\u0173 \u0160e\u0161\u0117liavimo \u012frankis #14 ARC #26 SHORT"},"content":{"rendered":"<h2>Dviej\u0173 funkcij\u0173 antaki\u0173 \u0161e\u0161\u0117liavimo \u012frankis #14 ARC #26 SHORT<\/h2>\n<p>Patobulinkite savo darb\u0105 naudodami \u0161\u012f antaki\u0173 mikropigmentacijos \u0161e\u0161\u0117liavimo \u012frank\u012f.<\/p>\n<p>Abi \u0161io \u012frankio pus\u0117s susideda i\u0161 dviej\u0173 adat\u0173, kad gal\u0117tum\u0117te sukurti tikr\u0105 Ombre efekt\u0105. Viena pus\u0117 skirta pagrindiniam atspalviui (paprastai \u0161i adata yra didesn\u0117), o kita pus\u0117 &#8211; smulkesnioms antaki\u0173 dalims.<\/p>\n<p># 14 ARC &amp; # 26 SHORT &#8211; pikseli\u0173 \/ Ombre\u00a0 efektas.<\/p>\n<p>Kada reikt\u0173 naudoti antaki\u0173 \u0161e\u0161\u0117liavimo technik\u0105?<\/p>\n<ol>\n<li>Kai yra ma\u017eai nat\u016brali\u0173 plauk\u0173.<\/li>\n<li>Kai antakiuose yra i\u0161ret\u0117j\u0119 plaukai tam tikrose vietose.<\/li>\n<li>Kai klientas nori ry\u0161kesni\u0173 antaki\u0173.<\/li>\n<\/ol>\n<p>Sterilus<br \/>\nVienkartinio naudojimo<br \/>\nISO sertifikuotas<br \/>\nParuo\u0161tas naudojimui<\/p>\n","protected":false},"excerpt":{"rendered":"<p>Dviej\u0173 funkcij\u0173 antaki\u0173 \u0161e\u0161\u0117liavimo \u012frankis #14 ARC #26 SHORT Patobulinkite savo darb\u0105 naudodami \u0161\u012f antaki\u0173 mikropigmentacijos \u0161e\u0161\u0117liavimo \u012frank\u012f. Abi \u0161io \u012frankio pus\u0117s susideda i\u0161 dviej\u0173 adat\u0173, kad gal\u0117tum\u0117te sukurti tikr\u0105 Ombre efekt\u0105. Viena pus\u0117 skirta pagrindiniam atspalviui (paprastai \u0161i adata yra didesn\u0117), o kita pus\u0117 &#8211; smulkesnioms antaki\u0173 dalims. # 14 ARC &amp; # 26 &hellip; <a href=\"https:\/\/sandrapermanentmakeup.co.uk\/lt\/shop\/seseliavimo-irankis-14-arc\/\">Continued<\/a><\/p>\n","protected":false},"featured_media":1595,"template":"","meta":{"_acf_changed":false},"product_brand":[],"product_cat":[28],"product_tag":[],"class_list":{"0":"post-2335","1":"product","2":"type-product","3":"status-publish","4":"has-post-thumbnail","6":"product_cat-microblading-irankiai","8":"first","9":"outofstock","10":"shipping-taxable","11":"purchasable","12":"product-type-simple"},"acf":[],"yoast_head":"<!-- This site is optimized with the Yoast SEO plugin v25.8 - https:\/\/yoast.com\/wordpress\/plugins\/seo\/ -->\n<title>Antaki\u0173 \u0160e\u0161\u0117liavimo \u012frankis #14 ARC #26 SHORT<\/title>\n<meta name=\"description\" content=\"Antaki\u0173 \u0160e\u0161\u0117liavimo \u012frankis #14 ARC #26 SHORT\" \/>\n<meta name=\"robots\" content=\"index, follow, max-snippet:-1, max-image-preview:large, max-video-preview:-1\" \/>\n<link rel=\"canonical\" href=\"https:\/\/sandrapermanentmakeup.co.uk\/shop\/manual-shading-tool\/\" \/>\n<meta property=\"og:locale\" content=\"lt_LT\" \/>\n<meta property=\"og:type\" content=\"article\" \/>\n<meta property=\"og:title\" content=\"Antaki\u0173 \u0160e\u0161\u0117liavimo \u012frankis #14 ARC #26 SHORT\" \/>\n<meta property=\"og:description\" content=\"Antaki\u0173 \u0160e\u0161\u0117liavimo \u012frankis #14 ARC #26 SHORT\" \/>\n<meta property=\"og:url\" content=\"https:\/\/sandrapermanentmakeup.co.uk\/shop\/manual-shading-tool\/\" \/>\n<meta property=\"og:site_name\" content=\"Semi Permanent Makeup by Sandra Opul | No1 in Microblading\" \/>\n<meta property=\"article:modified_time\" content=\"2022-10-16T11:30:56+00:00\" \/>\n<meta property=\"og:image\" content=\"https:\/\/sandrapermanentmakeup.co.uk\/wp-content\/uploads\/2019\/05\/2614-1.jpg\" \/>\n\t<meta property=\"og:image:width\" content=\"300\" \/>\n\t<meta property=\"og:image:height\" content=\"259\" \/>\n\t<meta property=\"og:image:type\" content=\"image\/jpeg\" \/>\n<meta name=\"twitter:card\" content=\"summary_large_image\" \/>\n<script type=\"application\/ld+json\" class=\"yoast-schema-graph\">{\"@context\":\"https:\/\/schema.org\",\"@graph\":[{\"@type\":\"WebPage\",\"@id\":\"https:\/\/sandrapermanentmakeup.co.uk\/shop\/manual-shading-tool\/\",\"url\":\"https:\/\/sandrapermanentmakeup.co.uk\/shop\/manual-shading-tool\/\",\"name\":\"Antaki\u0173 \u0160e\u0161\u0117liavimo \u012frankis #14 ARC #26 SHORT\",\"isPartOf\":{\"@id\":\"https:\/\/sandrapermanentmakeup.co.uk\/#website\"},\"primaryImageOfPage\":{\"@id\":\"https:\/\/sandrapermanentmakeup.co.uk\/shop\/manual-shading-tool\/#primaryimage\"},\"image\":{\"@id\":\"https:\/\/sandrapermanentmakeup.co.uk\/shop\/manual-shading-tool\/#primaryimage\"},\"thumbnailUrl\":\"https:\/\/sandrapermanentmakeup.co.uk\/wp-content\/uploads\/2019\/05\/2614-1.jpg\",\"datePublished\":\"2019-05-26T11:13:04+00:00\",\"dateModified\":\"2022-10-16T11:30:56+00:00\",\"description\":\"Antaki\u0173 \u0160e\u0161\u0117liavimo \u012frankis #14 ARC #26 SHORT\",\"breadcrumb\":{\"@id\":\"https:\/\/sandrapermanentmakeup.co.uk\/shop\/manual-shading-tool\/#breadcrumb\"},\"inLanguage\":\"lt-LT\",\"potentialAction\":[{\"@type\":\"ReadAction\",\"target\":[\"https:\/\/sandrapermanentmakeup.co.uk\/shop\/manual-shading-tool\/\"]}]},{\"@type\":\"ImageObject\",\"inLanguage\":\"lt-LT\",\"@id\":\"https:\/\/sandrapermanentmakeup.co.uk\/shop\/manual-shading-tool\/#primaryimage\",\"url\":\"https:\/\/sandrapermanentmakeup.co.uk\/wp-content\/uploads\/2019\/05\/2614-1.jpg\",\"contentUrl\":\"https:\/\/sandrapermanentmakeup.co.uk\/wp-content\/uploads\/2019\/05\/2614-1.jpg\",\"width\":300,\"height\":259,\"caption\":\"\u0160e\u0161\u0117liavimo \u012frankis #14 ARC #26 SHORT\"},{\"@type\":\"BreadcrumbList\",\"@id\":\"https:\/\/sandrapermanentmakeup.co.uk\/shop\/manual-shading-tool\/#breadcrumb\",\"itemListElement\":[{\"@type\":\"ListItem\",\"position\":1,\"name\":\"Home\",\"item\":\"https:\/\/sandrapermanentmakeup.co.uk\/lt\/\"},{\"@type\":\"ListItem\",\"position\":2,\"name\":\"e-Parduotuv\u0117\",\"item\":\"https:\/\/sandrapermanentmakeup.co.uk\/lt\/shop\/\"},{\"@type\":\"ListItem\",\"position\":3,\"name\":\"Antaki\u0173 \u0160e\u0161\u0117liavimo \u012frankis #14 ARC #26 SHORT\"}]},{\"@type\":\"WebSite\",\"@id\":\"https:\/\/sandrapermanentmakeup.co.uk\/#website\",\"url\":\"https:\/\/sandrapermanentmakeup.co.uk\/\",\"name\":\"Semi Permanent Makeup by Sandra Opul | No1 in Microblading\",\"description\":\"\",\"potentialAction\":[{\"@type\":\"SearchAction\",\"target\":{\"@type\":\"EntryPoint\",\"urlTemplate\":\"https:\/\/sandrapermanentmakeup.co.uk\/?s={search_term_string}\"},\"query-input\":{\"@type\":\"PropertyValueSpecification\",\"valueRequired\":true,\"valueName\":\"search_term_string\"}}],\"inLanguage\":\"lt-LT\"}]}<\/script>\n<!-- \/ Yoast SEO plugin. -->","yoast_head_json":{"title":"Antaki\u0173 \u0160e\u0161\u0117liavimo \u012frankis #14 ARC #26 SHORT","description":"Antaki\u0173 \u0160e\u0161\u0117liavimo \u012frankis #14 ARC #26 SHORT","robots":{"index":"index","follow":"follow","max-snippet":"max-snippet:-1","max-image-preview":"max-image-preview:large","max-video-preview":"max-video-preview:-1"},"canonical":"https:\/\/sandrapermanentmakeup.co.uk\/shop\/manual-shading-tool\/","og_locale":"lt_LT","og_type":"article","og_title":"Antaki\u0173 \u0160e\u0161\u0117liavimo \u012frankis #14 ARC #26 SHORT","og_description":"Antaki\u0173 \u0160e\u0161\u0117liavimo \u012frankis #14 ARC #26 SHORT","og_url":"https:\/\/sandrapermanentmakeup.co.uk\/shop\/manual-shading-tool\/","og_site_name":"Semi Permanent Makeup by Sandra Opul | No1 in Microblading","article_modified_time":"2022-10-16T11:30:56+00:00","og_image":[{"width":300,"height":259,"url":"https:\/\/sandrapermanentmakeup.co.uk\/wp-content\/uploads\/2019\/05\/2614-1.jpg","type":"image\/jpeg"}],"twitter_card":"summary_large_image","schema":{"@context":"https:\/\/schema.org","@graph":[{"@type":"WebPage","@id":"https:\/\/sandrapermanentmakeup.co.uk\/shop\/manual-shading-tool\/","url":"https:\/\/sandrapermanentmakeup.co.uk\/shop\/manual-shading-tool\/","name":"Antaki\u0173 \u0160e\u0161\u0117liavimo \u012frankis #14 ARC #26 SHORT","isPartOf":{"@id":"https:\/\/sandrapermanentmakeup.co.uk\/#website"},"primaryImageOfPage":{"@id":"https:\/\/sandrapermanentmakeup.co.uk\/shop\/manual-shading-tool\/#primaryimage"},"image":{"@id":"https:\/\/sandrapermanentmakeup.co.uk\/shop\/manual-shading-tool\/#primaryimage"},"thumbnailUrl":"https:\/\/sandrapermanentmakeup.co.uk\/wp-content\/uploads\/2019\/05\/2614-1.jpg","datePublished":"2019-05-26T11:13:04+00:00","dateModified":"2022-10-16T11:30:56+00:00","description":"Antaki\u0173 \u0160e\u0161\u0117liavimo \u012frankis #14 ARC #26 SHORT","breadcrumb":{"@id":"https:\/\/sandrapermanentmakeup.co.uk\/shop\/manual-shading-tool\/#breadcrumb"},"inLanguage":"lt-LT","potentialAction":[{"@type":"ReadAction","target":["https:\/\/sandrapermanentmakeup.co.uk\/shop\/manual-shading-tool\/"]}]},{"@type":"ImageObject","inLanguage":"lt-LT","@id":"https:\/\/sandrapermanentmakeup.co.uk\/shop\/manual-shading-tool\/#primaryimage","url":"https:\/\/sandrapermanentmakeup.co.uk\/wp-content\/uploads\/2019\/05\/2614-1.jpg","contentUrl":"https:\/\/sandrapermanentmakeup.co.uk\/wp-content\/uploads\/2019\/05\/2614-1.jpg","width":300,"height":259,"caption":"\u0160e\u0161\u0117liavimo \u012frankis #14 ARC #26 SHORT"},{"@type":"BreadcrumbList","@id":"https:\/\/sandrapermanentmakeup.co.uk\/shop\/manual-shading-tool\/#breadcrumb","itemListElement":[{"@type":"ListItem","position":1,"name":"Home","item":"https:\/\/sandrapermanentmakeup.co.uk\/lt\/"},{"@type":"ListItem","position":2,"name":"e-Parduotuv\u0117","item":"https:\/\/sandrapermanentmakeup.co.uk\/lt\/shop\/"},{"@type":"ListItem","position":3,"name":"Antaki\u0173 \u0160e\u0161\u0117liavimo \u012frankis #14 ARC #26 SHORT"}]},{"@type":"WebSite","@id":"https:\/\/sandrapermanentmakeup.co.uk\/#website","url":"https:\/\/sandrapermanentmakeup.co.uk\/","name":"Semi Permanent Makeup by Sandra Opul | No1 in Microblading","description":"","potentialAction":[{"@type":"SearchAction","target":{"@type":"EntryPoint","urlTemplate":"https:\/\/sandrapermanentmakeup.co.uk\/?s={search_term_string}"},"query-input":{"@type":"PropertyValueSpecification","valueRequired":true,"valueName":"search_term_string"}}],"inLanguage":"lt-LT"}]}},"_links":{"self":[{"href":"https:\/\/sandrapermanentmakeup.co.uk\/lt\/wp-json\/wp\/v2\/product\/2335","targetHints":{"allow":["GET"]}}],"collection":[{"href":"https:\/\/sandrapermanentmakeup.co.uk\/lt\/wp-json\/wp\/v2\/product"}],"about":[{"href":"https:\/\/sandrapermanentmakeup.co.uk\/lt\/wp-json\/wp\/v2\/types\/product"}],"wp:featuredmedia":[{"embeddable":true,"href":"https:\/\/sandrapermanentmakeup.co.uk\/lt\/wp-json\/wp\/v2\/media\/1595"}],"wp:attachment":[{"href":"https:\/\/sandrapermanentmakeup.co.uk\/lt\/wp-json\/wp\/v2\/media?parent=2335"}],"wp:term":[{"taxonomy":"product_brand","embeddable":true,"href":"https:\/\/sandrapermanentmakeup.co.uk\/lt\/wp-json\/wp\/v2\/product_brand?post=2335"},{"taxonomy":"product_cat","embeddable":true,"href":"https:\/\/sandrapermanentmakeup.co.uk\/lt\/wp-json\/wp\/v2\/product_cat?post=2335"},{"taxonomy":"product_tag","embeddable":true,"href":"https:\/\/sandrapermanentmakeup.co.uk\/lt\/wp-json\/wp\/v2\/product_tag?post=2335"}],"curies":[{"name":"wp","href":"https:\/\/api.w.org\/{rel}","templated":true}]}}