{"id":2329,"date":"2019-05-26T11:36:18","date_gmt":"2019-05-26T11:36:18","guid":{"rendered":"https:\/\/sandrapermanentmakeup.co.uk\/shop\/12-slanted-adata-mikropigmentacijai\/"},"modified":"2023-02-02T11:09:29","modified_gmt":"2023-02-02T11:09:29","slug":"12-slanted-adata-mikropigmentacijai","status":"publish","type":"product","link":"https:\/\/sandrapermanentmakeup.co.uk\/lt\/shop\/12-slanted-adata-mikropigmentacijai\/","title":{"rendered":"12-Slanted Adata Mikropigmentacijai"},"content":{"rendered":"<h2>12-Slanted Vienkartin\u0117 Adata Mikropigmentacijai<\/h2>\n<p>&nbsp;<\/p>\n<ul>\n<li>Vienkartinio naudojimo adata<\/li>\n<li>Labai lengva<\/li>\n<li>Atskiras \u012fpakavimas<\/li>\n<li>12 Pin slanted<\/li>\n<li>0.18 mm skersmuo, labai plona<\/li>\n<li>Labai geros kokyb\u0117s<\/li>\n<li>A\u0161tri tobulam rezultatui<\/li>\n<\/ul>\n<p>&nbsp;<\/p>\n","protected":false},"excerpt":{"rendered":"<p>12-Slanted Vienkartin\u0117 Adata Mikropigmentacijai &nbsp; Vienkartinio naudojimo adata Labai lengva Atskiras \u012fpakavimas 12 Pin slanted 0.18 mm skersmuo, labai plona Labai geros kokyb\u0117s A\u0161tri tobulam rezultatui &nbsp;<\/p>\n","protected":false},"featured_media":1406,"template":"","meta":{"_acf_changed":false},"product_brand":[],"product_cat":[28],"product_tag":[],"class_list":{"0":"post-2329","1":"product","2":"type-product","3":"status-publish","4":"has-post-thumbnail","6":"product_cat-microblading-irankiai","8":"first","9":"instock","10":"shipping-taxable","11":"purchasable","12":"product-type-simple"},"acf":[],"yoast_head":"<!-- This site is optimized with the Yoast SEO plugin v25.8 - https:\/\/yoast.com\/wordpress\/plugins\/seo\/ -->\n<title>12-Slanted Adata Mikropigmentacijai<\/title>\n<meta name=\"description\" content=\"12-Slanted Adata Mikropigmentacijai\" \/>\n<meta name=\"robots\" content=\"index, follow, max-snippet:-1, max-image-preview:large, max-video-preview:-1\" \/>\n<link rel=\"canonical\" href=\"https:\/\/sandrapermanentmakeup.co.uk\/shop\/12-disposable-microblading-needle\/\" \/>\n<meta property=\"og:locale\" content=\"lt_LT\" \/>\n<meta property=\"og:type\" content=\"article\" \/>\n<meta property=\"og:title\" content=\"12-Slanted Adata Mikropigmentacijai\" \/>\n<meta property=\"og:description\" content=\"12-Slanted Adata Mikropigmentacijai\" \/>\n<meta property=\"og:url\" content=\"https:\/\/sandrapermanentmakeup.co.uk\/shop\/12-disposable-microblading-needle\/\" \/>\n<meta property=\"og:site_name\" content=\"Semi Permanent Makeup by Sandra Opul | No1 in Microblading\" \/>\n<meta property=\"article:modified_time\" content=\"2023-02-02T11:09:29+00:00\" \/>\n<meta property=\"og:image\" content=\"https:\/\/sandrapermanentmakeup.co.uk\/wp-content\/uploads\/2019\/05\/12-Slanted-Disposable-Microblading-Needle.jpg\" \/>\n\t<meta property=\"og:image:width\" content=\"600\" \/>\n\t<meta property=\"og:image:height\" content=\"600\" \/>\n\t<meta property=\"og:image:type\" content=\"image\/jpeg\" \/>\n<meta name=\"twitter:card\" content=\"summary_large_image\" \/>\n<script type=\"application\/ld+json\" class=\"yoast-schema-graph\">{\"@context\":\"https:\/\/schema.org\",\"@graph\":[{\"@type\":\"WebPage\",\"@id\":\"https:\/\/sandrapermanentmakeup.co.uk\/shop\/12-disposable-microblading-needle\/\",\"url\":\"https:\/\/sandrapermanentmakeup.co.uk\/shop\/12-disposable-microblading-needle\/\",\"name\":\"12-Slanted Adata Mikropigmentacijai\",\"isPartOf\":{\"@id\":\"https:\/\/sandrapermanentmakeup.co.uk\/#website\"},\"primaryImageOfPage\":{\"@id\":\"https:\/\/sandrapermanentmakeup.co.uk\/shop\/12-disposable-microblading-needle\/#primaryimage\"},\"image\":{\"@id\":\"https:\/\/sandrapermanentmakeup.co.uk\/shop\/12-disposable-microblading-needle\/#primaryimage\"},\"thumbnailUrl\":\"https:\/\/sandrapermanentmakeup.co.uk\/wp-content\/uploads\/2019\/05\/12-Slanted-Disposable-Microblading-Needle.jpg\",\"datePublished\":\"2019-05-26T11:36:18+00:00\",\"dateModified\":\"2023-02-02T11:09:29+00:00\",\"description\":\"12-Slanted Adata Mikropigmentacijai\",\"breadcrumb\":{\"@id\":\"https:\/\/sandrapermanentmakeup.co.uk\/shop\/12-disposable-microblading-needle\/#breadcrumb\"},\"inLanguage\":\"lt-LT\",\"potentialAction\":[{\"@type\":\"ReadAction\",\"target\":[\"https:\/\/sandrapermanentmakeup.co.uk\/shop\/12-disposable-microblading-needle\/\"]}]},{\"@type\":\"ImageObject\",\"inLanguage\":\"lt-LT\",\"@id\":\"https:\/\/sandrapermanentmakeup.co.uk\/shop\/12-disposable-microblading-needle\/#primaryimage\",\"url\":\"https:\/\/sandrapermanentmakeup.co.uk\/wp-content\/uploads\/2019\/05\/12-Slanted-Disposable-Microblading-Needle.jpg\",\"contentUrl\":\"https:\/\/sandrapermanentmakeup.co.uk\/wp-content\/uploads\/2019\/05\/12-Slanted-Disposable-Microblading-Needle.jpg\",\"width\":600,\"height\":600,\"caption\":\"12-Slanted Adata Mikropigmentacijai\"},{\"@type\":\"BreadcrumbList\",\"@id\":\"https:\/\/sandrapermanentmakeup.co.uk\/shop\/12-disposable-microblading-needle\/#breadcrumb\",\"itemListElement\":[{\"@type\":\"ListItem\",\"position\":1,\"name\":\"Home\",\"item\":\"https:\/\/sandrapermanentmakeup.co.uk\/lt\/\"},{\"@type\":\"ListItem\",\"position\":2,\"name\":\"e-Parduotuv\u0117\",\"item\":\"https:\/\/sandrapermanentmakeup.co.uk\/lt\/shop\/\"},{\"@type\":\"ListItem\",\"position\":3,\"name\":\"12-Slanted Adata Mikropigmentacijai\"}]},{\"@type\":\"WebSite\",\"@id\":\"https:\/\/sandrapermanentmakeup.co.uk\/#website\",\"url\":\"https:\/\/sandrapermanentmakeup.co.uk\/\",\"name\":\"Semi Permanent Makeup by Sandra Opul | No1 in Microblading\",\"description\":\"\",\"potentialAction\":[{\"@type\":\"SearchAction\",\"target\":{\"@type\":\"EntryPoint\",\"urlTemplate\":\"https:\/\/sandrapermanentmakeup.co.uk\/?s={search_term_string}\"},\"query-input\":{\"@type\":\"PropertyValueSpecification\",\"valueRequired\":true,\"valueName\":\"search_term_string\"}}],\"inLanguage\":\"lt-LT\"}]}<\/script>\n<!-- \/ Yoast SEO plugin. -->","yoast_head_json":{"title":"12-Slanted Adata Mikropigmentacijai","description":"12-Slanted Adata Mikropigmentacijai","robots":{"index":"index","follow":"follow","max-snippet":"max-snippet:-1","max-image-preview":"max-image-preview:large","max-video-preview":"max-video-preview:-1"},"canonical":"https:\/\/sandrapermanentmakeup.co.uk\/shop\/12-disposable-microblading-needle\/","og_locale":"lt_LT","og_type":"article","og_title":"12-Slanted Adata Mikropigmentacijai","og_description":"12-Slanted Adata Mikropigmentacijai","og_url":"https:\/\/sandrapermanentmakeup.co.uk\/shop\/12-disposable-microblading-needle\/","og_site_name":"Semi Permanent Makeup by Sandra Opul | No1 in Microblading","article_modified_time":"2023-02-02T11:09:29+00:00","og_image":[{"width":600,"height":600,"url":"https:\/\/sandrapermanentmakeup.co.uk\/wp-content\/uploads\/2019\/05\/12-Slanted-Disposable-Microblading-Needle.jpg","type":"image\/jpeg"}],"twitter_card":"summary_large_image","schema":{"@context":"https:\/\/schema.org","@graph":[{"@type":"WebPage","@id":"https:\/\/sandrapermanentmakeup.co.uk\/shop\/12-disposable-microblading-needle\/","url":"https:\/\/sandrapermanentmakeup.co.uk\/shop\/12-disposable-microblading-needle\/","name":"12-Slanted Adata Mikropigmentacijai","isPartOf":{"@id":"https:\/\/sandrapermanentmakeup.co.uk\/#website"},"primaryImageOfPage":{"@id":"https:\/\/sandrapermanentmakeup.co.uk\/shop\/12-disposable-microblading-needle\/#primaryimage"},"image":{"@id":"https:\/\/sandrapermanentmakeup.co.uk\/shop\/12-disposable-microblading-needle\/#primaryimage"},"thumbnailUrl":"https:\/\/sandrapermanentmakeup.co.uk\/wp-content\/uploads\/2019\/05\/12-Slanted-Disposable-Microblading-Needle.jpg","datePublished":"2019-05-26T11:36:18+00:00","dateModified":"2023-02-02T11:09:29+00:00","description":"12-Slanted Adata Mikropigmentacijai","breadcrumb":{"@id":"https:\/\/sandrapermanentmakeup.co.uk\/shop\/12-disposable-microblading-needle\/#breadcrumb"},"inLanguage":"lt-LT","potentialAction":[{"@type":"ReadAction","target":["https:\/\/sandrapermanentmakeup.co.uk\/shop\/12-disposable-microblading-needle\/"]}]},{"@type":"ImageObject","inLanguage":"lt-LT","@id":"https:\/\/sandrapermanentmakeup.co.uk\/shop\/12-disposable-microblading-needle\/#primaryimage","url":"https:\/\/sandrapermanentmakeup.co.uk\/wp-content\/uploads\/2019\/05\/12-Slanted-Disposable-Microblading-Needle.jpg","contentUrl":"https:\/\/sandrapermanentmakeup.co.uk\/wp-content\/uploads\/2019\/05\/12-Slanted-Disposable-Microblading-Needle.jpg","width":600,"height":600,"caption":"12-Slanted Adata Mikropigmentacijai"},{"@type":"BreadcrumbList","@id":"https:\/\/sandrapermanentmakeup.co.uk\/shop\/12-disposable-microblading-needle\/#breadcrumb","itemListElement":[{"@type":"ListItem","position":1,"name":"Home","item":"https:\/\/sandrapermanentmakeup.co.uk\/lt\/"},{"@type":"ListItem","position":2,"name":"e-Parduotuv\u0117","item":"https:\/\/sandrapermanentmakeup.co.uk\/lt\/shop\/"},{"@type":"ListItem","position":3,"name":"12-Slanted Adata Mikropigmentacijai"}]},{"@type":"WebSite","@id":"https:\/\/sandrapermanentmakeup.co.uk\/#website","url":"https:\/\/sandrapermanentmakeup.co.uk\/","name":"Semi Permanent Makeup by Sandra Opul | No1 in Microblading","description":"","potentialAction":[{"@type":"SearchAction","target":{"@type":"EntryPoint","urlTemplate":"https:\/\/sandrapermanentmakeup.co.uk\/?s={search_term_string}"},"query-input":{"@type":"PropertyValueSpecification","valueRequired":true,"valueName":"search_term_string"}}],"inLanguage":"lt-LT"}]}},"_links":{"self":[{"href":"https:\/\/sandrapermanentmakeup.co.uk\/lt\/wp-json\/wp\/v2\/product\/2329","targetHints":{"allow":["GET"]}}],"collection":[{"href":"https:\/\/sandrapermanentmakeup.co.uk\/lt\/wp-json\/wp\/v2\/product"}],"about":[{"href":"https:\/\/sandrapermanentmakeup.co.uk\/lt\/wp-json\/wp\/v2\/types\/product"}],"wp:featuredmedia":[{"embeddable":true,"href":"https:\/\/sandrapermanentmakeup.co.uk\/lt\/wp-json\/wp\/v2\/media\/1406"}],"wp:attachment":[{"href":"https:\/\/sandrapermanentmakeup.co.uk\/lt\/wp-json\/wp\/v2\/media?parent=2329"}],"wp:term":[{"taxonomy":"product_brand","embeddable":true,"href":"https:\/\/sandrapermanentmakeup.co.uk\/lt\/wp-json\/wp\/v2\/product_brand?post=2329"},{"taxonomy":"product_cat","embeddable":true,"href":"https:\/\/sandrapermanentmakeup.co.uk\/lt\/wp-json\/wp\/v2\/product_cat?post=2329"},{"taxonomy":"product_tag","embeddable":true,"href":"https:\/\/sandrapermanentmakeup.co.uk\/lt\/wp-json\/wp\/v2\/product_tag?post=2329"}],"curies":[{"name":"wp","href":"https:\/\/api.w.org\/{rel}","templated":true}]}}