{"id":2322,"date":"2019-05-26T10:14:07","date_gmt":"2019-05-26T10:14:07","guid":{"rendered":"https:\/\/sandrapermanentmakeup.co.uk\/shop\/14-pin-slant-adatos\/"},"modified":"2022-11-04T14:20:17","modified_gmt":"2022-11-04T14:20:17","slug":"14-pin-slant-adatos","status":"publish","type":"product","link":"https:\/\/sandrapermanentmakeup.co.uk\/lt\/shop\/14-pin-slant-adatos\/","title":{"rendered":"14 Pin Slant Adatos"},"content":{"rendered":"<h2>14 Pin Slant Adatos Mikropigmentacijai<\/h2>\n<ul>\n<li>Geriausios kokyb\u0117s adatos mikropigmentacijai pagamintos i\u0161 medicininio ner\u016bdyjan\u010dio metalo.<\/li>\n<li>Sterilioje pakuot\u0117je, u\u017etikrina saugi\u0105 ir higieni\u0161k\u0105 proced\u016br\u0105.<\/li>\n<li>Adatos skirtos vienkartiniam naudojimui<\/li>\n<li>Labai a\u0161trios, sukuria ypa\u010d plonas linijas<\/li>\n<li>10 vnt.<\/li>\n<\/ul>\n","protected":false},"excerpt":{"rendered":"<p>14 Pin Slant Adatos Mikropigmentacijai Geriausios kokyb\u0117s adatos mikropigmentacijai pagamintos i\u0161 medicininio ner\u016bdyjan\u010dio metalo. Sterilioje pakuot\u0117je, u\u017etikrina saugi\u0105 ir higieni\u0161k\u0105 proced\u016br\u0105. Adatos skirtos vienkartiniam naudojimui Labai a\u0161trios, sukuria ypa\u010d plonas linijas 10 vnt.<\/p>\n","protected":false},"featured_media":1607,"template":"","meta":{"_acf_changed":false},"product_brand":[],"product_cat":[28],"product_tag":[],"class_list":{"0":"post-2322","1":"product","2":"type-product","3":"status-publish","4":"has-post-thumbnail","6":"product_cat-microblading-irankiai","8":"first","9":"outofstock","10":"shipping-taxable","11":"purchasable","12":"product-type-simple"},"acf":[],"yoast_head":"<!-- This site is optimized with the Yoast SEO plugin v25.8 - https:\/\/yoast.com\/wordpress\/plugins\/seo\/ -->\n<title>14 Pin Slant Adatos<\/title>\n<meta name=\"description\" content=\"14 Pin Slant Adatos\" \/>\n<meta name=\"robots\" content=\"index, follow, max-snippet:-1, max-image-preview:large, max-video-preview:-1\" \/>\n<link rel=\"canonical\" href=\"https:\/\/sandrapermanentmakeup.co.uk\/shop\/microblading-needles\/\" \/>\n<meta property=\"og:locale\" content=\"lt_LT\" \/>\n<meta property=\"og:type\" content=\"article\" \/>\n<meta property=\"og:title\" content=\"14 Pin Slant Adatos\" \/>\n<meta property=\"og:description\" content=\"14 Pin Slant Adatos\" \/>\n<meta property=\"og:url\" content=\"https:\/\/sandrapermanentmakeup.co.uk\/shop\/microblading-needles\/\" \/>\n<meta property=\"og:site_name\" content=\"Semi Permanent Makeup by Sandra Opul | No1 in Microblading\" \/>\n<meta property=\"article:modified_time\" content=\"2022-11-04T14:20:17+00:00\" \/>\n<meta property=\"og:image\" content=\"https:\/\/sandrapermanentmakeup.co.uk\/wp-content\/uploads\/2019\/05\/14pin-flexy-needles.jpg\" \/>\n\t<meta property=\"og:image:width\" content=\"300\" \/>\n\t<meta property=\"og:image:height\" content=\"229\" \/>\n\t<meta property=\"og:image:type\" content=\"image\/jpeg\" \/>\n<meta name=\"twitter:card\" content=\"summary_large_image\" \/>\n<script type=\"application\/ld+json\" class=\"yoast-schema-graph\">{\"@context\":\"https:\/\/schema.org\",\"@graph\":[{\"@type\":\"WebPage\",\"@id\":\"https:\/\/sandrapermanentmakeup.co.uk\/shop\/microblading-needles\/\",\"url\":\"https:\/\/sandrapermanentmakeup.co.uk\/shop\/microblading-needles\/\",\"name\":\"14 Pin Slant Adatos\",\"isPartOf\":{\"@id\":\"https:\/\/sandrapermanentmakeup.co.uk\/#website\"},\"primaryImageOfPage\":{\"@id\":\"https:\/\/sandrapermanentmakeup.co.uk\/shop\/microblading-needles\/#primaryimage\"},\"image\":{\"@id\":\"https:\/\/sandrapermanentmakeup.co.uk\/shop\/microblading-needles\/#primaryimage\"},\"thumbnailUrl\":\"https:\/\/sandrapermanentmakeup.co.uk\/wp-content\/uploads\/2019\/05\/14pin-flexy-needles.jpg\",\"datePublished\":\"2019-05-26T10:14:07+00:00\",\"dateModified\":\"2022-11-04T14:20:17+00:00\",\"description\":\"14 Pin Slant Adatos\",\"breadcrumb\":{\"@id\":\"https:\/\/sandrapermanentmakeup.co.uk\/shop\/microblading-needles\/#breadcrumb\"},\"inLanguage\":\"lt-LT\",\"potentialAction\":[{\"@type\":\"ReadAction\",\"target\":[\"https:\/\/sandrapermanentmakeup.co.uk\/shop\/microblading-needles\/\"]}]},{\"@type\":\"ImageObject\",\"inLanguage\":\"lt-LT\",\"@id\":\"https:\/\/sandrapermanentmakeup.co.uk\/shop\/microblading-needles\/#primaryimage\",\"url\":\"https:\/\/sandrapermanentmakeup.co.uk\/wp-content\/uploads\/2019\/05\/14pin-flexy-needles.jpg\",\"contentUrl\":\"https:\/\/sandrapermanentmakeup.co.uk\/wp-content\/uploads\/2019\/05\/14pin-flexy-needles.jpg\",\"width\":300,\"height\":229,\"caption\":\"14 Pin Slant Adatos\"},{\"@type\":\"BreadcrumbList\",\"@id\":\"https:\/\/sandrapermanentmakeup.co.uk\/shop\/microblading-needles\/#breadcrumb\",\"itemListElement\":[{\"@type\":\"ListItem\",\"position\":1,\"name\":\"Home\",\"item\":\"https:\/\/sandrapermanentmakeup.co.uk\/lt\/\"},{\"@type\":\"ListItem\",\"position\":2,\"name\":\"e-Parduotuv\u0117\",\"item\":\"https:\/\/sandrapermanentmakeup.co.uk\/lt\/shop\/\"},{\"@type\":\"ListItem\",\"position\":3,\"name\":\"14 Pin Slant Adatos\"}]},{\"@type\":\"WebSite\",\"@id\":\"https:\/\/sandrapermanentmakeup.co.uk\/#website\",\"url\":\"https:\/\/sandrapermanentmakeup.co.uk\/\",\"name\":\"Semi Permanent Makeup by Sandra Opul | No1 in Microblading\",\"description\":\"\",\"potentialAction\":[{\"@type\":\"SearchAction\",\"target\":{\"@type\":\"EntryPoint\",\"urlTemplate\":\"https:\/\/sandrapermanentmakeup.co.uk\/?s={search_term_string}\"},\"query-input\":{\"@type\":\"PropertyValueSpecification\",\"valueRequired\":true,\"valueName\":\"search_term_string\"}}],\"inLanguage\":\"lt-LT\"}]}<\/script>\n<!-- \/ Yoast SEO plugin. -->","yoast_head_json":{"title":"14 Pin Slant Adatos","description":"14 Pin Slant Adatos","robots":{"index":"index","follow":"follow","max-snippet":"max-snippet:-1","max-image-preview":"max-image-preview:large","max-video-preview":"max-video-preview:-1"},"canonical":"https:\/\/sandrapermanentmakeup.co.uk\/shop\/microblading-needles\/","og_locale":"lt_LT","og_type":"article","og_title":"14 Pin Slant Adatos","og_description":"14 Pin Slant Adatos","og_url":"https:\/\/sandrapermanentmakeup.co.uk\/shop\/microblading-needles\/","og_site_name":"Semi Permanent Makeup by Sandra Opul | No1 in Microblading","article_modified_time":"2022-11-04T14:20:17+00:00","og_image":[{"width":300,"height":229,"url":"https:\/\/sandrapermanentmakeup.co.uk\/wp-content\/uploads\/2019\/05\/14pin-flexy-needles.jpg","type":"image\/jpeg"}],"twitter_card":"summary_large_image","schema":{"@context":"https:\/\/schema.org","@graph":[{"@type":"WebPage","@id":"https:\/\/sandrapermanentmakeup.co.uk\/shop\/microblading-needles\/","url":"https:\/\/sandrapermanentmakeup.co.uk\/shop\/microblading-needles\/","name":"14 Pin Slant Adatos","isPartOf":{"@id":"https:\/\/sandrapermanentmakeup.co.uk\/#website"},"primaryImageOfPage":{"@id":"https:\/\/sandrapermanentmakeup.co.uk\/shop\/microblading-needles\/#primaryimage"},"image":{"@id":"https:\/\/sandrapermanentmakeup.co.uk\/shop\/microblading-needles\/#primaryimage"},"thumbnailUrl":"https:\/\/sandrapermanentmakeup.co.uk\/wp-content\/uploads\/2019\/05\/14pin-flexy-needles.jpg","datePublished":"2019-05-26T10:14:07+00:00","dateModified":"2022-11-04T14:20:17+00:00","description":"14 Pin Slant Adatos","breadcrumb":{"@id":"https:\/\/sandrapermanentmakeup.co.uk\/shop\/microblading-needles\/#breadcrumb"},"inLanguage":"lt-LT","potentialAction":[{"@type":"ReadAction","target":["https:\/\/sandrapermanentmakeup.co.uk\/shop\/microblading-needles\/"]}]},{"@type":"ImageObject","inLanguage":"lt-LT","@id":"https:\/\/sandrapermanentmakeup.co.uk\/shop\/microblading-needles\/#primaryimage","url":"https:\/\/sandrapermanentmakeup.co.uk\/wp-content\/uploads\/2019\/05\/14pin-flexy-needles.jpg","contentUrl":"https:\/\/sandrapermanentmakeup.co.uk\/wp-content\/uploads\/2019\/05\/14pin-flexy-needles.jpg","width":300,"height":229,"caption":"14 Pin Slant Adatos"},{"@type":"BreadcrumbList","@id":"https:\/\/sandrapermanentmakeup.co.uk\/shop\/microblading-needles\/#breadcrumb","itemListElement":[{"@type":"ListItem","position":1,"name":"Home","item":"https:\/\/sandrapermanentmakeup.co.uk\/lt\/"},{"@type":"ListItem","position":2,"name":"e-Parduotuv\u0117","item":"https:\/\/sandrapermanentmakeup.co.uk\/lt\/shop\/"},{"@type":"ListItem","position":3,"name":"14 Pin Slant Adatos"}]},{"@type":"WebSite","@id":"https:\/\/sandrapermanentmakeup.co.uk\/#website","url":"https:\/\/sandrapermanentmakeup.co.uk\/","name":"Semi Permanent Makeup by Sandra Opul | No1 in Microblading","description":"","potentialAction":[{"@type":"SearchAction","target":{"@type":"EntryPoint","urlTemplate":"https:\/\/sandrapermanentmakeup.co.uk\/?s={search_term_string}"},"query-input":{"@type":"PropertyValueSpecification","valueRequired":true,"valueName":"search_term_string"}}],"inLanguage":"lt-LT"}]}},"_links":{"self":[{"href":"https:\/\/sandrapermanentmakeup.co.uk\/lt\/wp-json\/wp\/v2\/product\/2322","targetHints":{"allow":["GET"]}}],"collection":[{"href":"https:\/\/sandrapermanentmakeup.co.uk\/lt\/wp-json\/wp\/v2\/product"}],"about":[{"href":"https:\/\/sandrapermanentmakeup.co.uk\/lt\/wp-json\/wp\/v2\/types\/product"}],"wp:featuredmedia":[{"embeddable":true,"href":"https:\/\/sandrapermanentmakeup.co.uk\/lt\/wp-json\/wp\/v2\/media\/1607"}],"wp:attachment":[{"href":"https:\/\/sandrapermanentmakeup.co.uk\/lt\/wp-json\/wp\/v2\/media?parent=2322"}],"wp:term":[{"taxonomy":"product_brand","embeddable":true,"href":"https:\/\/sandrapermanentmakeup.co.uk\/lt\/wp-json\/wp\/v2\/product_brand?post=2322"},{"taxonomy":"product_cat","embeddable":true,"href":"https:\/\/sandrapermanentmakeup.co.uk\/lt\/wp-json\/wp\/v2\/product_cat?post=2322"},{"taxonomy":"product_tag","embeddable":true,"href":"https:\/\/sandrapermanentmakeup.co.uk\/lt\/wp-json\/wp\/v2\/product_tag?post=2322"}],"curies":[{"name":"wp","href":"https:\/\/api.w.org\/{rel}","templated":true}]}}