{"id":2320,"date":"2019-04-19T08:47:13","date_gmt":"2019-04-19T08:47:13","guid":{"rendered":"https:\/\/sandrapermanentmakeup.co.uk\/shop\/16-pin-seseliavimo-irankis-su-2-eilutemis-adatoms\/"},"modified":"2022-06-15T18:17:10","modified_gmt":"2022-06-15T18:17:10","slug":"16-pin-seseliavimo-irankis-su-2-eilutemis-adatoms","status":"publish","type":"product","link":"https:\/\/sandrapermanentmakeup.co.uk\/lt\/shop\/16-pin-seseliavimo-irankis-su-2-eilutemis-adatoms\/","title":{"rendered":"16 Pin \u0160e\u0161\u0117liavimo \u012frankis su 2 eilut\u0117mis adatoms"},"content":{"rendered":"<h2>16 Pin \u0160e\u0161\u0117liavimo \u012frankis su 2 eilut\u0117mis adatoms<\/h2>\n<p>&nbsp;<\/p>\n<ul>\n<li>Vienkartinis<\/li>\n<li>Labai a\u0161trus<\/li>\n<li>Tinka antaki\u0173 \u0161e\u0161\u0117liavimui<\/li>\n<li>Prakti\u0161kas<\/li>\n<li>Naudojamas mikropigmentacijoje<\/li>\n<\/ul>\n<p>&nbsp;<\/p>\n<p>&nbsp;<\/p>\n","protected":false},"excerpt":{"rendered":"<p>16 Pin \u0160e\u0161\u0117liavimo \u012frankis su 2 eilut\u0117mis adatoms &nbsp; Vienkartinis Labai a\u0161trus Tinka antaki\u0173 \u0161e\u0161\u0117liavimui Prakti\u0161kas Naudojamas mikropigmentacijoje &nbsp; &nbsp;<\/p>\n","protected":false},"featured_media":2296,"template":"","meta":{"_acf_changed":false},"product_brand":[],"product_cat":[28],"product_tag":[],"class_list":{"0":"post-2320","1":"product","2":"type-product","3":"status-publish","4":"has-post-thumbnail","6":"product_cat-microblading-irankiai","8":"first","9":"instock","10":"shipping-taxable","11":"purchasable","12":"product-type-simple"},"acf":[],"yoast_head":"<!-- This site is optimized with the Yoast SEO plugin v25.8 - https:\/\/yoast.com\/wordpress\/plugins\/seo\/ -->\n<title>16 Pin \u0160e\u0161\u0117liavimo \u012frankis<\/title>\n<meta name=\"description\" content=\"16 Pin \u0160e\u0161\u0117liavimo \u012frankis su 2 eilut\u0117mis adatoms\" \/>\n<meta name=\"robots\" content=\"index, follow, max-snippet:-1, max-image-preview:large, max-video-preview:-1\" \/>\n<link rel=\"canonical\" href=\"https:\/\/sandrapermanentmakeup.co.uk\/shop\/microblading-shading-tool\/\" \/>\n<meta property=\"og:locale\" content=\"lt_LT\" \/>\n<meta property=\"og:type\" content=\"article\" \/>\n<meta property=\"og:title\" content=\"16 Pin \u0160e\u0161\u0117liavimo \u012frankis\" \/>\n<meta property=\"og:description\" content=\"16 Pin \u0160e\u0161\u0117liavimo \u012frankis su 2 eilut\u0117mis adatoms\" \/>\n<meta property=\"og:url\" content=\"https:\/\/sandrapermanentmakeup.co.uk\/shop\/microblading-shading-tool\/\" \/>\n<meta property=\"og:site_name\" content=\"Semi Permanent Makeup by Sandra Opul | No1 in Microblading\" \/>\n<meta property=\"article:modified_time\" content=\"2022-06-15T18:17:10+00:00\" \/>\n<meta property=\"og:image\" content=\"https:\/\/sandrapermanentmakeup.co.uk\/wp-content\/uploads\/2019\/04\/16pin-microblading-shading-tool-1.jpg\" \/>\n\t<meta property=\"og:image:width\" content=\"280\" \/>\n\t<meta property=\"og:image:height\" content=\"296\" \/>\n\t<meta property=\"og:image:type\" content=\"image\/jpeg\" \/>\n<meta name=\"twitter:card\" content=\"summary_large_image\" \/>\n<script type=\"application\/ld+json\" class=\"yoast-schema-graph\">{\"@context\":\"https:\/\/schema.org\",\"@graph\":[{\"@type\":\"WebPage\",\"@id\":\"https:\/\/sandrapermanentmakeup.co.uk\/shop\/microblading-shading-tool\/\",\"url\":\"https:\/\/sandrapermanentmakeup.co.uk\/shop\/microblading-shading-tool\/\",\"name\":\"16 Pin \u0160e\u0161\u0117liavimo \u012frankis\",\"isPartOf\":{\"@id\":\"https:\/\/sandrapermanentmakeup.co.uk\/#website\"},\"primaryImageOfPage\":{\"@id\":\"https:\/\/sandrapermanentmakeup.co.uk\/shop\/microblading-shading-tool\/#primaryimage\"},\"image\":{\"@id\":\"https:\/\/sandrapermanentmakeup.co.uk\/shop\/microblading-shading-tool\/#primaryimage\"},\"thumbnailUrl\":\"https:\/\/sandrapermanentmakeup.co.uk\/wp-content\/uploads\/2019\/04\/16pin-microblading-shading-tool-1.jpg\",\"datePublished\":\"2019-04-19T08:47:13+00:00\",\"dateModified\":\"2022-06-15T18:17:10+00:00\",\"description\":\"16 Pin \u0160e\u0161\u0117liavimo \u012frankis su 2 eilut\u0117mis adatoms\",\"breadcrumb\":{\"@id\":\"https:\/\/sandrapermanentmakeup.co.uk\/shop\/microblading-shading-tool\/#breadcrumb\"},\"inLanguage\":\"lt-LT\",\"potentialAction\":[{\"@type\":\"ReadAction\",\"target\":[\"https:\/\/sandrapermanentmakeup.co.uk\/shop\/microblading-shading-tool\/\"]}]},{\"@type\":\"ImageObject\",\"inLanguage\":\"lt-LT\",\"@id\":\"https:\/\/sandrapermanentmakeup.co.uk\/shop\/microblading-shading-tool\/#primaryimage\",\"url\":\"https:\/\/sandrapermanentmakeup.co.uk\/wp-content\/uploads\/2019\/04\/16pin-microblading-shading-tool-1.jpg\",\"contentUrl\":\"https:\/\/sandrapermanentmakeup.co.uk\/wp-content\/uploads\/2019\/04\/16pin-microblading-shading-tool-1.jpg\",\"width\":280,\"height\":296,\"caption\":\"16 Pin \u0160e\u0161\u0117liavimo \u012frankis su 2 eilut\u0117mis adatoms\"},{\"@type\":\"BreadcrumbList\",\"@id\":\"https:\/\/sandrapermanentmakeup.co.uk\/shop\/microblading-shading-tool\/#breadcrumb\",\"itemListElement\":[{\"@type\":\"ListItem\",\"position\":1,\"name\":\"Home\",\"item\":\"https:\/\/sandrapermanentmakeup.co.uk\/lt\/\"},{\"@type\":\"ListItem\",\"position\":2,\"name\":\"e-Parduotuv\u0117\",\"item\":\"https:\/\/sandrapermanentmakeup.co.uk\/lt\/shop\/\"},{\"@type\":\"ListItem\",\"position\":3,\"name\":\"16 Pin \u0160e\u0161\u0117liavimo \u012frankis su 2 eilut\u0117mis adatoms\"}]},{\"@type\":\"WebSite\",\"@id\":\"https:\/\/sandrapermanentmakeup.co.uk\/#website\",\"url\":\"https:\/\/sandrapermanentmakeup.co.uk\/\",\"name\":\"Semi Permanent Makeup by Sandra Opul | No1 in Microblading\",\"description\":\"\",\"potentialAction\":[{\"@type\":\"SearchAction\",\"target\":{\"@type\":\"EntryPoint\",\"urlTemplate\":\"https:\/\/sandrapermanentmakeup.co.uk\/?s={search_term_string}\"},\"query-input\":{\"@type\":\"PropertyValueSpecification\",\"valueRequired\":true,\"valueName\":\"search_term_string\"}}],\"inLanguage\":\"lt-LT\"}]}<\/script>\n<!-- \/ Yoast SEO plugin. -->","yoast_head_json":{"title":"16 Pin \u0160e\u0161\u0117liavimo \u012frankis","description":"16 Pin \u0160e\u0161\u0117liavimo \u012frankis su 2 eilut\u0117mis adatoms","robots":{"index":"index","follow":"follow","max-snippet":"max-snippet:-1","max-image-preview":"max-image-preview:large","max-video-preview":"max-video-preview:-1"},"canonical":"https:\/\/sandrapermanentmakeup.co.uk\/shop\/microblading-shading-tool\/","og_locale":"lt_LT","og_type":"article","og_title":"16 Pin \u0160e\u0161\u0117liavimo \u012frankis","og_description":"16 Pin \u0160e\u0161\u0117liavimo \u012frankis su 2 eilut\u0117mis adatoms","og_url":"https:\/\/sandrapermanentmakeup.co.uk\/shop\/microblading-shading-tool\/","og_site_name":"Semi Permanent Makeup by Sandra Opul | No1 in Microblading","article_modified_time":"2022-06-15T18:17:10+00:00","og_image":[{"width":280,"height":296,"url":"https:\/\/sandrapermanentmakeup.co.uk\/wp-content\/uploads\/2019\/04\/16pin-microblading-shading-tool-1.jpg","type":"image\/jpeg"}],"twitter_card":"summary_large_image","schema":{"@context":"https:\/\/schema.org","@graph":[{"@type":"WebPage","@id":"https:\/\/sandrapermanentmakeup.co.uk\/shop\/microblading-shading-tool\/","url":"https:\/\/sandrapermanentmakeup.co.uk\/shop\/microblading-shading-tool\/","name":"16 Pin \u0160e\u0161\u0117liavimo \u012frankis","isPartOf":{"@id":"https:\/\/sandrapermanentmakeup.co.uk\/#website"},"primaryImageOfPage":{"@id":"https:\/\/sandrapermanentmakeup.co.uk\/shop\/microblading-shading-tool\/#primaryimage"},"image":{"@id":"https:\/\/sandrapermanentmakeup.co.uk\/shop\/microblading-shading-tool\/#primaryimage"},"thumbnailUrl":"https:\/\/sandrapermanentmakeup.co.uk\/wp-content\/uploads\/2019\/04\/16pin-microblading-shading-tool-1.jpg","datePublished":"2019-04-19T08:47:13+00:00","dateModified":"2022-06-15T18:17:10+00:00","description":"16 Pin \u0160e\u0161\u0117liavimo \u012frankis su 2 eilut\u0117mis adatoms","breadcrumb":{"@id":"https:\/\/sandrapermanentmakeup.co.uk\/shop\/microblading-shading-tool\/#breadcrumb"},"inLanguage":"lt-LT","potentialAction":[{"@type":"ReadAction","target":["https:\/\/sandrapermanentmakeup.co.uk\/shop\/microblading-shading-tool\/"]}]},{"@type":"ImageObject","inLanguage":"lt-LT","@id":"https:\/\/sandrapermanentmakeup.co.uk\/shop\/microblading-shading-tool\/#primaryimage","url":"https:\/\/sandrapermanentmakeup.co.uk\/wp-content\/uploads\/2019\/04\/16pin-microblading-shading-tool-1.jpg","contentUrl":"https:\/\/sandrapermanentmakeup.co.uk\/wp-content\/uploads\/2019\/04\/16pin-microblading-shading-tool-1.jpg","width":280,"height":296,"caption":"16 Pin \u0160e\u0161\u0117liavimo \u012frankis su 2 eilut\u0117mis adatoms"},{"@type":"BreadcrumbList","@id":"https:\/\/sandrapermanentmakeup.co.uk\/shop\/microblading-shading-tool\/#breadcrumb","itemListElement":[{"@type":"ListItem","position":1,"name":"Home","item":"https:\/\/sandrapermanentmakeup.co.uk\/lt\/"},{"@type":"ListItem","position":2,"name":"e-Parduotuv\u0117","item":"https:\/\/sandrapermanentmakeup.co.uk\/lt\/shop\/"},{"@type":"ListItem","position":3,"name":"16 Pin \u0160e\u0161\u0117liavimo \u012frankis su 2 eilut\u0117mis adatoms"}]},{"@type":"WebSite","@id":"https:\/\/sandrapermanentmakeup.co.uk\/#website","url":"https:\/\/sandrapermanentmakeup.co.uk\/","name":"Semi Permanent Makeup by Sandra Opul | No1 in Microblading","description":"","potentialAction":[{"@type":"SearchAction","target":{"@type":"EntryPoint","urlTemplate":"https:\/\/sandrapermanentmakeup.co.uk\/?s={search_term_string}"},"query-input":{"@type":"PropertyValueSpecification","valueRequired":true,"valueName":"search_term_string"}}],"inLanguage":"lt-LT"}]}},"_links":{"self":[{"href":"https:\/\/sandrapermanentmakeup.co.uk\/lt\/wp-json\/wp\/v2\/product\/2320","targetHints":{"allow":["GET"]}}],"collection":[{"href":"https:\/\/sandrapermanentmakeup.co.uk\/lt\/wp-json\/wp\/v2\/product"}],"about":[{"href":"https:\/\/sandrapermanentmakeup.co.uk\/lt\/wp-json\/wp\/v2\/types\/product"}],"wp:featuredmedia":[{"embeddable":true,"href":"https:\/\/sandrapermanentmakeup.co.uk\/lt\/wp-json\/wp\/v2\/media\/2296"}],"wp:attachment":[{"href":"https:\/\/sandrapermanentmakeup.co.uk\/lt\/wp-json\/wp\/v2\/media?parent=2320"}],"wp:term":[{"taxonomy":"product_brand","embeddable":true,"href":"https:\/\/sandrapermanentmakeup.co.uk\/lt\/wp-json\/wp\/v2\/product_brand?post=2320"},{"taxonomy":"product_cat","embeddable":true,"href":"https:\/\/sandrapermanentmakeup.co.uk\/lt\/wp-json\/wp\/v2\/product_cat?post=2320"},{"taxonomy":"product_tag","embeddable":true,"href":"https:\/\/sandrapermanentmakeup.co.uk\/lt\/wp-json\/wp\/v2\/product_tag?post=2320"}],"curies":[{"name":"wp","href":"https:\/\/api.w.org\/{rel}","templated":true}]}}