{"id":2318,"date":"2019-05-26T11:53:33","date_gmt":"2019-05-26T11:53:33","guid":{"rendered":"https:\/\/sandrapermanentmakeup.co.uk\/shop\/dvigubas-seseliavimo-irankis\/"},"modified":"2023-02-27T14:01:01","modified_gmt":"2023-02-27T14:01:01","slug":"dvigubas-seseliavimo-irankis","status":"publish","type":"product","link":"https:\/\/sandrapermanentmakeup.co.uk\/lt\/shop\/dvigubas-seseliavimo-irankis\/","title":{"rendered":"Dvigubas \u0160e\u0161\u0117liavimo \u012frankis #8 DOUBLE #3 ROUND"},"content":{"rendered":"<h2>Vienkartinis Dvigubas \u0160e\u0161\u0117liavimo \u012frankis #8 DOUBLE #3 ROUND<\/h2>\n<p>&nbsp;<\/p>\n<p>Skirtas Ombre antaki\u0173 k\u016brimui.<\/p>\n<p>Viena pus\u0117 naudojama antaki\u0173 \u0161e\u0161\u0117liavimui, kita pus\u0117 atlieka mikropigmentacijos technik\u0105.<\/p>\n","protected":false},"excerpt":{"rendered":"<p>Vienkartinis Dvigubas \u0160e\u0161\u0117liavimo \u012frankis #8 DOUBLE #3 ROUND &nbsp; Skirtas Ombre antaki\u0173 k\u016brimui. Viena pus\u0117 naudojama antaki\u0173 \u0161e\u0161\u0117liavimui, kita pus\u0117 atlieka mikropigmentacijos technik\u0105.<\/p>\n","protected":false},"featured_media":1597,"template":"","meta":{"_acf_changed":false},"product_brand":[],"product_cat":[28],"product_tag":[],"class_list":{"0":"post-2318","1":"product","2":"type-product","3":"status-publish","4":"has-post-thumbnail","6":"product_cat-microblading-irankiai","8":"first","9":"instock","10":"shipping-taxable","11":"purchasable","12":"product-type-simple"},"acf":[],"yoast_head":"<!-- This site is optimized with the Yoast SEO plugin v25.8 - https:\/\/yoast.com\/wordpress\/plugins\/seo\/ -->\n<title>Dvigubas \u0160e\u0161\u0117liavimo \u012frankis<\/title>\n<meta name=\"description\" content=\"Dvigubas \u0160e\u0161\u0117liavimo \u012frankis #8 DOUBLE #3 ROUND\" \/>\n<meta name=\"robots\" content=\"index, follow, max-snippet:-1, max-image-preview:large, max-video-preview:-1\" \/>\n<link rel=\"canonical\" href=\"https:\/\/sandrapermanentmakeup.co.uk\/shop\/disposable-manual-shading-tool\/\" \/>\n<meta property=\"og:locale\" content=\"lt_LT\" \/>\n<meta property=\"og:type\" content=\"article\" \/>\n<meta property=\"og:title\" content=\"Dvigubas \u0160e\u0161\u0117liavimo \u012frankis\" \/>\n<meta property=\"og:description\" content=\"Dvigubas \u0160e\u0161\u0117liavimo \u012frankis #8 DOUBLE #3 ROUND\" \/>\n<meta property=\"og:url\" content=\"https:\/\/sandrapermanentmakeup.co.uk\/shop\/disposable-manual-shading-tool\/\" \/>\n<meta property=\"og:site_name\" content=\"Semi Permanent Makeup by Sandra Opul | No1 in Microblading\" \/>\n<meta property=\"article:modified_time\" content=\"2023-02-27T14:01:01+00:00\" \/>\n<meta property=\"og:image\" content=\"https:\/\/sandrapermanentmakeup.co.uk\/wp-content\/uploads\/2019\/05\/83-1.jpg\" \/>\n\t<meta property=\"og:image:width\" content=\"290\" \/>\n\t<meta property=\"og:image:height\" content=\"284\" \/>\n\t<meta property=\"og:image:type\" content=\"image\/jpeg\" \/>\n<meta name=\"twitter:card\" content=\"summary_large_image\" \/>\n<script type=\"application\/ld+json\" class=\"yoast-schema-graph\">{\"@context\":\"https:\/\/schema.org\",\"@graph\":[{\"@type\":\"WebPage\",\"@id\":\"https:\/\/sandrapermanentmakeup.co.uk\/shop\/disposable-manual-shading-tool\/\",\"url\":\"https:\/\/sandrapermanentmakeup.co.uk\/shop\/disposable-manual-shading-tool\/\",\"name\":\"Dvigubas \u0160e\u0161\u0117liavimo \u012frankis\",\"isPartOf\":{\"@id\":\"https:\/\/sandrapermanentmakeup.co.uk\/#website\"},\"primaryImageOfPage\":{\"@id\":\"https:\/\/sandrapermanentmakeup.co.uk\/shop\/disposable-manual-shading-tool\/#primaryimage\"},\"image\":{\"@id\":\"https:\/\/sandrapermanentmakeup.co.uk\/shop\/disposable-manual-shading-tool\/#primaryimage\"},\"thumbnailUrl\":\"https:\/\/sandrapermanentmakeup.co.uk\/wp-content\/uploads\/2019\/05\/83-1.jpg\",\"datePublished\":\"2019-05-26T11:53:33+00:00\",\"dateModified\":\"2023-02-27T14:01:01+00:00\",\"description\":\"Dvigubas \u0160e\u0161\u0117liavimo \u012frankis #8 DOUBLE #3 ROUND\",\"breadcrumb\":{\"@id\":\"https:\/\/sandrapermanentmakeup.co.uk\/shop\/disposable-manual-shading-tool\/#breadcrumb\"},\"inLanguage\":\"lt-LT\",\"potentialAction\":[{\"@type\":\"ReadAction\",\"target\":[\"https:\/\/sandrapermanentmakeup.co.uk\/shop\/disposable-manual-shading-tool\/\"]}]},{\"@type\":\"ImageObject\",\"inLanguage\":\"lt-LT\",\"@id\":\"https:\/\/sandrapermanentmakeup.co.uk\/shop\/disposable-manual-shading-tool\/#primaryimage\",\"url\":\"https:\/\/sandrapermanentmakeup.co.uk\/wp-content\/uploads\/2019\/05\/83-1.jpg\",\"contentUrl\":\"https:\/\/sandrapermanentmakeup.co.uk\/wp-content\/uploads\/2019\/05\/83-1.jpg\",\"width\":290,\"height\":284,\"caption\":\"Dvigubas \u0160e\u0161\u0117liavimo \u012frankis #8 DOUBLE #3 ROUND\"},{\"@type\":\"BreadcrumbList\",\"@id\":\"https:\/\/sandrapermanentmakeup.co.uk\/shop\/disposable-manual-shading-tool\/#breadcrumb\",\"itemListElement\":[{\"@type\":\"ListItem\",\"position\":1,\"name\":\"Home\",\"item\":\"https:\/\/sandrapermanentmakeup.co.uk\/lt\/\"},{\"@type\":\"ListItem\",\"position\":2,\"name\":\"e-Parduotuv\u0117\",\"item\":\"https:\/\/sandrapermanentmakeup.co.uk\/lt\/shop\/\"},{\"@type\":\"ListItem\",\"position\":3,\"name\":\"Dvigubas \u0160e\u0161\u0117liavimo \u012frankis #8 DOUBLE #3 ROUND\"}]},{\"@type\":\"WebSite\",\"@id\":\"https:\/\/sandrapermanentmakeup.co.uk\/#website\",\"url\":\"https:\/\/sandrapermanentmakeup.co.uk\/\",\"name\":\"Semi Permanent Makeup by Sandra Opul | No1 in Microblading\",\"description\":\"\",\"potentialAction\":[{\"@type\":\"SearchAction\",\"target\":{\"@type\":\"EntryPoint\",\"urlTemplate\":\"https:\/\/sandrapermanentmakeup.co.uk\/?s={search_term_string}\"},\"query-input\":{\"@type\":\"PropertyValueSpecification\",\"valueRequired\":true,\"valueName\":\"search_term_string\"}}],\"inLanguage\":\"lt-LT\"}]}<\/script>\n<!-- \/ Yoast SEO plugin. -->","yoast_head_json":{"title":"Dvigubas \u0160e\u0161\u0117liavimo \u012frankis","description":"Dvigubas \u0160e\u0161\u0117liavimo \u012frankis #8 DOUBLE #3 ROUND","robots":{"index":"index","follow":"follow","max-snippet":"max-snippet:-1","max-image-preview":"max-image-preview:large","max-video-preview":"max-video-preview:-1"},"canonical":"https:\/\/sandrapermanentmakeup.co.uk\/shop\/disposable-manual-shading-tool\/","og_locale":"lt_LT","og_type":"article","og_title":"Dvigubas \u0160e\u0161\u0117liavimo \u012frankis","og_description":"Dvigubas \u0160e\u0161\u0117liavimo \u012frankis #8 DOUBLE #3 ROUND","og_url":"https:\/\/sandrapermanentmakeup.co.uk\/shop\/disposable-manual-shading-tool\/","og_site_name":"Semi Permanent Makeup by Sandra Opul | No1 in Microblading","article_modified_time":"2023-02-27T14:01:01+00:00","og_image":[{"width":290,"height":284,"url":"https:\/\/sandrapermanentmakeup.co.uk\/wp-content\/uploads\/2019\/05\/83-1.jpg","type":"image\/jpeg"}],"twitter_card":"summary_large_image","schema":{"@context":"https:\/\/schema.org","@graph":[{"@type":"WebPage","@id":"https:\/\/sandrapermanentmakeup.co.uk\/shop\/disposable-manual-shading-tool\/","url":"https:\/\/sandrapermanentmakeup.co.uk\/shop\/disposable-manual-shading-tool\/","name":"Dvigubas \u0160e\u0161\u0117liavimo \u012frankis","isPartOf":{"@id":"https:\/\/sandrapermanentmakeup.co.uk\/#website"},"primaryImageOfPage":{"@id":"https:\/\/sandrapermanentmakeup.co.uk\/shop\/disposable-manual-shading-tool\/#primaryimage"},"image":{"@id":"https:\/\/sandrapermanentmakeup.co.uk\/shop\/disposable-manual-shading-tool\/#primaryimage"},"thumbnailUrl":"https:\/\/sandrapermanentmakeup.co.uk\/wp-content\/uploads\/2019\/05\/83-1.jpg","datePublished":"2019-05-26T11:53:33+00:00","dateModified":"2023-02-27T14:01:01+00:00","description":"Dvigubas \u0160e\u0161\u0117liavimo \u012frankis #8 DOUBLE #3 ROUND","breadcrumb":{"@id":"https:\/\/sandrapermanentmakeup.co.uk\/shop\/disposable-manual-shading-tool\/#breadcrumb"},"inLanguage":"lt-LT","potentialAction":[{"@type":"ReadAction","target":["https:\/\/sandrapermanentmakeup.co.uk\/shop\/disposable-manual-shading-tool\/"]}]},{"@type":"ImageObject","inLanguage":"lt-LT","@id":"https:\/\/sandrapermanentmakeup.co.uk\/shop\/disposable-manual-shading-tool\/#primaryimage","url":"https:\/\/sandrapermanentmakeup.co.uk\/wp-content\/uploads\/2019\/05\/83-1.jpg","contentUrl":"https:\/\/sandrapermanentmakeup.co.uk\/wp-content\/uploads\/2019\/05\/83-1.jpg","width":290,"height":284,"caption":"Dvigubas \u0160e\u0161\u0117liavimo \u012frankis #8 DOUBLE #3 ROUND"},{"@type":"BreadcrumbList","@id":"https:\/\/sandrapermanentmakeup.co.uk\/shop\/disposable-manual-shading-tool\/#breadcrumb","itemListElement":[{"@type":"ListItem","position":1,"name":"Home","item":"https:\/\/sandrapermanentmakeup.co.uk\/lt\/"},{"@type":"ListItem","position":2,"name":"e-Parduotuv\u0117","item":"https:\/\/sandrapermanentmakeup.co.uk\/lt\/shop\/"},{"@type":"ListItem","position":3,"name":"Dvigubas \u0160e\u0161\u0117liavimo \u012frankis #8 DOUBLE #3 ROUND"}]},{"@type":"WebSite","@id":"https:\/\/sandrapermanentmakeup.co.uk\/#website","url":"https:\/\/sandrapermanentmakeup.co.uk\/","name":"Semi Permanent Makeup by Sandra Opul | No1 in Microblading","description":"","potentialAction":[{"@type":"SearchAction","target":{"@type":"EntryPoint","urlTemplate":"https:\/\/sandrapermanentmakeup.co.uk\/?s={search_term_string}"},"query-input":{"@type":"PropertyValueSpecification","valueRequired":true,"valueName":"search_term_string"}}],"inLanguage":"lt-LT"}]}},"_links":{"self":[{"href":"https:\/\/sandrapermanentmakeup.co.uk\/lt\/wp-json\/wp\/v2\/product\/2318","targetHints":{"allow":["GET"]}}],"collection":[{"href":"https:\/\/sandrapermanentmakeup.co.uk\/lt\/wp-json\/wp\/v2\/product"}],"about":[{"href":"https:\/\/sandrapermanentmakeup.co.uk\/lt\/wp-json\/wp\/v2\/types\/product"}],"wp:featuredmedia":[{"embeddable":true,"href":"https:\/\/sandrapermanentmakeup.co.uk\/lt\/wp-json\/wp\/v2\/media\/1597"}],"wp:attachment":[{"href":"https:\/\/sandrapermanentmakeup.co.uk\/lt\/wp-json\/wp\/v2\/media?parent=2318"}],"wp:term":[{"taxonomy":"product_brand","embeddable":true,"href":"https:\/\/sandrapermanentmakeup.co.uk\/lt\/wp-json\/wp\/v2\/product_brand?post=2318"},{"taxonomy":"product_cat","embeddable":true,"href":"https:\/\/sandrapermanentmakeup.co.uk\/lt\/wp-json\/wp\/v2\/product_cat?post=2318"},{"taxonomy":"product_tag","embeddable":true,"href":"https:\/\/sandrapermanentmakeup.co.uk\/lt\/wp-json\/wp\/v2\/product_tag?post=2318"}],"curies":[{"name":"wp","href":"https:\/\/api.w.org\/{rel}","templated":true}]}}