{"id":2317,"date":"2019-05-26T12:00:42","date_gmt":"2019-05-26T12:00:42","guid":{"rendered":"https:\/\/sandrapermanentmakeup.co.uk\/shop\/seseliavimo-irankis-36-double-5-round\/"},"modified":"2022-11-24T14:11:18","modified_gmt":"2022-11-24T14:11:18","slug":"seseliavimo-irankis-36-double-5-round","status":"publish","type":"product","link":"https:\/\/sandrapermanentmakeup.co.uk\/lt\/shop\/seseliavimo-irankis-36-double-5-round\/","title":{"rendered":"\u0160e\u0161\u0117liavimo \u012frankis #36 DOUBLE #5 ROUND"},"content":{"rendered":"<h2>Vienkartinis \u0161e\u0161\u0117liavimo \u012frankis #36 DOUBLE #5 ROUND<\/h2>\n<p>Su \u0161iuo \u0161e\u0161\u0117liavimo \u012frankiu sukursite tobulus Ombre antakius. Viena pus\u0117 yra skirta baziniam \u0161e\u0161\u0117liavimui, o kita yra pritaikyta dirbti su smulkiomis antaki\u0173 dalel\u0117mis.<\/p>\n<p>Kada yra atliekamas antaki\u0173 \u0161e\u0161\u0117liavimas?<\/p>\n<ul>\n<li>Kai yra ma\u017eai antaki\u0173 plaukeli\u0173 arba j\u0173 visai n\u0117ra.<\/li>\n<li>Kai antakiuose yra daug tu\u0161\u010di\u0173 tarp\u0173, kuriuos reikia u\u017epildyti.<\/li>\n<li>Kai klientai pageidauja ry\u0161kesni\u0173 antaki\u0173.<\/li>\n<\/ul>\n<p>&nbsp;<\/p>\n","protected":false},"excerpt":{"rendered":"<p>Vienkartinis \u0161e\u0161\u0117liavimo \u012frankis #36 DOUBLE #5 ROUND Su \u0161iuo \u0161e\u0161\u0117liavimo \u012frankiu sukursite tobulus Ombre antakius. Viena pus\u0117 yra skirta baziniam \u0161e\u0161\u0117liavimui, o kita yra pritaikyta dirbti su smulkiomis antaki\u0173 dalel\u0117mis. Kada yra atliekamas antaki\u0173 \u0161e\u0161\u0117liavimas? Kai yra ma\u017eai antaki\u0173 plaukeli\u0173 arba j\u0173 visai n\u0117ra. Kai antakiuose yra daug tu\u0161\u010di\u0173 tarp\u0173, kuriuos reikia u\u017epildyti. Kai klientai &hellip; <a href=\"https:\/\/sandrapermanentmakeup.co.uk\/lt\/shop\/seseliavimo-irankis-36-double-5-round\/\">Continued<\/a><\/p>\n","protected":false},"featured_media":2419,"template":"","meta":{"_acf_changed":false},"product_brand":[],"product_cat":[28],"product_tag":[],"class_list":{"0":"post-2317","1":"product","2":"type-product","3":"status-publish","4":"has-post-thumbnail","6":"product_cat-microblading-irankiai","8":"first","9":"instock","10":"shipping-taxable","11":"purchasable","12":"product-type-simple"},"acf":[],"yoast_head":"<!-- This site is optimized with the Yoast SEO plugin v25.8 - https:\/\/yoast.com\/wordpress\/plugins\/seo\/ -->\n<title>\u0160e\u0161\u0117liavimo \u012frankis #36 DOUBLE #5 ROUND<\/title>\n<meta name=\"description\" content=\"\u0160e\u0161\u0117liavimo \u012frankis #36 DOUBLE #5 ROUND\" \/>\n<meta name=\"robots\" content=\"index, follow, max-snippet:-1, max-image-preview:large, max-video-preview:-1\" \/>\n<link rel=\"canonical\" href=\"https:\/\/sandrapermanentmakeup.co.uk\/shop\/shading-tool\/\" \/>\n<meta property=\"og:locale\" content=\"lt_LT\" \/>\n<meta property=\"og:type\" content=\"article\" \/>\n<meta property=\"og:title\" content=\"\u0160e\u0161\u0117liavimo \u012frankis #36 DOUBLE #5 ROUND\" \/>\n<meta property=\"og:description\" content=\"\u0160e\u0161\u0117liavimo \u012frankis #36 DOUBLE #5 ROUND\" \/>\n<meta property=\"og:url\" content=\"https:\/\/sandrapermanentmakeup.co.uk\/shop\/shading-tool\/\" \/>\n<meta property=\"og:site_name\" content=\"Semi Permanent Makeup by Sandra Opul | No1 in Microblading\" \/>\n<meta property=\"article:modified_time\" content=\"2022-11-24T14:11:18+00:00\" \/>\n<meta property=\"og:image\" content=\"https:\/\/sandrapermanentmakeup.co.uk\/wp-content\/uploads\/2019\/05\/microblading-536-tool-maz.jpg\" \/>\n\t<meta property=\"og:image:width\" content=\"251\" \/>\n\t<meta property=\"og:image:height\" content=\"300\" \/>\n\t<meta property=\"og:image:type\" content=\"image\/jpeg\" \/>\n<meta name=\"twitter:card\" content=\"summary_large_image\" \/>\n<script type=\"application\/ld+json\" class=\"yoast-schema-graph\">{\"@context\":\"https:\/\/schema.org\",\"@graph\":[{\"@type\":\"WebPage\",\"@id\":\"https:\/\/sandrapermanentmakeup.co.uk\/shop\/shading-tool\/\",\"url\":\"https:\/\/sandrapermanentmakeup.co.uk\/shop\/shading-tool\/\",\"name\":\"\u0160e\u0161\u0117liavimo \u012frankis #36 DOUBLE #5 ROUND\",\"isPartOf\":{\"@id\":\"https:\/\/sandrapermanentmakeup.co.uk\/#website\"},\"primaryImageOfPage\":{\"@id\":\"https:\/\/sandrapermanentmakeup.co.uk\/shop\/shading-tool\/#primaryimage\"},\"image\":{\"@id\":\"https:\/\/sandrapermanentmakeup.co.uk\/shop\/shading-tool\/#primaryimage\"},\"thumbnailUrl\":\"https:\/\/sandrapermanentmakeup.co.uk\/wp-content\/uploads\/2019\/05\/microblading-536-tool-maz.jpg\",\"datePublished\":\"2019-05-26T12:00:42+00:00\",\"dateModified\":\"2022-11-24T14:11:18+00:00\",\"description\":\"\u0160e\u0161\u0117liavimo \u012frankis #36 DOUBLE #5 ROUND\",\"breadcrumb\":{\"@id\":\"https:\/\/sandrapermanentmakeup.co.uk\/shop\/shading-tool\/#breadcrumb\"},\"inLanguage\":\"lt-LT\",\"potentialAction\":[{\"@type\":\"ReadAction\",\"target\":[\"https:\/\/sandrapermanentmakeup.co.uk\/shop\/shading-tool\/\"]}]},{\"@type\":\"ImageObject\",\"inLanguage\":\"lt-LT\",\"@id\":\"https:\/\/sandrapermanentmakeup.co.uk\/shop\/shading-tool\/#primaryimage\",\"url\":\"https:\/\/sandrapermanentmakeup.co.uk\/wp-content\/uploads\/2019\/05\/microblading-536-tool-maz.jpg\",\"contentUrl\":\"https:\/\/sandrapermanentmakeup.co.uk\/wp-content\/uploads\/2019\/05\/microblading-536-tool-maz.jpg\",\"width\":251,\"height\":300},{\"@type\":\"BreadcrumbList\",\"@id\":\"https:\/\/sandrapermanentmakeup.co.uk\/shop\/shading-tool\/#breadcrumb\",\"itemListElement\":[{\"@type\":\"ListItem\",\"position\":1,\"name\":\"Home\",\"item\":\"https:\/\/sandrapermanentmakeup.co.uk\/lt\/\"},{\"@type\":\"ListItem\",\"position\":2,\"name\":\"e-Parduotuv\u0117\",\"item\":\"https:\/\/sandrapermanentmakeup.co.uk\/lt\/shop\/\"},{\"@type\":\"ListItem\",\"position\":3,\"name\":\"\u0160e\u0161\u0117liavimo \u012frankis #36 DOUBLE #5 ROUND\"}]},{\"@type\":\"WebSite\",\"@id\":\"https:\/\/sandrapermanentmakeup.co.uk\/#website\",\"url\":\"https:\/\/sandrapermanentmakeup.co.uk\/\",\"name\":\"Semi Permanent Makeup by Sandra Opul | No1 in Microblading\",\"description\":\"\",\"potentialAction\":[{\"@type\":\"SearchAction\",\"target\":{\"@type\":\"EntryPoint\",\"urlTemplate\":\"https:\/\/sandrapermanentmakeup.co.uk\/?s={search_term_string}\"},\"query-input\":{\"@type\":\"PropertyValueSpecification\",\"valueRequired\":true,\"valueName\":\"search_term_string\"}}],\"inLanguage\":\"lt-LT\"}]}<\/script>\n<!-- \/ Yoast SEO plugin. -->","yoast_head_json":{"title":"\u0160e\u0161\u0117liavimo \u012frankis #36 DOUBLE #5 ROUND","description":"\u0160e\u0161\u0117liavimo \u012frankis #36 DOUBLE #5 ROUND","robots":{"index":"index","follow":"follow","max-snippet":"max-snippet:-1","max-image-preview":"max-image-preview:large","max-video-preview":"max-video-preview:-1"},"canonical":"https:\/\/sandrapermanentmakeup.co.uk\/shop\/shading-tool\/","og_locale":"lt_LT","og_type":"article","og_title":"\u0160e\u0161\u0117liavimo \u012frankis #36 DOUBLE #5 ROUND","og_description":"\u0160e\u0161\u0117liavimo \u012frankis #36 DOUBLE #5 ROUND","og_url":"https:\/\/sandrapermanentmakeup.co.uk\/shop\/shading-tool\/","og_site_name":"Semi Permanent Makeup by Sandra Opul | No1 in Microblading","article_modified_time":"2022-11-24T14:11:18+00:00","og_image":[{"width":251,"height":300,"url":"https:\/\/sandrapermanentmakeup.co.uk\/wp-content\/uploads\/2019\/05\/microblading-536-tool-maz.jpg","type":"image\/jpeg"}],"twitter_card":"summary_large_image","schema":{"@context":"https:\/\/schema.org","@graph":[{"@type":"WebPage","@id":"https:\/\/sandrapermanentmakeup.co.uk\/shop\/shading-tool\/","url":"https:\/\/sandrapermanentmakeup.co.uk\/shop\/shading-tool\/","name":"\u0160e\u0161\u0117liavimo \u012frankis #36 DOUBLE #5 ROUND","isPartOf":{"@id":"https:\/\/sandrapermanentmakeup.co.uk\/#website"},"primaryImageOfPage":{"@id":"https:\/\/sandrapermanentmakeup.co.uk\/shop\/shading-tool\/#primaryimage"},"image":{"@id":"https:\/\/sandrapermanentmakeup.co.uk\/shop\/shading-tool\/#primaryimage"},"thumbnailUrl":"https:\/\/sandrapermanentmakeup.co.uk\/wp-content\/uploads\/2019\/05\/microblading-536-tool-maz.jpg","datePublished":"2019-05-26T12:00:42+00:00","dateModified":"2022-11-24T14:11:18+00:00","description":"\u0160e\u0161\u0117liavimo \u012frankis #36 DOUBLE #5 ROUND","breadcrumb":{"@id":"https:\/\/sandrapermanentmakeup.co.uk\/shop\/shading-tool\/#breadcrumb"},"inLanguage":"lt-LT","potentialAction":[{"@type":"ReadAction","target":["https:\/\/sandrapermanentmakeup.co.uk\/shop\/shading-tool\/"]}]},{"@type":"ImageObject","inLanguage":"lt-LT","@id":"https:\/\/sandrapermanentmakeup.co.uk\/shop\/shading-tool\/#primaryimage","url":"https:\/\/sandrapermanentmakeup.co.uk\/wp-content\/uploads\/2019\/05\/microblading-536-tool-maz.jpg","contentUrl":"https:\/\/sandrapermanentmakeup.co.uk\/wp-content\/uploads\/2019\/05\/microblading-536-tool-maz.jpg","width":251,"height":300},{"@type":"BreadcrumbList","@id":"https:\/\/sandrapermanentmakeup.co.uk\/shop\/shading-tool\/#breadcrumb","itemListElement":[{"@type":"ListItem","position":1,"name":"Home","item":"https:\/\/sandrapermanentmakeup.co.uk\/lt\/"},{"@type":"ListItem","position":2,"name":"e-Parduotuv\u0117","item":"https:\/\/sandrapermanentmakeup.co.uk\/lt\/shop\/"},{"@type":"ListItem","position":3,"name":"\u0160e\u0161\u0117liavimo \u012frankis #36 DOUBLE #5 ROUND"}]},{"@type":"WebSite","@id":"https:\/\/sandrapermanentmakeup.co.uk\/#website","url":"https:\/\/sandrapermanentmakeup.co.uk\/","name":"Semi Permanent Makeup by Sandra Opul | No1 in Microblading","description":"","potentialAction":[{"@type":"SearchAction","target":{"@type":"EntryPoint","urlTemplate":"https:\/\/sandrapermanentmakeup.co.uk\/?s={search_term_string}"},"query-input":{"@type":"PropertyValueSpecification","valueRequired":true,"valueName":"search_term_string"}}],"inLanguage":"lt-LT"}]}},"_links":{"self":[{"href":"https:\/\/sandrapermanentmakeup.co.uk\/lt\/wp-json\/wp\/v2\/product\/2317","targetHints":{"allow":["GET"]}}],"collection":[{"href":"https:\/\/sandrapermanentmakeup.co.uk\/lt\/wp-json\/wp\/v2\/product"}],"about":[{"href":"https:\/\/sandrapermanentmakeup.co.uk\/lt\/wp-json\/wp\/v2\/types\/product"}],"wp:featuredmedia":[{"embeddable":true,"href":"https:\/\/sandrapermanentmakeup.co.uk\/lt\/wp-json\/wp\/v2\/media\/2419"}],"wp:attachment":[{"href":"https:\/\/sandrapermanentmakeup.co.uk\/lt\/wp-json\/wp\/v2\/media?parent=2317"}],"wp:term":[{"taxonomy":"product_brand","embeddable":true,"href":"https:\/\/sandrapermanentmakeup.co.uk\/lt\/wp-json\/wp\/v2\/product_brand?post=2317"},{"taxonomy":"product_cat","embeddable":true,"href":"https:\/\/sandrapermanentmakeup.co.uk\/lt\/wp-json\/wp\/v2\/product_cat?post=2317"},{"taxonomy":"product_tag","embeddable":true,"href":"https:\/\/sandrapermanentmakeup.co.uk\/lt\/wp-json\/wp\/v2\/product_tag?post=2317"}],"curies":[{"name":"wp","href":"https:\/\/api.w.org\/{rel}","templated":true}]}}