{"id":2311,"date":"2019-05-26T14:10:03","date_gmt":"2019-05-26T14:10:03","guid":{"rendered":"https:\/\/sandrapermanentmakeup.co.uk\/shop\/u18-adata-su-seseliavimo-ziedu\/"},"modified":"2022-04-26T12:19:24","modified_gmt":"2022-04-26T12:19:24","slug":"u18-adata-su-seseliavimo-ziedu","status":"publish","type":"product","link":"https:\/\/sandrapermanentmakeup.co.uk\/lt\/shop\/u18-adata-su-seseliavimo-ziedu\/","title":{"rendered":"U18 Adata su \u0161e\u0161\u0117liavimo \u017eiedu ir kempin\u0117le"},"content":{"rendered":"<h2>U18 Adata su \u0161e\u0161\u0117liavimo \u017eiedu ir kempin\u0117le<\/h2>\n<p>Vienkartinio naudojimo U18 adata mikropigmentacijai su\u00a0\u0161e\u0161\u0117liavimo \u017eiedu ir kempin\u0117le.<\/p>\n","protected":false},"excerpt":{"rendered":"<p>U18 Adata su \u0161e\u0161\u0117liavimo \u017eiedu ir kempin\u0117le Vienkartinio naudojimo U18 adata mikropigmentacijai su\u00a0\u0161e\u0161\u0117liavimo \u017eiedu ir kempin\u0117le.<\/p>\n","protected":false},"featured_media":1488,"template":"","meta":{"_acf_changed":false},"product_brand":[],"product_cat":[28],"product_tag":[],"class_list":{"0":"post-2311","1":"product","2":"type-product","3":"status-publish","4":"has-post-thumbnail","6":"product_cat-microblading-irankiai","8":"first","9":"instock","10":"shipping-taxable","11":"purchasable","12":"product-type-simple"},"acf":[],"yoast_head":"<!-- This site is optimized with the Yoast SEO plugin v25.8 - https:\/\/yoast.com\/wordpress\/plugins\/seo\/ -->\n<title>U18 Adata su \u0161e\u0161\u0117liavimo \u017eiedu ir kempin\u0117le<\/title>\n<meta name=\"description\" content=\"U18 Adata mikropigmentacijai + \u0161e\u0161\u0117liavimo \u017eiedas ir kempin\u0117l\u0117\" \/>\n<meta name=\"robots\" content=\"index, follow, max-snippet:-1, max-image-preview:large, max-video-preview:-1\" \/>\n<link rel=\"canonical\" href=\"https:\/\/sandrapermanentmakeup.co.uk\/shop\/microblading-needle-sponge-ring\/\" \/>\n<meta property=\"og:locale\" content=\"lt_LT\" \/>\n<meta property=\"og:type\" content=\"article\" \/>\n<meta property=\"og:title\" content=\"U18 Adata su \u0161e\u0161\u0117liavimo \u017eiedu ir kempin\u0117le\" \/>\n<meta property=\"og:description\" content=\"U18 Adata mikropigmentacijai + \u0161e\u0161\u0117liavimo \u017eiedas ir kempin\u0117l\u0117\" \/>\n<meta property=\"og:url\" content=\"https:\/\/sandrapermanentmakeup.co.uk\/shop\/microblading-needle-sponge-ring\/\" \/>\n<meta property=\"og:site_name\" content=\"Semi Permanent Makeup by Sandra Opul | No1 in Microblading\" \/>\n<meta property=\"article:modified_time\" content=\"2022-04-26T12:19:24+00:00\" \/>\n<meta property=\"og:image\" content=\"https:\/\/sandrapermanentmakeup.co.uk\/wp-content\/uploads\/2019\/05\/U18-microblading-needle-sponge-ring.png\" \/>\n\t<meta property=\"og:image:width\" content=\"280\" \/>\n\t<meta property=\"og:image:height\" content=\"300\" \/>\n\t<meta property=\"og:image:type\" content=\"image\/png\" \/>\n<meta name=\"twitter:card\" content=\"summary_large_image\" \/>\n<script type=\"application\/ld+json\" class=\"yoast-schema-graph\">{\"@context\":\"https:\/\/schema.org\",\"@graph\":[{\"@type\":\"WebPage\",\"@id\":\"https:\/\/sandrapermanentmakeup.co.uk\/shop\/microblading-needle-sponge-ring\/\",\"url\":\"https:\/\/sandrapermanentmakeup.co.uk\/shop\/microblading-needle-sponge-ring\/\",\"name\":\"U18 Adata su \u0161e\u0161\u0117liavimo \u017eiedu ir kempin\u0117le\",\"isPartOf\":{\"@id\":\"https:\/\/sandrapermanentmakeup.co.uk\/#website\"},\"primaryImageOfPage\":{\"@id\":\"https:\/\/sandrapermanentmakeup.co.uk\/shop\/microblading-needle-sponge-ring\/#primaryimage\"},\"image\":{\"@id\":\"https:\/\/sandrapermanentmakeup.co.uk\/shop\/microblading-needle-sponge-ring\/#primaryimage\"},\"thumbnailUrl\":\"https:\/\/sandrapermanentmakeup.co.uk\/wp-content\/uploads\/2019\/05\/U18-microblading-needle-sponge-ring.png\",\"datePublished\":\"2019-05-26T14:10:03+00:00\",\"dateModified\":\"2022-04-26T12:19:24+00:00\",\"description\":\"U18 Adata mikropigmentacijai + \u0161e\u0161\u0117liavimo \u017eiedas ir kempin\u0117l\u0117\",\"breadcrumb\":{\"@id\":\"https:\/\/sandrapermanentmakeup.co.uk\/shop\/microblading-needle-sponge-ring\/#breadcrumb\"},\"inLanguage\":\"lt-LT\",\"potentialAction\":[{\"@type\":\"ReadAction\",\"target\":[\"https:\/\/sandrapermanentmakeup.co.uk\/shop\/microblading-needle-sponge-ring\/\"]}]},{\"@type\":\"ImageObject\",\"inLanguage\":\"lt-LT\",\"@id\":\"https:\/\/sandrapermanentmakeup.co.uk\/shop\/microblading-needle-sponge-ring\/#primaryimage\",\"url\":\"https:\/\/sandrapermanentmakeup.co.uk\/wp-content\/uploads\/2019\/05\/U18-microblading-needle-sponge-ring.png\",\"contentUrl\":\"https:\/\/sandrapermanentmakeup.co.uk\/wp-content\/uploads\/2019\/05\/U18-microblading-needle-sponge-ring.png\",\"width\":280,\"height\":300,\"caption\":\"U18 Adata su \u0161e\u0161\u0117liavimo \u017eiedu ir kempin\u0117le\"},{\"@type\":\"BreadcrumbList\",\"@id\":\"https:\/\/sandrapermanentmakeup.co.uk\/shop\/microblading-needle-sponge-ring\/#breadcrumb\",\"itemListElement\":[{\"@type\":\"ListItem\",\"position\":1,\"name\":\"Home\",\"item\":\"https:\/\/sandrapermanentmakeup.co.uk\/lt\/\"},{\"@type\":\"ListItem\",\"position\":2,\"name\":\"e-Parduotuv\u0117\",\"item\":\"https:\/\/sandrapermanentmakeup.co.uk\/lt\/shop\/\"},{\"@type\":\"ListItem\",\"position\":3,\"name\":\"U18 Adata su \u0161e\u0161\u0117liavimo \u017eiedu ir kempin\u0117le\"}]},{\"@type\":\"WebSite\",\"@id\":\"https:\/\/sandrapermanentmakeup.co.uk\/#website\",\"url\":\"https:\/\/sandrapermanentmakeup.co.uk\/\",\"name\":\"Semi Permanent Makeup by Sandra Opul | No1 in Microblading\",\"description\":\"\",\"potentialAction\":[{\"@type\":\"SearchAction\",\"target\":{\"@type\":\"EntryPoint\",\"urlTemplate\":\"https:\/\/sandrapermanentmakeup.co.uk\/?s={search_term_string}\"},\"query-input\":{\"@type\":\"PropertyValueSpecification\",\"valueRequired\":true,\"valueName\":\"search_term_string\"}}],\"inLanguage\":\"lt-LT\"}]}<\/script>\n<!-- \/ Yoast SEO plugin. -->","yoast_head_json":{"title":"U18 Adata su \u0161e\u0161\u0117liavimo \u017eiedu ir kempin\u0117le","description":"U18 Adata mikropigmentacijai + \u0161e\u0161\u0117liavimo \u017eiedas ir kempin\u0117l\u0117","robots":{"index":"index","follow":"follow","max-snippet":"max-snippet:-1","max-image-preview":"max-image-preview:large","max-video-preview":"max-video-preview:-1"},"canonical":"https:\/\/sandrapermanentmakeup.co.uk\/shop\/microblading-needle-sponge-ring\/","og_locale":"lt_LT","og_type":"article","og_title":"U18 Adata su \u0161e\u0161\u0117liavimo \u017eiedu ir kempin\u0117le","og_description":"U18 Adata mikropigmentacijai + \u0161e\u0161\u0117liavimo \u017eiedas ir kempin\u0117l\u0117","og_url":"https:\/\/sandrapermanentmakeup.co.uk\/shop\/microblading-needle-sponge-ring\/","og_site_name":"Semi Permanent Makeup by Sandra Opul | No1 in Microblading","article_modified_time":"2022-04-26T12:19:24+00:00","og_image":[{"width":280,"height":300,"url":"https:\/\/sandrapermanentmakeup.co.uk\/wp-content\/uploads\/2019\/05\/U18-microblading-needle-sponge-ring.png","type":"image\/png"}],"twitter_card":"summary_large_image","schema":{"@context":"https:\/\/schema.org","@graph":[{"@type":"WebPage","@id":"https:\/\/sandrapermanentmakeup.co.uk\/shop\/microblading-needle-sponge-ring\/","url":"https:\/\/sandrapermanentmakeup.co.uk\/shop\/microblading-needle-sponge-ring\/","name":"U18 Adata su \u0161e\u0161\u0117liavimo \u017eiedu ir kempin\u0117le","isPartOf":{"@id":"https:\/\/sandrapermanentmakeup.co.uk\/#website"},"primaryImageOfPage":{"@id":"https:\/\/sandrapermanentmakeup.co.uk\/shop\/microblading-needle-sponge-ring\/#primaryimage"},"image":{"@id":"https:\/\/sandrapermanentmakeup.co.uk\/shop\/microblading-needle-sponge-ring\/#primaryimage"},"thumbnailUrl":"https:\/\/sandrapermanentmakeup.co.uk\/wp-content\/uploads\/2019\/05\/U18-microblading-needle-sponge-ring.png","datePublished":"2019-05-26T14:10:03+00:00","dateModified":"2022-04-26T12:19:24+00:00","description":"U18 Adata mikropigmentacijai + \u0161e\u0161\u0117liavimo \u017eiedas ir kempin\u0117l\u0117","breadcrumb":{"@id":"https:\/\/sandrapermanentmakeup.co.uk\/shop\/microblading-needle-sponge-ring\/#breadcrumb"},"inLanguage":"lt-LT","potentialAction":[{"@type":"ReadAction","target":["https:\/\/sandrapermanentmakeup.co.uk\/shop\/microblading-needle-sponge-ring\/"]}]},{"@type":"ImageObject","inLanguage":"lt-LT","@id":"https:\/\/sandrapermanentmakeup.co.uk\/shop\/microblading-needle-sponge-ring\/#primaryimage","url":"https:\/\/sandrapermanentmakeup.co.uk\/wp-content\/uploads\/2019\/05\/U18-microblading-needle-sponge-ring.png","contentUrl":"https:\/\/sandrapermanentmakeup.co.uk\/wp-content\/uploads\/2019\/05\/U18-microblading-needle-sponge-ring.png","width":280,"height":300,"caption":"U18 Adata su \u0161e\u0161\u0117liavimo \u017eiedu ir kempin\u0117le"},{"@type":"BreadcrumbList","@id":"https:\/\/sandrapermanentmakeup.co.uk\/shop\/microblading-needle-sponge-ring\/#breadcrumb","itemListElement":[{"@type":"ListItem","position":1,"name":"Home","item":"https:\/\/sandrapermanentmakeup.co.uk\/lt\/"},{"@type":"ListItem","position":2,"name":"e-Parduotuv\u0117","item":"https:\/\/sandrapermanentmakeup.co.uk\/lt\/shop\/"},{"@type":"ListItem","position":3,"name":"U18 Adata su \u0161e\u0161\u0117liavimo \u017eiedu ir kempin\u0117le"}]},{"@type":"WebSite","@id":"https:\/\/sandrapermanentmakeup.co.uk\/#website","url":"https:\/\/sandrapermanentmakeup.co.uk\/","name":"Semi Permanent Makeup by Sandra Opul | No1 in Microblading","description":"","potentialAction":[{"@type":"SearchAction","target":{"@type":"EntryPoint","urlTemplate":"https:\/\/sandrapermanentmakeup.co.uk\/?s={search_term_string}"},"query-input":{"@type":"PropertyValueSpecification","valueRequired":true,"valueName":"search_term_string"}}],"inLanguage":"lt-LT"}]}},"_links":{"self":[{"href":"https:\/\/sandrapermanentmakeup.co.uk\/lt\/wp-json\/wp\/v2\/product\/2311","targetHints":{"allow":["GET"]}}],"collection":[{"href":"https:\/\/sandrapermanentmakeup.co.uk\/lt\/wp-json\/wp\/v2\/product"}],"about":[{"href":"https:\/\/sandrapermanentmakeup.co.uk\/lt\/wp-json\/wp\/v2\/types\/product"}],"wp:featuredmedia":[{"embeddable":true,"href":"https:\/\/sandrapermanentmakeup.co.uk\/lt\/wp-json\/wp\/v2\/media\/1488"}],"wp:attachment":[{"href":"https:\/\/sandrapermanentmakeup.co.uk\/lt\/wp-json\/wp\/v2\/media?parent=2311"}],"wp:term":[{"taxonomy":"product_brand","embeddable":true,"href":"https:\/\/sandrapermanentmakeup.co.uk\/lt\/wp-json\/wp\/v2\/product_brand?post=2311"},{"taxonomy":"product_cat","embeddable":true,"href":"https:\/\/sandrapermanentmakeup.co.uk\/lt\/wp-json\/wp\/v2\/product_cat?post=2311"},{"taxonomy":"product_tag","embeddable":true,"href":"https:\/\/sandrapermanentmakeup.co.uk\/lt\/wp-json\/wp\/v2\/product_tag?post=2311"}],"curies":[{"name":"wp","href":"https:\/\/api.w.org\/{rel}","templated":true}]}}