{"id":2300,"date":"2019-05-26T13:01:29","date_gmt":"2019-05-26T13:01:29","guid":{"rendered":"https:\/\/sandrapermanentmakeup.co.uk\/shop\/vienkartinis-mikropigmentacijos-rinkinys\/"},"modified":"2023-03-06T09:35:17","modified_gmt":"2023-03-06T09:35:17","slug":"vienkartinis-mikropigmentacijos-rinkinys","status":"publish","type":"product","link":"https:\/\/sandrapermanentmakeup.co.uk\/lt\/shop\/vienkartinis-mikropigmentacijos-rinkinys\/","title":{"rendered":"Vienkartinis mikropigmentacijos rinkinys"},"content":{"rendered":"<h2>Vienkartinis mikropigmentacijos rinkinys pradedantiesiems<\/h2>\n<p>1. Didelis d\u0117klas\u00a0 su \u0161e\u0161iais skyriais ilgalaikio makia\u017eo \u012frankiams ir med\u017eiagoms. Prakti\u0161ka ir patogu.<\/p>\n<p>* Laikikliai rankenoms, adatoms, aparatams<br \/>\n* Vieta vertikaliam indeli\u0173-\u017eied\u0173 ir \u0161epet\u0117li\u0173 laikymui<br \/>\n* \u0160lapias ir sausas d\u0117klai, tvarkingam daikt\u0173 laikymui<br \/>\n* \u0160e\u0161i indeliai pigmentams ir skyrelis vietiniams anestetikams.<\/p>\n<p>2. Vandeniui atspari paklod\u0117 proced\u016briniam gultui.<\/p>\n<p>3. Vandeniui atsparus apklotas klientams proced\u016bros metu. Jis taip pat puikiai tinka kaip fonas &#8220;prie\u0161 ir po&#8221; nuotraukoms j\u016bs\u0173 darb\u0173 galerijai.<\/p>\n<p>4. Vandeniui atspari stalties\u0117 ant kurios galite i\u0161d\u0117lioti savo rinkinio turin\u012f. Po proced\u016bros, visk\u0105 suvyniokite \u012f stalties\u0119 ir i\u0161meskite visas atliekas lengvai ir greitai.<\/p>\n<p>5. Daugkartinio naudojimo atliek\u0173 mai\u0161elis. J\u012f galima priklijuoti prie pad\u0117klo \u0161ono, kad dirbdami patogiai gal\u0117tum\u0117te i\u0161mesti visas atliekas.<\/p>\n<p>6. Pigmento \u017eiedai (3vnt.): 2 standartiniai \u017eiedai be dang\u010dio ir 1 \u017eiedas su kempin\u0117le.<\/p>\n<p>7.\u00a0 Sterilizuotos vatos gabal\u0117liai (10 vnt.), naudojami odos valymui proced\u016bros metu.<\/p>\n<p>8. 3 poros nitrilo pir\u0161tin\u0117s (vidutinio dyd\u017eio). tai medicinin\u0117s standartin\u0117s nitrilo pir\u0161tin\u0117s, kurios<br \/>\nsuteikia didesn\u0119 apsaug\u0105 ir padidina chemin\u012f atsparum\u0105.<\/p>\n<p>9. Plauk\u0173 tinklelis.<\/p>\n<p>10. Mikro\u0161epet\u0117liai (5vnt.).<\/p>\n<p>11. Spoolie \u0161epet\u0117lis.<\/p>\n<p>12. Smail\u016bs \u0161epet\u0117liai (4vnt.), naudojami antaki\u0173, aki\u0173 ar l\u016bp\u0173 ilaglaikio makia\u017eo korekcijai.<\/p>\n<p>13. Kampiniai \u0161epet\u0117liai (2 vnt.) l\u016bpoms ir antakiams.<\/p>\n<p>14. Tvars\u010diai su alkoholiu (4 vnt.) ir prilimpantys vatos gabal\u0117liai (2 vnt.) kliento odos dezinfekavimui arba valymui. Vata gali b\u016bti prilipinta prie pir\u0161tini\u0173 \u012franki\u0173 valymui.<\/p>\n<p>15. Vienkartin\u0117 medicinin\u0117 kauk\u0117.<\/p>\n<p>16. Antaki\u0173 liniuot\u0117 antaki\u0173 i\u0161matavimui ir formos simetri\u0161kumo patikrinimui.<\/p>\n","protected":false},"excerpt":{"rendered":"<p>Vienkartinis mikropigmentacijos rinkinys pradedantiesiems 1. Didelis d\u0117klas\u00a0 su \u0161e\u0161iais skyriais ilgalaikio makia\u017eo \u012frankiams ir med\u017eiagoms. Prakti\u0161ka ir patogu. * Laikikliai rankenoms, adatoms, aparatams * Vieta vertikaliam indeli\u0173-\u017eied\u0173 ir \u0161epet\u0117li\u0173 laikymui * \u0160lapias ir sausas d\u0117klai, tvarkingam daikt\u0173 laikymui * \u0160e\u0161i indeliai pigmentams ir skyrelis vietiniams anestetikams. 2. Vandeniui atspari paklod\u0117 proced\u016briniam gultui. 3. Vandeniui atsparus &hellip; <a href=\"https:\/\/sandrapermanentmakeup.co.uk\/lt\/shop\/vienkartinis-mikropigmentacijos-rinkinys\/\">Continued<\/a><\/p>\n","protected":false},"featured_media":1449,"template":"","meta":{"_acf_changed":false},"product_brand":[],"product_cat":[40,28],"product_tag":[],"class_list":{"0":"post-2300","1":"product","2":"type-product","3":"status-publish","4":"has-post-thumbnail","6":"product_cat-pagalbines-priemones","7":"product_cat-microblading-irankiai","9":"first","10":"outofstock","11":"shipping-taxable","12":"purchasable","13":"product-type-simple"},"acf":[],"yoast_head":"<!-- This site is optimized with the Yoast SEO plugin v25.8 - https:\/\/yoast.com\/wordpress\/plugins\/seo\/ -->\n<title>Vienkartinis mikropigmentacijos rinkinys - Semi Permanent Makeup by Sandra Opul | No1 in Microblading<\/title>\n<meta name=\"robots\" content=\"index, follow, max-snippet:-1, max-image-preview:large, max-video-preview:-1\" \/>\n<link rel=\"canonical\" href=\"https:\/\/sandrapermanentmakeup.co.uk\/shop\/disposable-microblading-kit\/\" \/>\n<meta property=\"og:locale\" content=\"lt_LT\" \/>\n<meta property=\"og:type\" content=\"article\" \/>\n<meta property=\"og:title\" content=\"Vienkartinis mikropigmentacijos rinkinys - Semi Permanent Makeup by Sandra Opul | No1 in Microblading\" \/>\n<meta property=\"og:description\" content=\"Vienkartinis mikropigmentacijos rinkinys pradedantiesiems 1. Didelis d\u0117klas\u00a0 su \u0161e\u0161iais skyriais ilgalaikio makia\u017eo \u012frankiams ir med\u017eiagoms. Prakti\u0161ka ir patogu. * Laikikliai rankenoms, adatoms, aparatams * Vieta vertikaliam indeli\u0173-\u017eied\u0173 ir \u0161epet\u0117li\u0173 laikymui * \u0160lapias ir sausas d\u0117klai, tvarkingam daikt\u0173 laikymui * \u0160e\u0161i indeliai pigmentams ir skyrelis vietiniams anestetikams. 2. Vandeniui atspari paklod\u0117 proced\u016briniam gultui. 3. Vandeniui atsparus &hellip; Continued\" \/>\n<meta property=\"og:url\" content=\"https:\/\/sandrapermanentmakeup.co.uk\/shop\/disposable-microblading-kit\/\" \/>\n<meta property=\"og:site_name\" content=\"Semi Permanent Makeup by Sandra Opul | No1 in Microblading\" \/>\n<meta property=\"article:modified_time\" content=\"2023-03-06T09:35:17+00:00\" \/>\n<meta property=\"og:image\" content=\"https:\/\/sandrapermanentmakeup.co.uk\/wp-content\/uploads\/2019\/05\/disposable-microblading-starter-kit-1.png\" \/>\n\t<meta property=\"og:image:width\" content=\"400\" \/>\n\t<meta property=\"og:image:height\" content=\"420\" \/>\n\t<meta property=\"og:image:type\" content=\"image\/png\" \/>\n<meta name=\"twitter:card\" content=\"summary_large_image\" \/>\n<meta name=\"twitter:label1\" content=\"Est. reading time\" \/>\n\t<meta name=\"twitter:data1\" content=\"1 minute\" \/>\n<script type=\"application\/ld+json\" class=\"yoast-schema-graph\">{\"@context\":\"https:\/\/schema.org\",\"@graph\":[{\"@type\":\"WebPage\",\"@id\":\"https:\/\/sandrapermanentmakeup.co.uk\/shop\/disposable-microblading-kit\/\",\"url\":\"https:\/\/sandrapermanentmakeup.co.uk\/shop\/disposable-microblading-kit\/\",\"name\":\"Vienkartinis mikropigmentacijos rinkinys - Semi Permanent Makeup by Sandra Opul | No1 in Microblading\",\"isPartOf\":{\"@id\":\"https:\/\/sandrapermanentmakeup.co.uk\/#website\"},\"primaryImageOfPage\":{\"@id\":\"https:\/\/sandrapermanentmakeup.co.uk\/shop\/disposable-microblading-kit\/#primaryimage\"},\"image\":{\"@id\":\"https:\/\/sandrapermanentmakeup.co.uk\/shop\/disposable-microblading-kit\/#primaryimage\"},\"thumbnailUrl\":\"https:\/\/sandrapermanentmakeup.co.uk\/wp-content\/uploads\/2019\/05\/disposable-microblading-starter-kit-1.png\",\"datePublished\":\"2019-05-26T13:01:29+00:00\",\"dateModified\":\"2023-03-06T09:35:17+00:00\",\"breadcrumb\":{\"@id\":\"https:\/\/sandrapermanentmakeup.co.uk\/shop\/disposable-microblading-kit\/#breadcrumb\"},\"inLanguage\":\"lt-LT\",\"potentialAction\":[{\"@type\":\"ReadAction\",\"target\":[\"https:\/\/sandrapermanentmakeup.co.uk\/shop\/disposable-microblading-kit\/\"]}]},{\"@type\":\"ImageObject\",\"inLanguage\":\"lt-LT\",\"@id\":\"https:\/\/sandrapermanentmakeup.co.uk\/shop\/disposable-microblading-kit\/#primaryimage\",\"url\":\"https:\/\/sandrapermanentmakeup.co.uk\/wp-content\/uploads\/2019\/05\/disposable-microblading-starter-kit-1.png\",\"contentUrl\":\"https:\/\/sandrapermanentmakeup.co.uk\/wp-content\/uploads\/2019\/05\/disposable-microblading-starter-kit-1.png\",\"width\":400,\"height\":420,\"caption\":\"vienkartinis_mikropigmentacijos_rinkinys\"},{\"@type\":\"BreadcrumbList\",\"@id\":\"https:\/\/sandrapermanentmakeup.co.uk\/shop\/disposable-microblading-kit\/#breadcrumb\",\"itemListElement\":[{\"@type\":\"ListItem\",\"position\":1,\"name\":\"Home\",\"item\":\"https:\/\/sandrapermanentmakeup.co.uk\/lt\/\"},{\"@type\":\"ListItem\",\"position\":2,\"name\":\"e-Parduotuv\u0117\",\"item\":\"https:\/\/sandrapermanentmakeup.co.uk\/lt\/shop\/\"},{\"@type\":\"ListItem\",\"position\":3,\"name\":\"Vienkartinis mikropigmentacijos rinkinys\"}]},{\"@type\":\"WebSite\",\"@id\":\"https:\/\/sandrapermanentmakeup.co.uk\/#website\",\"url\":\"https:\/\/sandrapermanentmakeup.co.uk\/\",\"name\":\"Semi Permanent Makeup by Sandra Opul | No1 in Microblading\",\"description\":\"\",\"potentialAction\":[{\"@type\":\"SearchAction\",\"target\":{\"@type\":\"EntryPoint\",\"urlTemplate\":\"https:\/\/sandrapermanentmakeup.co.uk\/?s={search_term_string}\"},\"query-input\":{\"@type\":\"PropertyValueSpecification\",\"valueRequired\":true,\"valueName\":\"search_term_string\"}}],\"inLanguage\":\"lt-LT\"}]}<\/script>\n<!-- \/ Yoast SEO plugin. -->","yoast_head_json":{"title":"Vienkartinis mikropigmentacijos rinkinys - Semi Permanent Makeup by Sandra Opul | No1 in Microblading","robots":{"index":"index","follow":"follow","max-snippet":"max-snippet:-1","max-image-preview":"max-image-preview:large","max-video-preview":"max-video-preview:-1"},"canonical":"https:\/\/sandrapermanentmakeup.co.uk\/shop\/disposable-microblading-kit\/","og_locale":"lt_LT","og_type":"article","og_title":"Vienkartinis mikropigmentacijos rinkinys - Semi Permanent Makeup by Sandra Opul | No1 in Microblading","og_description":"Vienkartinis mikropigmentacijos rinkinys pradedantiesiems 1. Didelis d\u0117klas\u00a0 su \u0161e\u0161iais skyriais ilgalaikio makia\u017eo \u012frankiams ir med\u017eiagoms. Prakti\u0161ka ir patogu. * Laikikliai rankenoms, adatoms, aparatams * Vieta vertikaliam indeli\u0173-\u017eied\u0173 ir \u0161epet\u0117li\u0173 laikymui * \u0160lapias ir sausas d\u0117klai, tvarkingam daikt\u0173 laikymui * \u0160e\u0161i indeliai pigmentams ir skyrelis vietiniams anestetikams. 2. Vandeniui atspari paklod\u0117 proced\u016briniam gultui. 3. Vandeniui atsparus &hellip; Continued","og_url":"https:\/\/sandrapermanentmakeup.co.uk\/shop\/disposable-microblading-kit\/","og_site_name":"Semi Permanent Makeup by Sandra Opul | No1 in Microblading","article_modified_time":"2023-03-06T09:35:17+00:00","og_image":[{"width":400,"height":420,"url":"https:\/\/sandrapermanentmakeup.co.uk\/wp-content\/uploads\/2019\/05\/disposable-microblading-starter-kit-1.png","type":"image\/png"}],"twitter_card":"summary_large_image","twitter_misc":{"Est. reading time":"1 minute"},"schema":{"@context":"https:\/\/schema.org","@graph":[{"@type":"WebPage","@id":"https:\/\/sandrapermanentmakeup.co.uk\/shop\/disposable-microblading-kit\/","url":"https:\/\/sandrapermanentmakeup.co.uk\/shop\/disposable-microblading-kit\/","name":"Vienkartinis mikropigmentacijos rinkinys - Semi Permanent Makeup by Sandra Opul | No1 in Microblading","isPartOf":{"@id":"https:\/\/sandrapermanentmakeup.co.uk\/#website"},"primaryImageOfPage":{"@id":"https:\/\/sandrapermanentmakeup.co.uk\/shop\/disposable-microblading-kit\/#primaryimage"},"image":{"@id":"https:\/\/sandrapermanentmakeup.co.uk\/shop\/disposable-microblading-kit\/#primaryimage"},"thumbnailUrl":"https:\/\/sandrapermanentmakeup.co.uk\/wp-content\/uploads\/2019\/05\/disposable-microblading-starter-kit-1.png","datePublished":"2019-05-26T13:01:29+00:00","dateModified":"2023-03-06T09:35:17+00:00","breadcrumb":{"@id":"https:\/\/sandrapermanentmakeup.co.uk\/shop\/disposable-microblading-kit\/#breadcrumb"},"inLanguage":"lt-LT","potentialAction":[{"@type":"ReadAction","target":["https:\/\/sandrapermanentmakeup.co.uk\/shop\/disposable-microblading-kit\/"]}]},{"@type":"ImageObject","inLanguage":"lt-LT","@id":"https:\/\/sandrapermanentmakeup.co.uk\/shop\/disposable-microblading-kit\/#primaryimage","url":"https:\/\/sandrapermanentmakeup.co.uk\/wp-content\/uploads\/2019\/05\/disposable-microblading-starter-kit-1.png","contentUrl":"https:\/\/sandrapermanentmakeup.co.uk\/wp-content\/uploads\/2019\/05\/disposable-microblading-starter-kit-1.png","width":400,"height":420,"caption":"vienkartinis_mikropigmentacijos_rinkinys"},{"@type":"BreadcrumbList","@id":"https:\/\/sandrapermanentmakeup.co.uk\/shop\/disposable-microblading-kit\/#breadcrumb","itemListElement":[{"@type":"ListItem","position":1,"name":"Home","item":"https:\/\/sandrapermanentmakeup.co.uk\/lt\/"},{"@type":"ListItem","position":2,"name":"e-Parduotuv\u0117","item":"https:\/\/sandrapermanentmakeup.co.uk\/lt\/shop\/"},{"@type":"ListItem","position":3,"name":"Vienkartinis mikropigmentacijos rinkinys"}]},{"@type":"WebSite","@id":"https:\/\/sandrapermanentmakeup.co.uk\/#website","url":"https:\/\/sandrapermanentmakeup.co.uk\/","name":"Semi Permanent Makeup by Sandra Opul | No1 in Microblading","description":"","potentialAction":[{"@type":"SearchAction","target":{"@type":"EntryPoint","urlTemplate":"https:\/\/sandrapermanentmakeup.co.uk\/?s={search_term_string}"},"query-input":{"@type":"PropertyValueSpecification","valueRequired":true,"valueName":"search_term_string"}}],"inLanguage":"lt-LT"}]}},"_links":{"self":[{"href":"https:\/\/sandrapermanentmakeup.co.uk\/lt\/wp-json\/wp\/v2\/product\/2300","targetHints":{"allow":["GET"]}}],"collection":[{"href":"https:\/\/sandrapermanentmakeup.co.uk\/lt\/wp-json\/wp\/v2\/product"}],"about":[{"href":"https:\/\/sandrapermanentmakeup.co.uk\/lt\/wp-json\/wp\/v2\/types\/product"}],"wp:featuredmedia":[{"embeddable":true,"href":"https:\/\/sandrapermanentmakeup.co.uk\/lt\/wp-json\/wp\/v2\/media\/1449"}],"wp:attachment":[{"href":"https:\/\/sandrapermanentmakeup.co.uk\/lt\/wp-json\/wp\/v2\/media?parent=2300"}],"wp:term":[{"taxonomy":"product_brand","embeddable":true,"href":"https:\/\/sandrapermanentmakeup.co.uk\/lt\/wp-json\/wp\/v2\/product_brand?post=2300"},{"taxonomy":"product_cat","embeddable":true,"href":"https:\/\/sandrapermanentmakeup.co.uk\/lt\/wp-json\/wp\/v2\/product_cat?post=2300"},{"taxonomy":"product_tag","embeddable":true,"href":"https:\/\/sandrapermanentmakeup.co.uk\/lt\/wp-json\/wp\/v2\/product_tag?post=2300"}],"curies":[{"name":"wp","href":"https:\/\/api.w.org\/{rel}","templated":true}]}}