{"id":2285,"date":"2019-06-18T17:50:03","date_gmt":"2019-06-18T17:50:03","guid":{"rendered":"https:\/\/sandrapermanentmakeup.co.uk\/shop\/kartridzas-skin-monarch-baron-360\/"},"modified":"2022-11-15T20:14:56","modified_gmt":"2022-11-15T20:14:56","slug":"kartridzas-skin-monarch-baron-360","status":"publish","type":"product","link":"https:\/\/sandrapermanentmakeup.co.uk\/lt\/shop\/kartridzas-skin-monarch-baron-360\/","title":{"rendered":"Kartrid\u017eas &#8220;Skin Monarch Baron 360&#8243;(20 vnt.)"},"content":{"rendered":"<h2>Kartrid\u017eas &#8220;Skin Monarch Baron 360&#8221;<\/h2>\n<p>\u201eSkin Monarch\u201c akademija i\u0161did\u017eiai pristato auk\u0161\u010diausio lygio auk\u0161\u010diausios kokyb\u0117s kartrid\u017e\u0105, sukurt\u0105 profesionaliems meistrams, atliekantiems ilgalaikio makia\u017eo ir tatuiruo\u010di\u0173 proced\u016bras.<\/p>\n<p>Savyb\u0117s:<\/p>\n<ul>\n<li>Galima naudoti ir daugeliui kitiems auk\u0161tos klas\u0117s prietaisams<\/li>\n<li>Special\u016bs kartrid\u017e\u0173 dangteliai pagreitina darbo temp\u0105.<\/li>\n<li>Ilgos adatos grei\u010diau \u012fveda pigment\u0105 \u2013 taip oda ma\u017eiau pa\u017eeid\u017eiama<\/li>\n<\/ul>\n<p><strong>Svarbu:<\/strong><\/p>\n<ol>\n<li>D tipo dangtelis tinka vis\u0173 tip\u0173 \u0161e\u0161\u0117liavimo technikai, turi daugiau vietos adatai, i\u0161gaunamas geresnis pigment\u0173 srautas.<\/li>\n<li>R tipo dangtelis tinka linijoms, pikseliavimui, plaukeli\u0173 technikai, aki\u0173 ar l\u016bp\u0173 kont\u016bravimui.<\/li>\n<\/ol>\n<p>Didesnis na\u0161umas d\u0117l gaminio kokyb\u0117s:<\/p>\n<ul>\n<li>Medicininis plastikas<\/li>\n<li>Saugi membranin\u0117 sistema<\/li>\n<li>Bespalvis antgalis &#8211; geriau matomas<\/li>\n<li>Lyg\u016bs gal\u0173 kra\u0161tai &#8211; ma\u017eiau traumos<\/li>\n<li>Adatos pagamintos i\u0161 316 medicininio lygio ner\u016bdijan\u010dio plieno<\/li>\n<li>100% EO duj\u0173 sterilizuota ir individualiai supakuota<\/li>\n<\/ul>\n<p>Vienoje d\u0117\u017eut\u0117je &#8211; 20 kartrid\u017e\u0173.<\/p>\n","protected":false},"excerpt":{"rendered":"<p>Kartrid\u017eas &#8220;Skin Monarch Baron 360&#8221; \u201eSkin Monarch\u201c akademija i\u0161did\u017eiai pristato auk\u0161\u010diausio lygio auk\u0161\u010diausios kokyb\u0117s kartrid\u017e\u0105, sukurt\u0105 profesionaliems meistrams, atliekantiems ilgalaikio makia\u017eo ir tatuiruo\u010di\u0173 proced\u016bras. Savyb\u0117s: Galima naudoti ir daugeliui kitiems auk\u0161tos klas\u0117s prietaisams Special\u016bs kartrid\u017e\u0173 dangteliai pagreitina darbo temp\u0105. Ilgos adatos grei\u010diau \u012fveda pigment\u0105 \u2013 taip oda ma\u017eiau pa\u017eeid\u017eiama Svarbu: D tipo dangtelis tinka vis\u0173 &hellip; <a href=\"https:\/\/sandrapermanentmakeup.co.uk\/lt\/shop\/kartridzas-skin-monarch-baron-360\/\">Continued<\/a><\/p>\n","protected":false},"featured_media":2089,"template":"","meta":{"_acf_changed":false},"product_brand":[],"product_cat":[40,41,28],"product_tag":[],"class_list":{"0":"post-2285","1":"product","2":"type-product","3":"status-publish","4":"has-post-thumbnail","6":"product_cat-pagalbines-priemones","7":"product_cat-pmu-aparatai","8":"product_cat-microblading-irankiai","10":"first","11":"instock","12":"shipping-taxable","13":"purchasable","14":"product-type-simple"},"acf":[],"yoast_head":"<!-- This site is optimized with the Yoast SEO plugin v25.8 - https:\/\/yoast.com\/wordpress\/plugins\/seo\/ -->\n<title>Kartrid\u017eas &quot;Skin Monarch Baron 360&quot;(20 vnt.) - Semi Permanent Makeup by Sandra Opul | No1 in Microblading<\/title>\n<meta name=\"robots\" content=\"index, follow, max-snippet:-1, max-image-preview:large, max-video-preview:-1\" \/>\n<link rel=\"canonical\" href=\"https:\/\/sandrapermanentmakeup.co.uk\/shop\/skin-monarch-baron-360-cartridge-20-pcs\/\" \/>\n<meta property=\"og:locale\" content=\"lt_LT\" \/>\n<meta property=\"og:type\" content=\"article\" \/>\n<meta property=\"og:title\" content=\"Kartrid\u017eas &quot;Skin Monarch Baron 360&quot;(20 vnt.) - Semi Permanent Makeup by Sandra Opul | No1 in Microblading\" \/>\n<meta property=\"og:description\" content=\"Kartrid\u017eas &#8220;Skin Monarch Baron 360&#8221; \u201eSkin Monarch\u201c akademija i\u0161did\u017eiai pristato auk\u0161\u010diausio lygio auk\u0161\u010diausios kokyb\u0117s kartrid\u017e\u0105, sukurt\u0105 profesionaliems meistrams, atliekantiems ilgalaikio makia\u017eo ir tatuiruo\u010di\u0173 proced\u016bras. Savyb\u0117s: Galima naudoti ir daugeliui kitiems auk\u0161tos klas\u0117s prietaisams Special\u016bs kartrid\u017e\u0173 dangteliai pagreitina darbo temp\u0105. Ilgos adatos grei\u010diau \u012fveda pigment\u0105 \u2013 taip oda ma\u017eiau pa\u017eeid\u017eiama Svarbu: D tipo dangtelis tinka vis\u0173 &hellip; Continued\" \/>\n<meta property=\"og:url\" content=\"https:\/\/sandrapermanentmakeup.co.uk\/shop\/skin-monarch-baron-360-cartridge-20-pcs\/\" \/>\n<meta property=\"og:site_name\" content=\"Semi Permanent Makeup by Sandra Opul | No1 in Microblading\" \/>\n<meta property=\"article:modified_time\" content=\"2022-11-15T20:14:56+00:00\" \/>\n<meta property=\"og:image\" content=\"https:\/\/sandrapermanentmakeup.co.uk\/wp-content\/uploads\/2019\/06\/skin_monarch_baron_360_cartridge1-380x380-product_thumb.jpg\" \/>\n\t<meta property=\"og:image:width\" content=\"380\" \/>\n\t<meta property=\"og:image:height\" content=\"380\" \/>\n\t<meta property=\"og:image:type\" content=\"image\/jpeg\" \/>\n<meta name=\"twitter:card\" content=\"summary_large_image\" \/>\n<meta name=\"twitter:label1\" content=\"Est. reading time\" \/>\n\t<meta name=\"twitter:data1\" content=\"1 minute\" \/>\n<script type=\"application\/ld+json\" class=\"yoast-schema-graph\">{\"@context\":\"https:\/\/schema.org\",\"@graph\":[{\"@type\":\"WebPage\",\"@id\":\"https:\/\/sandrapermanentmakeup.co.uk\/shop\/skin-monarch-baron-360-cartridge-20-pcs\/\",\"url\":\"https:\/\/sandrapermanentmakeup.co.uk\/shop\/skin-monarch-baron-360-cartridge-20-pcs\/\",\"name\":\"Kartrid\u017eas \\\"Skin Monarch Baron 360\\\"(20 vnt.) - Semi Permanent Makeup by Sandra Opul | No1 in Microblading\",\"isPartOf\":{\"@id\":\"https:\/\/sandrapermanentmakeup.co.uk\/#website\"},\"primaryImageOfPage\":{\"@id\":\"https:\/\/sandrapermanentmakeup.co.uk\/shop\/skin-monarch-baron-360-cartridge-20-pcs\/#primaryimage\"},\"image\":{\"@id\":\"https:\/\/sandrapermanentmakeup.co.uk\/shop\/skin-monarch-baron-360-cartridge-20-pcs\/#primaryimage\"},\"thumbnailUrl\":\"https:\/\/sandrapermanentmakeup.co.uk\/wp-content\/uploads\/2019\/06\/skin_monarch_baron_360_cartridge1-380x380-product_thumb.jpg\",\"datePublished\":\"2019-06-18T17:50:03+00:00\",\"dateModified\":\"2022-11-15T20:14:56+00:00\",\"breadcrumb\":{\"@id\":\"https:\/\/sandrapermanentmakeup.co.uk\/shop\/skin-monarch-baron-360-cartridge-20-pcs\/#breadcrumb\"},\"inLanguage\":\"lt-LT\",\"potentialAction\":[{\"@type\":\"ReadAction\",\"target\":[\"https:\/\/sandrapermanentmakeup.co.uk\/shop\/skin-monarch-baron-360-cartridge-20-pcs\/\"]}]},{\"@type\":\"ImageObject\",\"inLanguage\":\"lt-LT\",\"@id\":\"https:\/\/sandrapermanentmakeup.co.uk\/shop\/skin-monarch-baron-360-cartridge-20-pcs\/#primaryimage\",\"url\":\"https:\/\/sandrapermanentmakeup.co.uk\/wp-content\/uploads\/2019\/06\/skin_monarch_baron_360_cartridge1-380x380-product_thumb.jpg\",\"contentUrl\":\"https:\/\/sandrapermanentmakeup.co.uk\/wp-content\/uploads\/2019\/06\/skin_monarch_baron_360_cartridge1-380x380-product_thumb.jpg\",\"width\":380,\"height\":380,\"caption\":\"Kartrid\u017eas_Skin_Monarch_Baron_360\"},{\"@type\":\"BreadcrumbList\",\"@id\":\"https:\/\/sandrapermanentmakeup.co.uk\/shop\/skin-monarch-baron-360-cartridge-20-pcs\/#breadcrumb\",\"itemListElement\":[{\"@type\":\"ListItem\",\"position\":1,\"name\":\"Home\",\"item\":\"https:\/\/sandrapermanentmakeup.co.uk\/lt\/\"},{\"@type\":\"ListItem\",\"position\":2,\"name\":\"e-Parduotuv\u0117\",\"item\":\"https:\/\/sandrapermanentmakeup.co.uk\/lt\/shop\/\"},{\"@type\":\"ListItem\",\"position\":3,\"name\":\"Kartrid\u017eas &#8220;Skin Monarch Baron 360&#8243;(20 vnt.)\"}]},{\"@type\":\"WebSite\",\"@id\":\"https:\/\/sandrapermanentmakeup.co.uk\/#website\",\"url\":\"https:\/\/sandrapermanentmakeup.co.uk\/\",\"name\":\"Semi Permanent Makeup by Sandra Opul | No1 in Microblading\",\"description\":\"\",\"potentialAction\":[{\"@type\":\"SearchAction\",\"target\":{\"@type\":\"EntryPoint\",\"urlTemplate\":\"https:\/\/sandrapermanentmakeup.co.uk\/?s={search_term_string}\"},\"query-input\":{\"@type\":\"PropertyValueSpecification\",\"valueRequired\":true,\"valueName\":\"search_term_string\"}}],\"inLanguage\":\"lt-LT\"}]}<\/script>\n<!-- \/ Yoast SEO plugin. -->","yoast_head_json":{"title":"Kartrid\u017eas \"Skin Monarch Baron 360\"(20 vnt.) - Semi Permanent Makeup by Sandra Opul | No1 in Microblading","robots":{"index":"index","follow":"follow","max-snippet":"max-snippet:-1","max-image-preview":"max-image-preview:large","max-video-preview":"max-video-preview:-1"},"canonical":"https:\/\/sandrapermanentmakeup.co.uk\/shop\/skin-monarch-baron-360-cartridge-20-pcs\/","og_locale":"lt_LT","og_type":"article","og_title":"Kartrid\u017eas \"Skin Monarch Baron 360\"(20 vnt.) - Semi Permanent Makeup by Sandra Opul | No1 in Microblading","og_description":"Kartrid\u017eas &#8220;Skin Monarch Baron 360&#8221; \u201eSkin Monarch\u201c akademija i\u0161did\u017eiai pristato auk\u0161\u010diausio lygio auk\u0161\u010diausios kokyb\u0117s kartrid\u017e\u0105, sukurt\u0105 profesionaliems meistrams, atliekantiems ilgalaikio makia\u017eo ir tatuiruo\u010di\u0173 proced\u016bras. Savyb\u0117s: Galima naudoti ir daugeliui kitiems auk\u0161tos klas\u0117s prietaisams Special\u016bs kartrid\u017e\u0173 dangteliai pagreitina darbo temp\u0105. Ilgos adatos grei\u010diau \u012fveda pigment\u0105 \u2013 taip oda ma\u017eiau pa\u017eeid\u017eiama Svarbu: D tipo dangtelis tinka vis\u0173 &hellip; Continued","og_url":"https:\/\/sandrapermanentmakeup.co.uk\/shop\/skin-monarch-baron-360-cartridge-20-pcs\/","og_site_name":"Semi Permanent Makeup by Sandra Opul | No1 in Microblading","article_modified_time":"2022-11-15T20:14:56+00:00","og_image":[{"width":380,"height":380,"url":"https:\/\/sandrapermanentmakeup.co.uk\/wp-content\/uploads\/2019\/06\/skin_monarch_baron_360_cartridge1-380x380-product_thumb.jpg","type":"image\/jpeg"}],"twitter_card":"summary_large_image","twitter_misc":{"Est. reading time":"1 minute"},"schema":{"@context":"https:\/\/schema.org","@graph":[{"@type":"WebPage","@id":"https:\/\/sandrapermanentmakeup.co.uk\/shop\/skin-monarch-baron-360-cartridge-20-pcs\/","url":"https:\/\/sandrapermanentmakeup.co.uk\/shop\/skin-monarch-baron-360-cartridge-20-pcs\/","name":"Kartrid\u017eas \"Skin Monarch Baron 360\"(20 vnt.) - Semi Permanent Makeup by Sandra Opul | No1 in Microblading","isPartOf":{"@id":"https:\/\/sandrapermanentmakeup.co.uk\/#website"},"primaryImageOfPage":{"@id":"https:\/\/sandrapermanentmakeup.co.uk\/shop\/skin-monarch-baron-360-cartridge-20-pcs\/#primaryimage"},"image":{"@id":"https:\/\/sandrapermanentmakeup.co.uk\/shop\/skin-monarch-baron-360-cartridge-20-pcs\/#primaryimage"},"thumbnailUrl":"https:\/\/sandrapermanentmakeup.co.uk\/wp-content\/uploads\/2019\/06\/skin_monarch_baron_360_cartridge1-380x380-product_thumb.jpg","datePublished":"2019-06-18T17:50:03+00:00","dateModified":"2022-11-15T20:14:56+00:00","breadcrumb":{"@id":"https:\/\/sandrapermanentmakeup.co.uk\/shop\/skin-monarch-baron-360-cartridge-20-pcs\/#breadcrumb"},"inLanguage":"lt-LT","potentialAction":[{"@type":"ReadAction","target":["https:\/\/sandrapermanentmakeup.co.uk\/shop\/skin-monarch-baron-360-cartridge-20-pcs\/"]}]},{"@type":"ImageObject","inLanguage":"lt-LT","@id":"https:\/\/sandrapermanentmakeup.co.uk\/shop\/skin-monarch-baron-360-cartridge-20-pcs\/#primaryimage","url":"https:\/\/sandrapermanentmakeup.co.uk\/wp-content\/uploads\/2019\/06\/skin_monarch_baron_360_cartridge1-380x380-product_thumb.jpg","contentUrl":"https:\/\/sandrapermanentmakeup.co.uk\/wp-content\/uploads\/2019\/06\/skin_monarch_baron_360_cartridge1-380x380-product_thumb.jpg","width":380,"height":380,"caption":"Kartrid\u017eas_Skin_Monarch_Baron_360"},{"@type":"BreadcrumbList","@id":"https:\/\/sandrapermanentmakeup.co.uk\/shop\/skin-monarch-baron-360-cartridge-20-pcs\/#breadcrumb","itemListElement":[{"@type":"ListItem","position":1,"name":"Home","item":"https:\/\/sandrapermanentmakeup.co.uk\/lt\/"},{"@type":"ListItem","position":2,"name":"e-Parduotuv\u0117","item":"https:\/\/sandrapermanentmakeup.co.uk\/lt\/shop\/"},{"@type":"ListItem","position":3,"name":"Kartrid\u017eas &#8220;Skin Monarch Baron 360&#8243;(20 vnt.)"}]},{"@type":"WebSite","@id":"https:\/\/sandrapermanentmakeup.co.uk\/#website","url":"https:\/\/sandrapermanentmakeup.co.uk\/","name":"Semi Permanent Makeup by Sandra Opul | No1 in Microblading","description":"","potentialAction":[{"@type":"SearchAction","target":{"@type":"EntryPoint","urlTemplate":"https:\/\/sandrapermanentmakeup.co.uk\/?s={search_term_string}"},"query-input":{"@type":"PropertyValueSpecification","valueRequired":true,"valueName":"search_term_string"}}],"inLanguage":"lt-LT"}]}},"_links":{"self":[{"href":"https:\/\/sandrapermanentmakeup.co.uk\/lt\/wp-json\/wp\/v2\/product\/2285","targetHints":{"allow":["GET"]}}],"collection":[{"href":"https:\/\/sandrapermanentmakeup.co.uk\/lt\/wp-json\/wp\/v2\/product"}],"about":[{"href":"https:\/\/sandrapermanentmakeup.co.uk\/lt\/wp-json\/wp\/v2\/types\/product"}],"wp:featuredmedia":[{"embeddable":true,"href":"https:\/\/sandrapermanentmakeup.co.uk\/lt\/wp-json\/wp\/v2\/media\/2089"}],"wp:attachment":[{"href":"https:\/\/sandrapermanentmakeup.co.uk\/lt\/wp-json\/wp\/v2\/media?parent=2285"}],"wp:term":[{"taxonomy":"product_brand","embeddable":true,"href":"https:\/\/sandrapermanentmakeup.co.uk\/lt\/wp-json\/wp\/v2\/product_brand?post=2285"},{"taxonomy":"product_cat","embeddable":true,"href":"https:\/\/sandrapermanentmakeup.co.uk\/lt\/wp-json\/wp\/v2\/product_cat?post=2285"},{"taxonomy":"product_tag","embeddable":true,"href":"https:\/\/sandrapermanentmakeup.co.uk\/lt\/wp-json\/wp\/v2\/product_tag?post=2285"}],"curies":[{"name":"wp","href":"https:\/\/api.w.org\/{rel}","templated":true}]}}