{"id":2284,"date":"2019-06-18T17:46:23","date_gmt":"2019-06-18T17:46:23","guid":{"rendered":"https:\/\/sandrapermanentmakeup.co.uk\/shop\/pmu-aparatas-skin-monarch-baron-360\/"},"modified":"2019-07-01T20:06:37","modified_gmt":"2019-07-01T20:06:37","slug":"pmu-aparatas-skin-monarch-baron-360","status":"publish","type":"product","link":"https:\/\/sandrapermanentmakeup.co.uk\/lt\/shop\/pmu-aparatas-skin-monarch-baron-360\/","title":{"rendered":"PMU aparatas \u201cSkin Monarch Baron 360\u201d\u00a0"},"content":{"rendered":"<h2>PMU aparatas \u201cSkin Monarch Baron 360\u201d<\/h2>\n<p>Vienas i\u0161 populiariausi\u0173 PMU aparat\u0173, su kuriais galima pasiekti geriausius ilgalaikio lengvo \u0161e\u0161\u0117liavimo makia\u017eo rezultatus. Norim\u0105 \u0161e\u0161\u0117liavimo poveik\u012f galima i\u0161gauti naudojant vien tik nedidel\u012f spaudim\u0105.<\/p>\n<p>Techniniai duomenys:<\/p>\n<ul>\n<li>\u00a0Modelis: Skin Monarch Baron 360<\/li>\n<li>Tiekiamos \u012ftampos galinguma: 90 &#8211; 240V<\/li>\n<li>Tiekiamos \u012ftampos da\u017enis: 50 &#8211; 60 Hz<\/li>\n<li>I\u0161eigos galia: 0,3W &#8211; 45W<\/li>\n<li>I\u0161eigos \u012ftampos diapazonas: 3 &#8211; 18V, reguliuojamas i\u0161\u0117jimo \u012ftampos tikslumas + &#8211; 0,1V<\/li>\n<li>I\u0161eigos srov\u0117: 0 &#8211; 2A, tikslumas + &#8211; 0,1a. Su apsauga nuo perkrovos srov\u0117s i\u0161\u0117jimui<\/li>\n<li>Darbo aplinkos temperat\u016bra: 5C &#8211; 40C<\/li>\n<li>Darbo aplinkos dr\u0117gnumas: 30% &#8211; 75%<\/li>\n<li>Darbo aplinkos oro sl\u0117gis: 900 &#8211; 1600 Hpa<\/li>\n<li>1 met\u0173 garantija pagrindinei ma\u0161inai, 3 m\u0117nesi\u0173 garantija adapteriui, maitinimo laidui ir kitiems priedams.<\/li>\n<li>2 modeliai: reg\u0117jimas ir kaukol\u0117 (funkcija yra tokia pati)<\/li>\n<\/ul>\n<p>\u201eSkin Monarch Baron 360\u201c rinkinyje yra:<\/p>\n<ul>\n<li>1vnt. \u201eBaron 360\u201c aparatas<\/li>\n<li>1vnt. \u201eBaron 360\u201c ranken\u0117l\u0117<\/li>\n<li>1vnt. \u201eBaron 360\u201c aparato laidas<\/li>\n<li>1vnt. \u201eBaron 360\u201c adapteris<\/li>\n<\/ul>\n<p>Pristatymas: 2 dienos<\/p>\n","protected":false},"excerpt":{"rendered":"<p>PMU aparatas \u201cSkin Monarch Baron 360\u201d Vienas i\u0161 populiariausi\u0173 PMU aparat\u0173, su kuriais galima pasiekti geriausius ilgalaikio lengvo \u0161e\u0161\u0117liavimo makia\u017eo rezultatus. Norim\u0105 \u0161e\u0161\u0117liavimo poveik\u012f galima i\u0161gauti naudojant vien tik nedidel\u012f spaudim\u0105. Techniniai duomenys: \u00a0Modelis: Skin Monarch Baron 360 Tiekiamos \u012ftampos galinguma: 90 &#8211; 240V Tiekiamos \u012ftampos da\u017enis: 50 &#8211; 60 Hz I\u0161eigos galia: 0,3W &#8211; &hellip; <a href=\"https:\/\/sandrapermanentmakeup.co.uk\/lt\/shop\/pmu-aparatas-skin-monarch-baron-360\/\">Continued<\/a><\/p>\n","protected":false},"featured_media":2086,"template":"","meta":{"_acf_changed":false},"product_brand":[],"product_cat":[41],"product_tag":[],"class_list":{"0":"post-2284","1":"product","2":"type-product","3":"status-publish","4":"has-post-thumbnail","6":"product_cat-pmu-aparatai","8":"first","9":"instock","10":"shipping-taxable","11":"purchasable","12":"product-type-simple"},"acf":[],"yoast_head":"<!-- This site is optimized with the Yoast SEO plugin v25.8 - https:\/\/yoast.com\/wordpress\/plugins\/seo\/ -->\n<title>PMU aparatas \u201cSkin Monarch Baron 360\u201d\u00a0 - Semi Permanent Makeup by Sandra Opul | No1 in Microblading<\/title>\n<meta name=\"robots\" content=\"index, follow, max-snippet:-1, max-image-preview:large, max-video-preview:-1\" \/>\n<link rel=\"canonical\" href=\"https:\/\/sandrapermanentmakeup.co.uk\/shop\/skin-monarch-baron-360-power-device-pen\/\" \/>\n<meta property=\"og:locale\" content=\"lt_LT\" \/>\n<meta property=\"og:type\" content=\"article\" \/>\n<meta property=\"og:title\" content=\"PMU aparatas \u201cSkin Monarch Baron 360\u201d\u00a0 - Semi Permanent Makeup by Sandra Opul | No1 in Microblading\" \/>\n<meta property=\"og:description\" content=\"PMU aparatas \u201cSkin Monarch Baron 360\u201d Vienas i\u0161 populiariausi\u0173 PMU aparat\u0173, su kuriais galima pasiekti geriausius ilgalaikio lengvo \u0161e\u0161\u0117liavimo makia\u017eo rezultatus. Norim\u0105 \u0161e\u0161\u0117liavimo poveik\u012f galima i\u0161gauti naudojant vien tik nedidel\u012f spaudim\u0105. Techniniai duomenys: \u00a0Modelis: Skin Monarch Baron 360 Tiekiamos \u012ftampos galinguma: 90 &#8211; 240V Tiekiamos \u012ftampos da\u017enis: 50 &#8211; 60 Hz I\u0161eigos galia: 0,3W &#8211; &hellip; Continued\" \/>\n<meta property=\"og:url\" content=\"https:\/\/sandrapermanentmakeup.co.uk\/shop\/skin-monarch-baron-360-power-device-pen\/\" \/>\n<meta property=\"og:site_name\" content=\"Semi Permanent Makeup by Sandra Opul | No1 in Microblading\" \/>\n<meta property=\"article:modified_time\" content=\"2019-07-01T20:06:37+00:00\" \/>\n<meta property=\"og:image\" content=\"https:\/\/sandrapermanentmakeup.co.uk\/wp-content\/uploads\/2019\/06\/baron-360-03-380x380-product_thumb.jpg\" \/>\n\t<meta property=\"og:image:width\" content=\"380\" \/>\n\t<meta property=\"og:image:height\" content=\"380\" \/>\n\t<meta property=\"og:image:type\" content=\"image\/jpeg\" \/>\n<meta name=\"twitter:card\" content=\"summary_large_image\" \/>\n<meta name=\"twitter:label1\" content=\"Est. reading time\" \/>\n\t<meta name=\"twitter:data1\" content=\"1 minute\" \/>\n<script type=\"application\/ld+json\" class=\"yoast-schema-graph\">{\"@context\":\"https:\/\/schema.org\",\"@graph\":[{\"@type\":\"WebPage\",\"@id\":\"https:\/\/sandrapermanentmakeup.co.uk\/shop\/skin-monarch-baron-360-power-device-pen\/\",\"url\":\"https:\/\/sandrapermanentmakeup.co.uk\/shop\/skin-monarch-baron-360-power-device-pen\/\",\"name\":\"PMU aparatas \u201cSkin Monarch Baron 360\u201d\u00a0 - Semi Permanent Makeup by Sandra Opul | No1 in Microblading\",\"isPartOf\":{\"@id\":\"https:\/\/sandrapermanentmakeup.co.uk\/#website\"},\"primaryImageOfPage\":{\"@id\":\"https:\/\/sandrapermanentmakeup.co.uk\/shop\/skin-monarch-baron-360-power-device-pen\/#primaryimage\"},\"image\":{\"@id\":\"https:\/\/sandrapermanentmakeup.co.uk\/shop\/skin-monarch-baron-360-power-device-pen\/#primaryimage\"},\"thumbnailUrl\":\"https:\/\/sandrapermanentmakeup.co.uk\/wp-content\/uploads\/2019\/06\/baron-360-03-380x380-product_thumb.jpg\",\"datePublished\":\"2019-06-18T17:46:23+00:00\",\"dateModified\":\"2019-07-01T20:06:37+00:00\",\"breadcrumb\":{\"@id\":\"https:\/\/sandrapermanentmakeup.co.uk\/shop\/skin-monarch-baron-360-power-device-pen\/#breadcrumb\"},\"inLanguage\":\"lt-LT\",\"potentialAction\":[{\"@type\":\"ReadAction\",\"target\":[\"https:\/\/sandrapermanentmakeup.co.uk\/shop\/skin-monarch-baron-360-power-device-pen\/\"]}]},{\"@type\":\"ImageObject\",\"inLanguage\":\"lt-LT\",\"@id\":\"https:\/\/sandrapermanentmakeup.co.uk\/shop\/skin-monarch-baron-360-power-device-pen\/#primaryimage\",\"url\":\"https:\/\/sandrapermanentmakeup.co.uk\/wp-content\/uploads\/2019\/06\/baron-360-03-380x380-product_thumb.jpg\",\"contentUrl\":\"https:\/\/sandrapermanentmakeup.co.uk\/wp-content\/uploads\/2019\/06\/baron-360-03-380x380-product_thumb.jpg\",\"width\":380,\"height\":380,\"caption\":\"PMU_aparatas_Skin_Monarch_Baron_360\"},{\"@type\":\"BreadcrumbList\",\"@id\":\"https:\/\/sandrapermanentmakeup.co.uk\/shop\/skin-monarch-baron-360-power-device-pen\/#breadcrumb\",\"itemListElement\":[{\"@type\":\"ListItem\",\"position\":1,\"name\":\"Home\",\"item\":\"https:\/\/sandrapermanentmakeup.co.uk\/lt\/\"},{\"@type\":\"ListItem\",\"position\":2,\"name\":\"e-Parduotuv\u0117\",\"item\":\"https:\/\/sandrapermanentmakeup.co.uk\/lt\/shop\/\"},{\"@type\":\"ListItem\",\"position\":3,\"name\":\"PMU aparatas \u201cSkin Monarch Baron 360\u201d\u00a0\"}]},{\"@type\":\"WebSite\",\"@id\":\"https:\/\/sandrapermanentmakeup.co.uk\/#website\",\"url\":\"https:\/\/sandrapermanentmakeup.co.uk\/\",\"name\":\"Semi Permanent Makeup by Sandra Opul | No1 in Microblading\",\"description\":\"\",\"potentialAction\":[{\"@type\":\"SearchAction\",\"target\":{\"@type\":\"EntryPoint\",\"urlTemplate\":\"https:\/\/sandrapermanentmakeup.co.uk\/?s={search_term_string}\"},\"query-input\":{\"@type\":\"PropertyValueSpecification\",\"valueRequired\":true,\"valueName\":\"search_term_string\"}}],\"inLanguage\":\"lt-LT\"}]}<\/script>\n<!-- \/ Yoast SEO plugin. -->","yoast_head_json":{"title":"PMU aparatas \u201cSkin Monarch Baron 360\u201d\u00a0 - Semi Permanent Makeup by Sandra Opul | No1 in Microblading","robots":{"index":"index","follow":"follow","max-snippet":"max-snippet:-1","max-image-preview":"max-image-preview:large","max-video-preview":"max-video-preview:-1"},"canonical":"https:\/\/sandrapermanentmakeup.co.uk\/shop\/skin-monarch-baron-360-power-device-pen\/","og_locale":"lt_LT","og_type":"article","og_title":"PMU aparatas \u201cSkin Monarch Baron 360\u201d\u00a0 - Semi Permanent Makeup by Sandra Opul | No1 in Microblading","og_description":"PMU aparatas \u201cSkin Monarch Baron 360\u201d Vienas i\u0161 populiariausi\u0173 PMU aparat\u0173, su kuriais galima pasiekti geriausius ilgalaikio lengvo \u0161e\u0161\u0117liavimo makia\u017eo rezultatus. Norim\u0105 \u0161e\u0161\u0117liavimo poveik\u012f galima i\u0161gauti naudojant vien tik nedidel\u012f spaudim\u0105. Techniniai duomenys: \u00a0Modelis: Skin Monarch Baron 360 Tiekiamos \u012ftampos galinguma: 90 &#8211; 240V Tiekiamos \u012ftampos da\u017enis: 50 &#8211; 60 Hz I\u0161eigos galia: 0,3W &#8211; &hellip; Continued","og_url":"https:\/\/sandrapermanentmakeup.co.uk\/shop\/skin-monarch-baron-360-power-device-pen\/","og_site_name":"Semi Permanent Makeup by Sandra Opul | No1 in Microblading","article_modified_time":"2019-07-01T20:06:37+00:00","og_image":[{"width":380,"height":380,"url":"https:\/\/sandrapermanentmakeup.co.uk\/wp-content\/uploads\/2019\/06\/baron-360-03-380x380-product_thumb.jpg","type":"image\/jpeg"}],"twitter_card":"summary_large_image","twitter_misc":{"Est. reading time":"1 minute"},"schema":{"@context":"https:\/\/schema.org","@graph":[{"@type":"WebPage","@id":"https:\/\/sandrapermanentmakeup.co.uk\/shop\/skin-monarch-baron-360-power-device-pen\/","url":"https:\/\/sandrapermanentmakeup.co.uk\/shop\/skin-monarch-baron-360-power-device-pen\/","name":"PMU aparatas \u201cSkin Monarch Baron 360\u201d\u00a0 - Semi Permanent Makeup by Sandra Opul | No1 in Microblading","isPartOf":{"@id":"https:\/\/sandrapermanentmakeup.co.uk\/#website"},"primaryImageOfPage":{"@id":"https:\/\/sandrapermanentmakeup.co.uk\/shop\/skin-monarch-baron-360-power-device-pen\/#primaryimage"},"image":{"@id":"https:\/\/sandrapermanentmakeup.co.uk\/shop\/skin-monarch-baron-360-power-device-pen\/#primaryimage"},"thumbnailUrl":"https:\/\/sandrapermanentmakeup.co.uk\/wp-content\/uploads\/2019\/06\/baron-360-03-380x380-product_thumb.jpg","datePublished":"2019-06-18T17:46:23+00:00","dateModified":"2019-07-01T20:06:37+00:00","breadcrumb":{"@id":"https:\/\/sandrapermanentmakeup.co.uk\/shop\/skin-monarch-baron-360-power-device-pen\/#breadcrumb"},"inLanguage":"lt-LT","potentialAction":[{"@type":"ReadAction","target":["https:\/\/sandrapermanentmakeup.co.uk\/shop\/skin-monarch-baron-360-power-device-pen\/"]}]},{"@type":"ImageObject","inLanguage":"lt-LT","@id":"https:\/\/sandrapermanentmakeup.co.uk\/shop\/skin-monarch-baron-360-power-device-pen\/#primaryimage","url":"https:\/\/sandrapermanentmakeup.co.uk\/wp-content\/uploads\/2019\/06\/baron-360-03-380x380-product_thumb.jpg","contentUrl":"https:\/\/sandrapermanentmakeup.co.uk\/wp-content\/uploads\/2019\/06\/baron-360-03-380x380-product_thumb.jpg","width":380,"height":380,"caption":"PMU_aparatas_Skin_Monarch_Baron_360"},{"@type":"BreadcrumbList","@id":"https:\/\/sandrapermanentmakeup.co.uk\/shop\/skin-monarch-baron-360-power-device-pen\/#breadcrumb","itemListElement":[{"@type":"ListItem","position":1,"name":"Home","item":"https:\/\/sandrapermanentmakeup.co.uk\/lt\/"},{"@type":"ListItem","position":2,"name":"e-Parduotuv\u0117","item":"https:\/\/sandrapermanentmakeup.co.uk\/lt\/shop\/"},{"@type":"ListItem","position":3,"name":"PMU aparatas \u201cSkin Monarch Baron 360\u201d\u00a0"}]},{"@type":"WebSite","@id":"https:\/\/sandrapermanentmakeup.co.uk\/#website","url":"https:\/\/sandrapermanentmakeup.co.uk\/","name":"Semi Permanent Makeup by Sandra Opul | No1 in Microblading","description":"","potentialAction":[{"@type":"SearchAction","target":{"@type":"EntryPoint","urlTemplate":"https:\/\/sandrapermanentmakeup.co.uk\/?s={search_term_string}"},"query-input":{"@type":"PropertyValueSpecification","valueRequired":true,"valueName":"search_term_string"}}],"inLanguage":"lt-LT"}]}},"_links":{"self":[{"href":"https:\/\/sandrapermanentmakeup.co.uk\/lt\/wp-json\/wp\/v2\/product\/2284","targetHints":{"allow":["GET"]}}],"collection":[{"href":"https:\/\/sandrapermanentmakeup.co.uk\/lt\/wp-json\/wp\/v2\/product"}],"about":[{"href":"https:\/\/sandrapermanentmakeup.co.uk\/lt\/wp-json\/wp\/v2\/types\/product"}],"wp:featuredmedia":[{"embeddable":true,"href":"https:\/\/sandrapermanentmakeup.co.uk\/lt\/wp-json\/wp\/v2\/media\/2086"}],"wp:attachment":[{"href":"https:\/\/sandrapermanentmakeup.co.uk\/lt\/wp-json\/wp\/v2\/media?parent=2284"}],"wp:term":[{"taxonomy":"product_brand","embeddable":true,"href":"https:\/\/sandrapermanentmakeup.co.uk\/lt\/wp-json\/wp\/v2\/product_brand?post=2284"},{"taxonomy":"product_cat","embeddable":true,"href":"https:\/\/sandrapermanentmakeup.co.uk\/lt\/wp-json\/wp\/v2\/product_cat?post=2284"},{"taxonomy":"product_tag","embeddable":true,"href":"https:\/\/sandrapermanentmakeup.co.uk\/lt\/wp-json\/wp\/v2\/product_tag?post=2284"}],"curies":[{"name":"wp","href":"https:\/\/api.w.org\/{rel}","templated":true}]}}