{"id":2283,"date":"2019-06-18T17:39:50","date_gmt":"2019-06-18T17:39:50","guid":{"rendered":"https:\/\/sandrapermanentmakeup.co.uk\/shop\/pmu-aparatas-derma-medical-3\/"},"modified":"2019-07-17T06:32:16","modified_gmt":"2019-07-17T06:32:16","slug":"pmu-aparatas-derma-medical-3","status":"publish","type":"product","link":"https:\/\/sandrapermanentmakeup.co.uk\/lt\/shop\/pmu-aparatas-derma-medical-3\/","title":{"rendered":"PMU Aparatas \u201cDerma Medical 3\u201d"},"content":{"rendered":"<h2>PMU Aparatas \u201cDerma Medical 3\u201d<\/h2>\n<p>\u201cDerma Medical 3\u201d turi pa\u017eangias skaitmenines technologijas ir moderni\u0105 integruot\u0105 ranken\u0117l\u0119. \u0160i ma\u0161ina yra labai tiksli, labai tyli ir nevibruoja, tod\u0117l adatos pj\u016bviai visada yra tokio pat dyd\u017eio, gylio ir atstumo. D\u0117l \u0161ios tikslios technikos oda greitai i\u0161gyja ir pasiekiamas tobulas rezultatas.<\/p>\n<p>\u0160iame aparate yra naudojama higieni\u0161ka kartrid\u017e\u0173 sistem\u0105 su 19 skirtingo pob\u016bd\u017eio kartrid\u017eais.<\/p>\n<p>\u201cDerma Medical 3\u201d tinka galvos odos mikropigmentacijai.<\/p>\n<p>Pristatymas: 5 dienos.<\/p>\n","protected":false},"excerpt":{"rendered":"<p>PMU Aparatas \u201cDerma Medical 3\u201d \u201cDerma Medical 3\u201d turi pa\u017eangias skaitmenines technologijas ir moderni\u0105 integruot\u0105 ranken\u0117l\u0119. \u0160i ma\u0161ina yra labai tiksli, labai tyli ir nevibruoja, tod\u0117l adatos pj\u016bviai visada yra tokio pat dyd\u017eio, gylio ir atstumo. D\u0117l \u0161ios tikslios technikos oda greitai i\u0161gyja ir pasiekiamas tobulas rezultatas. \u0160iame aparate yra naudojama higieni\u0161ka kartrid\u017e\u0173 sistem\u0105 su &hellip; <a href=\"https:\/\/sandrapermanentmakeup.co.uk\/lt\/shop\/pmu-aparatas-derma-medical-3\/\">Continued<\/a><\/p>\n","protected":false},"featured_media":2083,"template":"","meta":{"_acf_changed":false},"product_brand":[],"product_cat":[41],"product_tag":[],"class_list":{"0":"post-2283","1":"product","2":"type-product","3":"status-publish","4":"has-post-thumbnail","6":"product_cat-pmu-aparatai","8":"first","9":"instock","10":"shipping-taxable","11":"purchasable","12":"product-type-simple"},"acf":[],"yoast_head":"<!-- This site is optimized with the Yoast SEO plugin v25.8 - https:\/\/yoast.com\/wordpress\/plugins\/seo\/ -->\n<title>PMU Aparatas \u201cDerma Medical 3\u201d - Semi Permanent Makeup by Sandra Opul | No1 in Microblading<\/title>\n<meta name=\"robots\" content=\"index, follow, max-snippet:-1, max-image-preview:large, max-video-preview:-1\" \/>\n<link rel=\"canonical\" href=\"https:\/\/sandrapermanentmakeup.co.uk\/shop\/ecuri-derma-medical-3-pmu-machine\/\" \/>\n<meta property=\"og:locale\" content=\"lt_LT\" \/>\n<meta property=\"og:type\" content=\"article\" \/>\n<meta property=\"og:title\" content=\"PMU Aparatas \u201cDerma Medical 3\u201d - Semi Permanent Makeup by Sandra Opul | No1 in Microblading\" \/>\n<meta property=\"og:description\" content=\"PMU Aparatas \u201cDerma Medical 3\u201d \u201cDerma Medical 3\u201d turi pa\u017eangias skaitmenines technologijas ir moderni\u0105 integruot\u0105 ranken\u0117l\u0119. \u0160i ma\u0161ina yra labai tiksli, labai tyli ir nevibruoja, tod\u0117l adatos pj\u016bviai visada yra tokio pat dyd\u017eio, gylio ir atstumo. D\u0117l \u0161ios tikslios technikos oda greitai i\u0161gyja ir pasiekiamas tobulas rezultatas. \u0160iame aparate yra naudojama higieni\u0161ka kartrid\u017e\u0173 sistem\u0105 su &hellip; Continued\" \/>\n<meta property=\"og:url\" content=\"https:\/\/sandrapermanentmakeup.co.uk\/shop\/ecuri-derma-medical-3-pmu-machine\/\" \/>\n<meta property=\"og:site_name\" content=\"Semi Permanent Makeup by Sandra Opul | No1 in Microblading\" \/>\n<meta property=\"article:modified_time\" content=\"2019-07-17T06:32:16+00:00\" \/>\n<meta property=\"og:image\" content=\"https:\/\/sandrapermanentmakeup.co.uk\/wp-content\/uploads\/2019\/06\/derma-medical-3-ecuri-startersset3.png\" \/>\n\t<meta property=\"og:image:width\" content=\"1022\" \/>\n\t<meta property=\"og:image:height\" content=\"559\" \/>\n\t<meta property=\"og:image:type\" content=\"image\/png\" \/>\n<meta name=\"twitter:card\" content=\"summary_large_image\" \/>\n<script type=\"application\/ld+json\" class=\"yoast-schema-graph\">{\"@context\":\"https:\/\/schema.org\",\"@graph\":[{\"@type\":\"WebPage\",\"@id\":\"https:\/\/sandrapermanentmakeup.co.uk\/shop\/ecuri-derma-medical-3-pmu-machine\/\",\"url\":\"https:\/\/sandrapermanentmakeup.co.uk\/shop\/ecuri-derma-medical-3-pmu-machine\/\",\"name\":\"PMU Aparatas \u201cDerma Medical 3\u201d - Semi Permanent Makeup by Sandra Opul | No1 in Microblading\",\"isPartOf\":{\"@id\":\"https:\/\/sandrapermanentmakeup.co.uk\/#website\"},\"primaryImageOfPage\":{\"@id\":\"https:\/\/sandrapermanentmakeup.co.uk\/shop\/ecuri-derma-medical-3-pmu-machine\/#primaryimage\"},\"image\":{\"@id\":\"https:\/\/sandrapermanentmakeup.co.uk\/shop\/ecuri-derma-medical-3-pmu-machine\/#primaryimage\"},\"thumbnailUrl\":\"https:\/\/sandrapermanentmakeup.co.uk\/wp-content\/uploads\/2019\/06\/derma-medical-3-ecuri-startersset3.png\",\"datePublished\":\"2019-06-18T17:39:50+00:00\",\"dateModified\":\"2019-07-17T06:32:16+00:00\",\"breadcrumb\":{\"@id\":\"https:\/\/sandrapermanentmakeup.co.uk\/shop\/ecuri-derma-medical-3-pmu-machine\/#breadcrumb\"},\"inLanguage\":\"lt-LT\",\"potentialAction\":[{\"@type\":\"ReadAction\",\"target\":[\"https:\/\/sandrapermanentmakeup.co.uk\/shop\/ecuri-derma-medical-3-pmu-machine\/\"]}]},{\"@type\":\"ImageObject\",\"inLanguage\":\"lt-LT\",\"@id\":\"https:\/\/sandrapermanentmakeup.co.uk\/shop\/ecuri-derma-medical-3-pmu-machine\/#primaryimage\",\"url\":\"https:\/\/sandrapermanentmakeup.co.uk\/wp-content\/uploads\/2019\/06\/derma-medical-3-ecuri-startersset3.png\",\"contentUrl\":\"https:\/\/sandrapermanentmakeup.co.uk\/wp-content\/uploads\/2019\/06\/derma-medical-3-ecuri-startersset3.png\",\"width\":1022,\"height\":559,\"caption\":\"PMU_Aparatas_Derma_Medical\"},{\"@type\":\"BreadcrumbList\",\"@id\":\"https:\/\/sandrapermanentmakeup.co.uk\/shop\/ecuri-derma-medical-3-pmu-machine\/#breadcrumb\",\"itemListElement\":[{\"@type\":\"ListItem\",\"position\":1,\"name\":\"Home\",\"item\":\"https:\/\/sandrapermanentmakeup.co.uk\/lt\/\"},{\"@type\":\"ListItem\",\"position\":2,\"name\":\"e-Parduotuv\u0117\",\"item\":\"https:\/\/sandrapermanentmakeup.co.uk\/lt\/shop\/\"},{\"@type\":\"ListItem\",\"position\":3,\"name\":\"PMU Aparatas \u201cDerma Medical 3\u201d\"}]},{\"@type\":\"WebSite\",\"@id\":\"https:\/\/sandrapermanentmakeup.co.uk\/#website\",\"url\":\"https:\/\/sandrapermanentmakeup.co.uk\/\",\"name\":\"Semi Permanent Makeup by Sandra Opul | No1 in Microblading\",\"description\":\"\",\"potentialAction\":[{\"@type\":\"SearchAction\",\"target\":{\"@type\":\"EntryPoint\",\"urlTemplate\":\"https:\/\/sandrapermanentmakeup.co.uk\/?s={search_term_string}\"},\"query-input\":{\"@type\":\"PropertyValueSpecification\",\"valueRequired\":true,\"valueName\":\"search_term_string\"}}],\"inLanguage\":\"lt-LT\"}]}<\/script>\n<!-- \/ Yoast SEO plugin. -->","yoast_head_json":{"title":"PMU Aparatas \u201cDerma Medical 3\u201d - Semi Permanent Makeup by Sandra Opul | No1 in Microblading","robots":{"index":"index","follow":"follow","max-snippet":"max-snippet:-1","max-image-preview":"max-image-preview:large","max-video-preview":"max-video-preview:-1"},"canonical":"https:\/\/sandrapermanentmakeup.co.uk\/shop\/ecuri-derma-medical-3-pmu-machine\/","og_locale":"lt_LT","og_type":"article","og_title":"PMU Aparatas \u201cDerma Medical 3\u201d - Semi Permanent Makeup by Sandra Opul | No1 in Microblading","og_description":"PMU Aparatas \u201cDerma Medical 3\u201d \u201cDerma Medical 3\u201d turi pa\u017eangias skaitmenines technologijas ir moderni\u0105 integruot\u0105 ranken\u0117l\u0119. \u0160i ma\u0161ina yra labai tiksli, labai tyli ir nevibruoja, tod\u0117l adatos pj\u016bviai visada yra tokio pat dyd\u017eio, gylio ir atstumo. D\u0117l \u0161ios tikslios technikos oda greitai i\u0161gyja ir pasiekiamas tobulas rezultatas. \u0160iame aparate yra naudojama higieni\u0161ka kartrid\u017e\u0173 sistem\u0105 su &hellip; Continued","og_url":"https:\/\/sandrapermanentmakeup.co.uk\/shop\/ecuri-derma-medical-3-pmu-machine\/","og_site_name":"Semi Permanent Makeup by Sandra Opul | No1 in Microblading","article_modified_time":"2019-07-17T06:32:16+00:00","og_image":[{"width":1022,"height":559,"url":"https:\/\/sandrapermanentmakeup.co.uk\/wp-content\/uploads\/2019\/06\/derma-medical-3-ecuri-startersset3.png","type":"image\/png"}],"twitter_card":"summary_large_image","schema":{"@context":"https:\/\/schema.org","@graph":[{"@type":"WebPage","@id":"https:\/\/sandrapermanentmakeup.co.uk\/shop\/ecuri-derma-medical-3-pmu-machine\/","url":"https:\/\/sandrapermanentmakeup.co.uk\/shop\/ecuri-derma-medical-3-pmu-machine\/","name":"PMU Aparatas \u201cDerma Medical 3\u201d - Semi Permanent Makeup by Sandra Opul | No1 in Microblading","isPartOf":{"@id":"https:\/\/sandrapermanentmakeup.co.uk\/#website"},"primaryImageOfPage":{"@id":"https:\/\/sandrapermanentmakeup.co.uk\/shop\/ecuri-derma-medical-3-pmu-machine\/#primaryimage"},"image":{"@id":"https:\/\/sandrapermanentmakeup.co.uk\/shop\/ecuri-derma-medical-3-pmu-machine\/#primaryimage"},"thumbnailUrl":"https:\/\/sandrapermanentmakeup.co.uk\/wp-content\/uploads\/2019\/06\/derma-medical-3-ecuri-startersset3.png","datePublished":"2019-06-18T17:39:50+00:00","dateModified":"2019-07-17T06:32:16+00:00","breadcrumb":{"@id":"https:\/\/sandrapermanentmakeup.co.uk\/shop\/ecuri-derma-medical-3-pmu-machine\/#breadcrumb"},"inLanguage":"lt-LT","potentialAction":[{"@type":"ReadAction","target":["https:\/\/sandrapermanentmakeup.co.uk\/shop\/ecuri-derma-medical-3-pmu-machine\/"]}]},{"@type":"ImageObject","inLanguage":"lt-LT","@id":"https:\/\/sandrapermanentmakeup.co.uk\/shop\/ecuri-derma-medical-3-pmu-machine\/#primaryimage","url":"https:\/\/sandrapermanentmakeup.co.uk\/wp-content\/uploads\/2019\/06\/derma-medical-3-ecuri-startersset3.png","contentUrl":"https:\/\/sandrapermanentmakeup.co.uk\/wp-content\/uploads\/2019\/06\/derma-medical-3-ecuri-startersset3.png","width":1022,"height":559,"caption":"PMU_Aparatas_Derma_Medical"},{"@type":"BreadcrumbList","@id":"https:\/\/sandrapermanentmakeup.co.uk\/shop\/ecuri-derma-medical-3-pmu-machine\/#breadcrumb","itemListElement":[{"@type":"ListItem","position":1,"name":"Home","item":"https:\/\/sandrapermanentmakeup.co.uk\/lt\/"},{"@type":"ListItem","position":2,"name":"e-Parduotuv\u0117","item":"https:\/\/sandrapermanentmakeup.co.uk\/lt\/shop\/"},{"@type":"ListItem","position":3,"name":"PMU Aparatas \u201cDerma Medical 3\u201d"}]},{"@type":"WebSite","@id":"https:\/\/sandrapermanentmakeup.co.uk\/#website","url":"https:\/\/sandrapermanentmakeup.co.uk\/","name":"Semi Permanent Makeup by Sandra Opul | No1 in Microblading","description":"","potentialAction":[{"@type":"SearchAction","target":{"@type":"EntryPoint","urlTemplate":"https:\/\/sandrapermanentmakeup.co.uk\/?s={search_term_string}"},"query-input":{"@type":"PropertyValueSpecification","valueRequired":true,"valueName":"search_term_string"}}],"inLanguage":"lt-LT"}]}},"_links":{"self":[{"href":"https:\/\/sandrapermanentmakeup.co.uk\/lt\/wp-json\/wp\/v2\/product\/2283","targetHints":{"allow":["GET"]}}],"collection":[{"href":"https:\/\/sandrapermanentmakeup.co.uk\/lt\/wp-json\/wp\/v2\/product"}],"about":[{"href":"https:\/\/sandrapermanentmakeup.co.uk\/lt\/wp-json\/wp\/v2\/types\/product"}],"wp:featuredmedia":[{"embeddable":true,"href":"https:\/\/sandrapermanentmakeup.co.uk\/lt\/wp-json\/wp\/v2\/media\/2083"}],"wp:attachment":[{"href":"https:\/\/sandrapermanentmakeup.co.uk\/lt\/wp-json\/wp\/v2\/media?parent=2283"}],"wp:term":[{"taxonomy":"product_brand","embeddable":true,"href":"https:\/\/sandrapermanentmakeup.co.uk\/lt\/wp-json\/wp\/v2\/product_brand?post=2283"},{"taxonomy":"product_cat","embeddable":true,"href":"https:\/\/sandrapermanentmakeup.co.uk\/lt\/wp-json\/wp\/v2\/product_cat?post=2283"},{"taxonomy":"product_tag","embeddable":true,"href":"https:\/\/sandrapermanentmakeup.co.uk\/lt\/wp-json\/wp\/v2\/product_tag?post=2283"}],"curies":[{"name":"wp","href":"https:\/\/api.w.org\/{rel}","templated":true}]}}