{"id":2282,"date":"2019-06-18T17:24:16","date_gmt":"2019-06-18T17:24:16","guid":{"rendered":"https:\/\/sandrapermanentmakeup.co.uk\/shop\/nd-yag-lazeris\/"},"modified":"2019-07-01T19:31:55","modified_gmt":"2019-07-01T19:31:55","slug":"nd-yag-lazeris","status":"publish","type":"product","link":"https:\/\/sandrapermanentmakeup.co.uk\/lt\/shop\/nd-yag-lazeris\/","title":{"rendered":"ND-YAG Lazeris Tatuiruo\u010di\u0173 \u0160alinimui"},"content":{"rendered":"<h2>ND-YAG Lazeris Tatuiruo\u010di\u0173 \u0160alinimui<\/h2>\n<p>Moderniausias Nd-Yag mikropigmentacijos ir tatuiruo\u010di\u0173 \u0161alinimo lazeris. Su juo galima pa\u0161alinti bet kurioje k\u016bno vietoje i\u0161tatuiruot\u0105 pie\u0161in\u012f (nepavykusio permanentinio makia\u017eo ir tatuiruot\u0117s rezultat\u0105).<\/p>\n<p>\u0160is lazeris taip pat pa\u0161alina pigmentines d\u0117mes per vien\u0105 proced\u016br\u0105.<\/p>\n<p>Su \u0161iuo lazeriu taip pat galima atlikti veido anglies valym\u0105.<\/p>\n<p>Techniniai duomenys:<\/p>\n<ul>\n<li>1064 nm + KTP 532 nm<\/li>\n<li>Pulso energija: daugiausia 1000 mJ<\/li>\n<li>Impuls\u0173 da\u017enis: 1, 2, 3, 4, 5, 6 Hz<\/li>\n<li>Impulso trukm\u0117: 10 ns<\/li>\n<li>I\u0161matavimai: 240 x 210 x 400 mm<\/li>\n<li>Svoris: 14 kg<\/li>\n<li>Bangos: 1064 nm arba 532 nm<\/li>\n<li>Maitinimo \u0161altinis: 220V 6A<\/li>\n<li>CE sertifikuotas<\/li>\n<\/ul>\n<p>Priedai prie lazerio:<\/p>\n<ul>\n<li>Aki\u0173 apsauginiai akiniai nuo 1064 nm (\u017ealios spalvos)<\/li>\n<li>Aki\u0173 apsauginiai akiniai 532 nm (oran\u017ein\u0117s spalvos)<\/li>\n<li>Aki\u0173 apsauginiai akiniai nuo 1064 ir 532 nm (rudos spalvos)<\/li>\n<li>100% apsauginiai akiniai klientui<\/li>\n<li>1064 nm fokusuojantys l\u0119\u0161iai<\/li>\n<li>KTP 532 nm fokusuojantys l\u0119\u0161iai<\/li>\n<li>L\u0119\u0161is anglies pilingui<\/li>\n<\/ul>\n<p>Pristatymas: 5 dienos<\/p>\n","protected":false},"excerpt":{"rendered":"<p>ND-YAG Lazeris Tatuiruo\u010di\u0173 \u0160alinimui Moderniausias Nd-Yag mikropigmentacijos ir tatuiruo\u010di\u0173 \u0161alinimo lazeris. Su juo galima pa\u0161alinti bet kurioje k\u016bno vietoje i\u0161tatuiruot\u0105 pie\u0161in\u012f (nepavykusio permanentinio makia\u017eo ir tatuiruot\u0117s rezultat\u0105). \u0160is lazeris taip pat pa\u0161alina pigmentines d\u0117mes per vien\u0105 proced\u016br\u0105. Su \u0161iuo lazeriu taip pat galima atlikti veido anglies valym\u0105. Techniniai duomenys: 1064 nm + KTP 532 nm &hellip; <a href=\"https:\/\/sandrapermanentmakeup.co.uk\/lt\/shop\/nd-yag-lazeris\/\">Continued<\/a><\/p>\n","protected":false},"featured_media":2092,"template":"","meta":{"_acf_changed":false},"product_brand":[],"product_cat":[41],"product_tag":[],"class_list":{"0":"post-2282","1":"product","2":"type-product","3":"status-publish","4":"has-post-thumbnail","6":"product_cat-pmu-aparatai","8":"first","9":"instock","10":"shipping-taxable","11":"purchasable","12":"product-type-simple"},"acf":[],"yoast_head":"<!-- This site is optimized with the Yoast SEO plugin v25.8 - https:\/\/yoast.com\/wordpress\/plugins\/seo\/ -->\n<title>ND-YAG Lazeris Tatuiruo\u010di\u0173 \u0160alinimui - Semi Permanent Makeup by Sandra Opul | No1 in Microblading<\/title>\n<meta name=\"robots\" content=\"index, follow, max-snippet:-1, max-image-preview:large, max-video-preview:-1\" \/>\n<link rel=\"canonical\" href=\"https:\/\/sandrapermanentmakeup.co.uk\/shop\/nd-yag-laser-ec-1\/\" \/>\n<meta property=\"og:locale\" content=\"lt_LT\" \/>\n<meta property=\"og:type\" content=\"article\" \/>\n<meta property=\"og:title\" content=\"ND-YAG Lazeris Tatuiruo\u010di\u0173 \u0160alinimui - Semi Permanent Makeup by Sandra Opul | No1 in Microblading\" \/>\n<meta property=\"og:description\" content=\"ND-YAG Lazeris Tatuiruo\u010di\u0173 \u0160alinimui Moderniausias Nd-Yag mikropigmentacijos ir tatuiruo\u010di\u0173 \u0161alinimo lazeris. Su juo galima pa\u0161alinti bet kurioje k\u016bno vietoje i\u0161tatuiruot\u0105 pie\u0161in\u012f (nepavykusio permanentinio makia\u017eo ir tatuiruot\u0117s rezultat\u0105). \u0160is lazeris taip pat pa\u0161alina pigmentines d\u0117mes per vien\u0105 proced\u016br\u0105. Su \u0161iuo lazeriu taip pat galima atlikti veido anglies valym\u0105. Techniniai duomenys: 1064 nm + KTP 532 nm &hellip; Continued\" \/>\n<meta property=\"og:url\" content=\"https:\/\/sandrapermanentmakeup.co.uk\/shop\/nd-yag-laser-ec-1\/\" \/>\n<meta property=\"og:site_name\" content=\"Semi Permanent Makeup by Sandra Opul | No1 in Microblading\" \/>\n<meta property=\"article:modified_time\" content=\"2019-07-01T19:31:55+00:00\" \/>\n<meta property=\"og:image\" content=\"https:\/\/sandrapermanentmakeup.co.uk\/wp-content\/uploads\/2019\/06\/permanent-makeup-verwijderen-nd-yag-laser.jpg\" \/>\n\t<meta property=\"og:image:width\" content=\"750\" \/>\n\t<meta property=\"og:image:height\" content=\"500\" \/>\n\t<meta property=\"og:image:type\" content=\"image\/jpeg\" \/>\n<meta name=\"twitter:card\" content=\"summary_large_image\" \/>\n<meta name=\"twitter:label1\" content=\"Est. reading time\" \/>\n\t<meta name=\"twitter:data1\" content=\"1 minute\" \/>\n<script type=\"application\/ld+json\" class=\"yoast-schema-graph\">{\"@context\":\"https:\/\/schema.org\",\"@graph\":[{\"@type\":\"WebPage\",\"@id\":\"https:\/\/sandrapermanentmakeup.co.uk\/shop\/nd-yag-laser-ec-1\/\",\"url\":\"https:\/\/sandrapermanentmakeup.co.uk\/shop\/nd-yag-laser-ec-1\/\",\"name\":\"ND-YAG Lazeris Tatuiruo\u010di\u0173 \u0160alinimui - Semi Permanent Makeup by Sandra Opul | No1 in Microblading\",\"isPartOf\":{\"@id\":\"https:\/\/sandrapermanentmakeup.co.uk\/#website\"},\"primaryImageOfPage\":{\"@id\":\"https:\/\/sandrapermanentmakeup.co.uk\/shop\/nd-yag-laser-ec-1\/#primaryimage\"},\"image\":{\"@id\":\"https:\/\/sandrapermanentmakeup.co.uk\/shop\/nd-yag-laser-ec-1\/#primaryimage\"},\"thumbnailUrl\":\"https:\/\/sandrapermanentmakeup.co.uk\/wp-content\/uploads\/2019\/06\/permanent-makeup-verwijderen-nd-yag-laser.jpg\",\"datePublished\":\"2019-06-18T17:24:16+00:00\",\"dateModified\":\"2019-07-01T19:31:55+00:00\",\"breadcrumb\":{\"@id\":\"https:\/\/sandrapermanentmakeup.co.uk\/shop\/nd-yag-laser-ec-1\/#breadcrumb\"},\"inLanguage\":\"lt-LT\",\"potentialAction\":[{\"@type\":\"ReadAction\",\"target\":[\"https:\/\/sandrapermanentmakeup.co.uk\/shop\/nd-yag-laser-ec-1\/\"]}]},{\"@type\":\"ImageObject\",\"inLanguage\":\"lt-LT\",\"@id\":\"https:\/\/sandrapermanentmakeup.co.uk\/shop\/nd-yag-laser-ec-1\/#primaryimage\",\"url\":\"https:\/\/sandrapermanentmakeup.co.uk\/wp-content\/uploads\/2019\/06\/permanent-makeup-verwijderen-nd-yag-laser.jpg\",\"contentUrl\":\"https:\/\/sandrapermanentmakeup.co.uk\/wp-content\/uploads\/2019\/06\/permanent-makeup-verwijderen-nd-yag-laser.jpg\",\"width\":750,\"height\":500,\"caption\":\"NDYAG_Lazeris_Tatuiruo\u010di\u0173_\u0160alinimui\"},{\"@type\":\"BreadcrumbList\",\"@id\":\"https:\/\/sandrapermanentmakeup.co.uk\/shop\/nd-yag-laser-ec-1\/#breadcrumb\",\"itemListElement\":[{\"@type\":\"ListItem\",\"position\":1,\"name\":\"Home\",\"item\":\"https:\/\/sandrapermanentmakeup.co.uk\/lt\/\"},{\"@type\":\"ListItem\",\"position\":2,\"name\":\"e-Parduotuv\u0117\",\"item\":\"https:\/\/sandrapermanentmakeup.co.uk\/lt\/shop\/\"},{\"@type\":\"ListItem\",\"position\":3,\"name\":\"ND-YAG Lazeris Tatuiruo\u010di\u0173 \u0160alinimui\"}]},{\"@type\":\"WebSite\",\"@id\":\"https:\/\/sandrapermanentmakeup.co.uk\/#website\",\"url\":\"https:\/\/sandrapermanentmakeup.co.uk\/\",\"name\":\"Semi Permanent Makeup by Sandra Opul | No1 in Microblading\",\"description\":\"\",\"potentialAction\":[{\"@type\":\"SearchAction\",\"target\":{\"@type\":\"EntryPoint\",\"urlTemplate\":\"https:\/\/sandrapermanentmakeup.co.uk\/?s={search_term_string}\"},\"query-input\":{\"@type\":\"PropertyValueSpecification\",\"valueRequired\":true,\"valueName\":\"search_term_string\"}}],\"inLanguage\":\"lt-LT\"}]}<\/script>\n<!-- \/ Yoast SEO plugin. -->","yoast_head_json":{"title":"ND-YAG Lazeris Tatuiruo\u010di\u0173 \u0160alinimui - Semi Permanent Makeup by Sandra Opul | No1 in Microblading","robots":{"index":"index","follow":"follow","max-snippet":"max-snippet:-1","max-image-preview":"max-image-preview:large","max-video-preview":"max-video-preview:-1"},"canonical":"https:\/\/sandrapermanentmakeup.co.uk\/shop\/nd-yag-laser-ec-1\/","og_locale":"lt_LT","og_type":"article","og_title":"ND-YAG Lazeris Tatuiruo\u010di\u0173 \u0160alinimui - Semi Permanent Makeup by Sandra Opul | No1 in Microblading","og_description":"ND-YAG Lazeris Tatuiruo\u010di\u0173 \u0160alinimui Moderniausias Nd-Yag mikropigmentacijos ir tatuiruo\u010di\u0173 \u0161alinimo lazeris. Su juo galima pa\u0161alinti bet kurioje k\u016bno vietoje i\u0161tatuiruot\u0105 pie\u0161in\u012f (nepavykusio permanentinio makia\u017eo ir tatuiruot\u0117s rezultat\u0105). \u0160is lazeris taip pat pa\u0161alina pigmentines d\u0117mes per vien\u0105 proced\u016br\u0105. Su \u0161iuo lazeriu taip pat galima atlikti veido anglies valym\u0105. Techniniai duomenys: 1064 nm + KTP 532 nm &hellip; Continued","og_url":"https:\/\/sandrapermanentmakeup.co.uk\/shop\/nd-yag-laser-ec-1\/","og_site_name":"Semi Permanent Makeup by Sandra Opul | No1 in Microblading","article_modified_time":"2019-07-01T19:31:55+00:00","og_image":[{"width":750,"height":500,"url":"https:\/\/sandrapermanentmakeup.co.uk\/wp-content\/uploads\/2019\/06\/permanent-makeup-verwijderen-nd-yag-laser.jpg","type":"image\/jpeg"}],"twitter_card":"summary_large_image","twitter_misc":{"Est. reading time":"1 minute"},"schema":{"@context":"https:\/\/schema.org","@graph":[{"@type":"WebPage","@id":"https:\/\/sandrapermanentmakeup.co.uk\/shop\/nd-yag-laser-ec-1\/","url":"https:\/\/sandrapermanentmakeup.co.uk\/shop\/nd-yag-laser-ec-1\/","name":"ND-YAG Lazeris Tatuiruo\u010di\u0173 \u0160alinimui - Semi Permanent Makeup by Sandra Opul | No1 in Microblading","isPartOf":{"@id":"https:\/\/sandrapermanentmakeup.co.uk\/#website"},"primaryImageOfPage":{"@id":"https:\/\/sandrapermanentmakeup.co.uk\/shop\/nd-yag-laser-ec-1\/#primaryimage"},"image":{"@id":"https:\/\/sandrapermanentmakeup.co.uk\/shop\/nd-yag-laser-ec-1\/#primaryimage"},"thumbnailUrl":"https:\/\/sandrapermanentmakeup.co.uk\/wp-content\/uploads\/2019\/06\/permanent-makeup-verwijderen-nd-yag-laser.jpg","datePublished":"2019-06-18T17:24:16+00:00","dateModified":"2019-07-01T19:31:55+00:00","breadcrumb":{"@id":"https:\/\/sandrapermanentmakeup.co.uk\/shop\/nd-yag-laser-ec-1\/#breadcrumb"},"inLanguage":"lt-LT","potentialAction":[{"@type":"ReadAction","target":["https:\/\/sandrapermanentmakeup.co.uk\/shop\/nd-yag-laser-ec-1\/"]}]},{"@type":"ImageObject","inLanguage":"lt-LT","@id":"https:\/\/sandrapermanentmakeup.co.uk\/shop\/nd-yag-laser-ec-1\/#primaryimage","url":"https:\/\/sandrapermanentmakeup.co.uk\/wp-content\/uploads\/2019\/06\/permanent-makeup-verwijderen-nd-yag-laser.jpg","contentUrl":"https:\/\/sandrapermanentmakeup.co.uk\/wp-content\/uploads\/2019\/06\/permanent-makeup-verwijderen-nd-yag-laser.jpg","width":750,"height":500,"caption":"NDYAG_Lazeris_Tatuiruo\u010di\u0173_\u0160alinimui"},{"@type":"BreadcrumbList","@id":"https:\/\/sandrapermanentmakeup.co.uk\/shop\/nd-yag-laser-ec-1\/#breadcrumb","itemListElement":[{"@type":"ListItem","position":1,"name":"Home","item":"https:\/\/sandrapermanentmakeup.co.uk\/lt\/"},{"@type":"ListItem","position":2,"name":"e-Parduotuv\u0117","item":"https:\/\/sandrapermanentmakeup.co.uk\/lt\/shop\/"},{"@type":"ListItem","position":3,"name":"ND-YAG Lazeris Tatuiruo\u010di\u0173 \u0160alinimui"}]},{"@type":"WebSite","@id":"https:\/\/sandrapermanentmakeup.co.uk\/#website","url":"https:\/\/sandrapermanentmakeup.co.uk\/","name":"Semi Permanent Makeup by Sandra Opul | No1 in Microblading","description":"","potentialAction":[{"@type":"SearchAction","target":{"@type":"EntryPoint","urlTemplate":"https:\/\/sandrapermanentmakeup.co.uk\/?s={search_term_string}"},"query-input":{"@type":"PropertyValueSpecification","valueRequired":true,"valueName":"search_term_string"}}],"inLanguage":"lt-LT"}]}},"_links":{"self":[{"href":"https:\/\/sandrapermanentmakeup.co.uk\/lt\/wp-json\/wp\/v2\/product\/2282","targetHints":{"allow":["GET"]}}],"collection":[{"href":"https:\/\/sandrapermanentmakeup.co.uk\/lt\/wp-json\/wp\/v2\/product"}],"about":[{"href":"https:\/\/sandrapermanentmakeup.co.uk\/lt\/wp-json\/wp\/v2\/types\/product"}],"wp:featuredmedia":[{"embeddable":true,"href":"https:\/\/sandrapermanentmakeup.co.uk\/lt\/wp-json\/wp\/v2\/media\/2092"}],"wp:attachment":[{"href":"https:\/\/sandrapermanentmakeup.co.uk\/lt\/wp-json\/wp\/v2\/media?parent=2282"}],"wp:term":[{"taxonomy":"product_brand","embeddable":true,"href":"https:\/\/sandrapermanentmakeup.co.uk\/lt\/wp-json\/wp\/v2\/product_brand?post=2282"},{"taxonomy":"product_cat","embeddable":true,"href":"https:\/\/sandrapermanentmakeup.co.uk\/lt\/wp-json\/wp\/v2\/product_cat?post=2282"},{"taxonomy":"product_tag","embeddable":true,"href":"https:\/\/sandrapermanentmakeup.co.uk\/lt\/wp-json\/wp\/v2\/product_tag?post=2282"}],"curies":[{"name":"wp","href":"https:\/\/api.w.org\/{rel}","templated":true}]}}