{"id":2273,"date":"2019-06-18T17:31:25","date_gmt":"2019-06-18T17:31:25","guid":{"rendered":"https:\/\/sandrapermanentmakeup.co.uk\/shop\/kontroline-sviesos-rankenele\/"},"modified":"2019-06-27T19:46:00","modified_gmt":"2019-06-27T19:46:00","slug":"kontroline-sviesos-rankenele","status":"publish","type":"product","link":"https:\/\/sandrapermanentmakeup.co.uk\/lt\/shop\/kontroline-sviesos-rankenele\/","title":{"rendered":"Kontrolin\u0117 \u0161viesos ranken\u0117l\u0117"},"content":{"rendered":"<h2>Kontrolin\u0117 \u0161viesos ranken\u0117l\u0117<\/h2>\n<p>&nbsp;<\/p>\n<p>Labai lengvai naudojamas pgalbinis \u012frankis. Padeda nustatyti pigmento pasiskirstym\u0105 odoje permanentino makia\u017eo proced\u016bros metu ir po jos.<\/p>\n<p>\u0160viesos ranken\u0117l\u0117 naudojama tamsoje. J\u0105 \u012fjungus ir prid\u0117jus prie antaki\u0173 bus matoma, kuriose vietose tr\u016bksta \u012fvesto pigmento.<\/p>\n<p>Ranken\u0117l\u0117s \u0161viesa nekenkia akims.<\/p>\n<p>&nbsp;<\/p>\n","protected":false},"excerpt":{"rendered":"<p>Kontrolin\u0117 \u0161viesos ranken\u0117l\u0117 &nbsp; Labai lengvai naudojamas pgalbinis \u012frankis. Padeda nustatyti pigmento pasiskirstym\u0105 odoje permanentino makia\u017eo proced\u016bros metu ir po jos. \u0160viesos ranken\u0117l\u0117 naudojama tamsoje. J\u0105 \u012fjungus ir prid\u0117jus prie antaki\u0173 bus matoma, kuriose vietose tr\u016bksta \u012fvesto pigmento. Ranken\u0117l\u0117s \u0161viesa nekenkia akims. &nbsp;<\/p>\n","protected":false},"featured_media":2076,"template":"","meta":{"_acf_changed":false},"product_brand":[],"product_cat":[40],"product_tag":[],"class_list":{"0":"post-2273","1":"product","2":"type-product","3":"status-publish","4":"has-post-thumbnail","6":"product_cat-pagalbines-priemones","8":"first","9":"outofstock","10":"shipping-taxable","11":"purchasable","12":"product-type-simple"},"acf":[],"yoast_head":"<!-- This site is optimized with the Yoast SEO plugin v25.8 - https:\/\/yoast.com\/wordpress\/plugins\/seo\/ -->\n<title>Kontrolin\u0117 \u0161viesos ranken\u0117l\u0117 - Semi Permanent Makeup by Sandra Opul | No1 in Microblading<\/title>\n<meta name=\"robots\" content=\"index, follow, max-snippet:-1, max-image-preview:large, max-video-preview:-1\" \/>\n<link rel=\"canonical\" href=\"https:\/\/sandrapermanentmakeup.co.uk\/shop\/control-pen-light\/\" \/>\n<meta property=\"og:locale\" content=\"lt_LT\" \/>\n<meta property=\"og:type\" content=\"article\" \/>\n<meta property=\"og:title\" content=\"Kontrolin\u0117 \u0161viesos ranken\u0117l\u0117 - Semi Permanent Makeup by Sandra Opul | No1 in Microblading\" \/>\n<meta property=\"og:description\" content=\"Kontrolin\u0117 \u0161viesos ranken\u0117l\u0117 &nbsp; Labai lengvai naudojamas pgalbinis \u012frankis. Padeda nustatyti pigmento pasiskirstym\u0105 odoje permanentino makia\u017eo proced\u016bros metu ir po jos. \u0160viesos ranken\u0117l\u0117 naudojama tamsoje. J\u0105 \u012fjungus ir prid\u0117jus prie antaki\u0173 bus matoma, kuriose vietose tr\u016bksta \u012fvesto pigmento. Ranken\u0117l\u0117s \u0161viesa nekenkia akims. &nbsp;\" \/>\n<meta property=\"og:url\" content=\"https:\/\/sandrapermanentmakeup.co.uk\/shop\/control-pen-light\/\" \/>\n<meta property=\"og:site_name\" content=\"Semi Permanent Makeup by Sandra Opul | No1 in Microblading\" \/>\n<meta property=\"article:modified_time\" content=\"2019-06-27T19:46:00+00:00\" \/>\n<meta property=\"og:image\" content=\"https:\/\/sandrapermanentmakeup.co.uk\/wp-content\/uploads\/2019\/06\/controlpenlight-2.png\" \/>\n\t<meta property=\"og:image:width\" content=\"2500\" \/>\n\t<meta property=\"og:image:height\" content=\"1000\" \/>\n\t<meta property=\"og:image:type\" content=\"image\/png\" \/>\n<meta name=\"twitter:card\" content=\"summary_large_image\" \/>\n<script type=\"application\/ld+json\" class=\"yoast-schema-graph\">{\"@context\":\"https:\/\/schema.org\",\"@graph\":[{\"@type\":\"WebPage\",\"@id\":\"https:\/\/sandrapermanentmakeup.co.uk\/shop\/control-pen-light\/\",\"url\":\"https:\/\/sandrapermanentmakeup.co.uk\/shop\/control-pen-light\/\",\"name\":\"Kontrolin\u0117 \u0161viesos ranken\u0117l\u0117 - Semi Permanent Makeup by Sandra Opul | No1 in Microblading\",\"isPartOf\":{\"@id\":\"https:\/\/sandrapermanentmakeup.co.uk\/#website\"},\"primaryImageOfPage\":{\"@id\":\"https:\/\/sandrapermanentmakeup.co.uk\/shop\/control-pen-light\/#primaryimage\"},\"image\":{\"@id\":\"https:\/\/sandrapermanentmakeup.co.uk\/shop\/control-pen-light\/#primaryimage\"},\"thumbnailUrl\":\"https:\/\/sandrapermanentmakeup.co.uk\/wp-content\/uploads\/2019\/06\/controlpenlight-2.png\",\"datePublished\":\"2019-06-18T17:31:25+00:00\",\"dateModified\":\"2019-06-27T19:46:00+00:00\",\"breadcrumb\":{\"@id\":\"https:\/\/sandrapermanentmakeup.co.uk\/shop\/control-pen-light\/#breadcrumb\"},\"inLanguage\":\"lt-LT\",\"potentialAction\":[{\"@type\":\"ReadAction\",\"target\":[\"https:\/\/sandrapermanentmakeup.co.uk\/shop\/control-pen-light\/\"]}]},{\"@type\":\"ImageObject\",\"inLanguage\":\"lt-LT\",\"@id\":\"https:\/\/sandrapermanentmakeup.co.uk\/shop\/control-pen-light\/#primaryimage\",\"url\":\"https:\/\/sandrapermanentmakeup.co.uk\/wp-content\/uploads\/2019\/06\/controlpenlight-2.png\",\"contentUrl\":\"https:\/\/sandrapermanentmakeup.co.uk\/wp-content\/uploads\/2019\/06\/controlpenlight-2.png\",\"width\":2500,\"height\":1000,\"caption\":\"Kontrolin\u0117 \u0161viesos ranken\u0117l\u0117\"},{\"@type\":\"BreadcrumbList\",\"@id\":\"https:\/\/sandrapermanentmakeup.co.uk\/shop\/control-pen-light\/#breadcrumb\",\"itemListElement\":[{\"@type\":\"ListItem\",\"position\":1,\"name\":\"Home\",\"item\":\"https:\/\/sandrapermanentmakeup.co.uk\/lt\/\"},{\"@type\":\"ListItem\",\"position\":2,\"name\":\"e-Parduotuv\u0117\",\"item\":\"https:\/\/sandrapermanentmakeup.co.uk\/lt\/shop\/\"},{\"@type\":\"ListItem\",\"position\":3,\"name\":\"Kontrolin\u0117 \u0161viesos ranken\u0117l\u0117\"}]},{\"@type\":\"WebSite\",\"@id\":\"https:\/\/sandrapermanentmakeup.co.uk\/#website\",\"url\":\"https:\/\/sandrapermanentmakeup.co.uk\/\",\"name\":\"Semi Permanent Makeup by Sandra Opul | No1 in Microblading\",\"description\":\"\",\"potentialAction\":[{\"@type\":\"SearchAction\",\"target\":{\"@type\":\"EntryPoint\",\"urlTemplate\":\"https:\/\/sandrapermanentmakeup.co.uk\/?s={search_term_string}\"},\"query-input\":{\"@type\":\"PropertyValueSpecification\",\"valueRequired\":true,\"valueName\":\"search_term_string\"}}],\"inLanguage\":\"lt-LT\"}]}<\/script>\n<!-- \/ Yoast SEO plugin. -->","yoast_head_json":{"title":"Kontrolin\u0117 \u0161viesos ranken\u0117l\u0117 - Semi Permanent Makeup by Sandra Opul | No1 in Microblading","robots":{"index":"index","follow":"follow","max-snippet":"max-snippet:-1","max-image-preview":"max-image-preview:large","max-video-preview":"max-video-preview:-1"},"canonical":"https:\/\/sandrapermanentmakeup.co.uk\/shop\/control-pen-light\/","og_locale":"lt_LT","og_type":"article","og_title":"Kontrolin\u0117 \u0161viesos ranken\u0117l\u0117 - Semi Permanent Makeup by Sandra Opul | No1 in Microblading","og_description":"Kontrolin\u0117 \u0161viesos ranken\u0117l\u0117 &nbsp; Labai lengvai naudojamas pgalbinis \u012frankis. Padeda nustatyti pigmento pasiskirstym\u0105 odoje permanentino makia\u017eo proced\u016bros metu ir po jos. \u0160viesos ranken\u0117l\u0117 naudojama tamsoje. J\u0105 \u012fjungus ir prid\u0117jus prie antaki\u0173 bus matoma, kuriose vietose tr\u016bksta \u012fvesto pigmento. Ranken\u0117l\u0117s \u0161viesa nekenkia akims. &nbsp;","og_url":"https:\/\/sandrapermanentmakeup.co.uk\/shop\/control-pen-light\/","og_site_name":"Semi Permanent Makeup by Sandra Opul | No1 in Microblading","article_modified_time":"2019-06-27T19:46:00+00:00","og_image":[{"width":2500,"height":1000,"url":"https:\/\/sandrapermanentmakeup.co.uk\/wp-content\/uploads\/2019\/06\/controlpenlight-2.png","type":"image\/png"}],"twitter_card":"summary_large_image","schema":{"@context":"https:\/\/schema.org","@graph":[{"@type":"WebPage","@id":"https:\/\/sandrapermanentmakeup.co.uk\/shop\/control-pen-light\/","url":"https:\/\/sandrapermanentmakeup.co.uk\/shop\/control-pen-light\/","name":"Kontrolin\u0117 \u0161viesos ranken\u0117l\u0117 - Semi Permanent Makeup by Sandra Opul | No1 in Microblading","isPartOf":{"@id":"https:\/\/sandrapermanentmakeup.co.uk\/#website"},"primaryImageOfPage":{"@id":"https:\/\/sandrapermanentmakeup.co.uk\/shop\/control-pen-light\/#primaryimage"},"image":{"@id":"https:\/\/sandrapermanentmakeup.co.uk\/shop\/control-pen-light\/#primaryimage"},"thumbnailUrl":"https:\/\/sandrapermanentmakeup.co.uk\/wp-content\/uploads\/2019\/06\/controlpenlight-2.png","datePublished":"2019-06-18T17:31:25+00:00","dateModified":"2019-06-27T19:46:00+00:00","breadcrumb":{"@id":"https:\/\/sandrapermanentmakeup.co.uk\/shop\/control-pen-light\/#breadcrumb"},"inLanguage":"lt-LT","potentialAction":[{"@type":"ReadAction","target":["https:\/\/sandrapermanentmakeup.co.uk\/shop\/control-pen-light\/"]}]},{"@type":"ImageObject","inLanguage":"lt-LT","@id":"https:\/\/sandrapermanentmakeup.co.uk\/shop\/control-pen-light\/#primaryimage","url":"https:\/\/sandrapermanentmakeup.co.uk\/wp-content\/uploads\/2019\/06\/controlpenlight-2.png","contentUrl":"https:\/\/sandrapermanentmakeup.co.uk\/wp-content\/uploads\/2019\/06\/controlpenlight-2.png","width":2500,"height":1000,"caption":"Kontrolin\u0117 \u0161viesos ranken\u0117l\u0117"},{"@type":"BreadcrumbList","@id":"https:\/\/sandrapermanentmakeup.co.uk\/shop\/control-pen-light\/#breadcrumb","itemListElement":[{"@type":"ListItem","position":1,"name":"Home","item":"https:\/\/sandrapermanentmakeup.co.uk\/lt\/"},{"@type":"ListItem","position":2,"name":"e-Parduotuv\u0117","item":"https:\/\/sandrapermanentmakeup.co.uk\/lt\/shop\/"},{"@type":"ListItem","position":3,"name":"Kontrolin\u0117 \u0161viesos ranken\u0117l\u0117"}]},{"@type":"WebSite","@id":"https:\/\/sandrapermanentmakeup.co.uk\/#website","url":"https:\/\/sandrapermanentmakeup.co.uk\/","name":"Semi Permanent Makeup by Sandra Opul | No1 in Microblading","description":"","potentialAction":[{"@type":"SearchAction","target":{"@type":"EntryPoint","urlTemplate":"https:\/\/sandrapermanentmakeup.co.uk\/?s={search_term_string}"},"query-input":{"@type":"PropertyValueSpecification","valueRequired":true,"valueName":"search_term_string"}}],"inLanguage":"lt-LT"}]}},"_links":{"self":[{"href":"https:\/\/sandrapermanentmakeup.co.uk\/lt\/wp-json\/wp\/v2\/product\/2273","targetHints":{"allow":["GET"]}}],"collection":[{"href":"https:\/\/sandrapermanentmakeup.co.uk\/lt\/wp-json\/wp\/v2\/product"}],"about":[{"href":"https:\/\/sandrapermanentmakeup.co.uk\/lt\/wp-json\/wp\/v2\/types\/product"}],"wp:featuredmedia":[{"embeddable":true,"href":"https:\/\/sandrapermanentmakeup.co.uk\/lt\/wp-json\/wp\/v2\/media\/2076"}],"wp:attachment":[{"href":"https:\/\/sandrapermanentmakeup.co.uk\/lt\/wp-json\/wp\/v2\/media?parent=2273"}],"wp:term":[{"taxonomy":"product_brand","embeddable":true,"href":"https:\/\/sandrapermanentmakeup.co.uk\/lt\/wp-json\/wp\/v2\/product_brand?post=2273"},{"taxonomy":"product_cat","embeddable":true,"href":"https:\/\/sandrapermanentmakeup.co.uk\/lt\/wp-json\/wp\/v2\/product_cat?post=2273"},{"taxonomy":"product_tag","embeddable":true,"href":"https:\/\/sandrapermanentmakeup.co.uk\/lt\/wp-json\/wp\/v2\/product_tag?post=2273"}],"curies":[{"name":"wp","href":"https:\/\/api.w.org\/{rel}","templated":true}]}}