{"id":2270,"date":"2019-06-18T17:13:15","date_gmt":"2019-06-18T17:13:15","guid":{"rendered":"https:\/\/sandrapermanentmakeup.co.uk\/shop\/blakstienu-serumas-superlash\/"},"modified":"2019-06-27T19:37:09","modified_gmt":"2019-06-27T19:37:09","slug":"blakstienu-serumas-superlash","status":"publish","type":"product","link":"https:\/\/sandrapermanentmakeup.co.uk\/lt\/shop\/blakstienu-serumas-superlash\/","title":{"rendered":"Blakstien\u0173 serumas &#8220;Superlash&#8221;"},"content":{"rendered":"<h2>Blakstien\u0173 serumas &#8220;Superlash&#8221;<\/h2>\n<p>Naujas revoliucinis produktas, d\u0117l kurio blakstien\u0173 ilgis padvigub\u0117ja, jos pasidaro storesn\u0117s, tamsesn\u0117s ir stipresn\u0117s.<\/p>\n<p>\u201eSuperlash\u201c turi plauko augimui b\u016btin\u0173 mineral\u0173, kurie skatina blakstien\u0173 augim\u0105. Taipogi \u0161io serumo sud\u0117tyje yra vir\u0161 50 b\u016btin\u0173 maistini\u0173 med\u017eiag\u0173 sveikiems plaukams.<\/p>\n<p>Pristatymas &#8211; 5 dienos.<\/p>\n","protected":false},"excerpt":{"rendered":"<p>Blakstien\u0173 serumas &#8220;Superlash&#8221; Naujas revoliucinis produktas, d\u0117l kurio blakstien\u0173 ilgis padvigub\u0117ja, jos pasidaro storesn\u0117s, tamsesn\u0117s ir stipresn\u0117s. \u201eSuperlash\u201c turi plauko augimui b\u016btin\u0173 mineral\u0173, kurie skatina blakstien\u0173 augim\u0105. Taipogi \u0161io serumo sud\u0117tyje yra vir\u0161 50 b\u016btin\u0173 maistini\u0173 med\u017eiag\u0173 sveikiems plaukams. Pristatymas &#8211; 5 dienos.<\/p>\n","protected":false},"featured_media":2070,"template":"","meta":{"_acf_changed":false},"product_brand":[],"product_cat":[40],"product_tag":[],"class_list":{"0":"post-2270","1":"product","2":"type-product","3":"status-publish","4":"has-post-thumbnail","6":"product_cat-pagalbines-priemones","8":"first","9":"outofstock","10":"shipping-taxable","11":"purchasable","12":"product-type-simple"},"acf":[],"yoast_head":"<!-- This site is optimized with the Yoast SEO plugin v25.8 - https:\/\/yoast.com\/wordpress\/plugins\/seo\/ -->\n<title>Blakstien\u0173 serumas &quot;Superlash&quot;<\/title>\n<meta name=\"description\" content=\"Blakstien\u0173 serumas &quot;Superlash&quot; - blakstien\u0173 augim\u0105 skatinantis serumas..\" \/>\n<meta name=\"robots\" content=\"index, follow, max-snippet:-1, max-image-preview:large, max-video-preview:-1\" \/>\n<link rel=\"canonical\" href=\"https:\/\/sandrapermanentmakeup.co.uk\/shop\/super-lash-serum\/\" \/>\n<meta property=\"og:locale\" content=\"lt_LT\" \/>\n<meta property=\"og:type\" content=\"article\" \/>\n<meta property=\"og:title\" content=\"Blakstien\u0173 serumas &quot;Superlash&quot;\" \/>\n<meta property=\"og:description\" content=\"Blakstien\u0173 serumas &quot;Superlash&quot; - blakstien\u0173 augim\u0105 skatinantis serumas..\" \/>\n<meta property=\"og:url\" content=\"https:\/\/sandrapermanentmakeup.co.uk\/shop\/super-lash-serum\/\" \/>\n<meta property=\"og:site_name\" content=\"Semi Permanent Makeup by Sandra Opul | No1 in Microblading\" \/>\n<meta property=\"article:modified_time\" content=\"2019-06-27T19:37:09+00:00\" \/>\n<meta property=\"og:image\" content=\"https:\/\/sandrapermanentmakeup.co.uk\/wp-content\/uploads\/2019\/06\/super-lash-binnen-4-weken-lange-wimpers-02.jpg\" \/>\n\t<meta property=\"og:image:width\" content=\"750\" \/>\n\t<meta property=\"og:image:height\" content=\"500\" \/>\n\t<meta property=\"og:image:type\" content=\"image\/jpeg\" \/>\n<meta name=\"twitter:card\" content=\"summary_large_image\" \/>\n<script type=\"application\/ld+json\" class=\"yoast-schema-graph\">{\"@context\":\"https:\/\/schema.org\",\"@graph\":[{\"@type\":\"WebPage\",\"@id\":\"https:\/\/sandrapermanentmakeup.co.uk\/shop\/super-lash-serum\/\",\"url\":\"https:\/\/sandrapermanentmakeup.co.uk\/shop\/super-lash-serum\/\",\"name\":\"Blakstien\u0173 serumas \\\"Superlash\\\"\",\"isPartOf\":{\"@id\":\"https:\/\/sandrapermanentmakeup.co.uk\/#website\"},\"primaryImageOfPage\":{\"@id\":\"https:\/\/sandrapermanentmakeup.co.uk\/shop\/super-lash-serum\/#primaryimage\"},\"image\":{\"@id\":\"https:\/\/sandrapermanentmakeup.co.uk\/shop\/super-lash-serum\/#primaryimage\"},\"thumbnailUrl\":\"https:\/\/sandrapermanentmakeup.co.uk\/wp-content\/uploads\/2019\/06\/super-lash-binnen-4-weken-lange-wimpers-02.jpg\",\"datePublished\":\"2019-06-18T17:13:15+00:00\",\"dateModified\":\"2019-06-27T19:37:09+00:00\",\"description\":\"Blakstien\u0173 serumas \\\"Superlash\\\" - blakstien\u0173 augim\u0105 skatinantis serumas..\",\"breadcrumb\":{\"@id\":\"https:\/\/sandrapermanentmakeup.co.uk\/shop\/super-lash-serum\/#breadcrumb\"},\"inLanguage\":\"lt-LT\",\"potentialAction\":[{\"@type\":\"ReadAction\",\"target\":[\"https:\/\/sandrapermanentmakeup.co.uk\/shop\/super-lash-serum\/\"]}]},{\"@type\":\"ImageObject\",\"inLanguage\":\"lt-LT\",\"@id\":\"https:\/\/sandrapermanentmakeup.co.uk\/shop\/super-lash-serum\/#primaryimage\",\"url\":\"https:\/\/sandrapermanentmakeup.co.uk\/wp-content\/uploads\/2019\/06\/super-lash-binnen-4-weken-lange-wimpers-02.jpg\",\"contentUrl\":\"https:\/\/sandrapermanentmakeup.co.uk\/wp-content\/uploads\/2019\/06\/super-lash-binnen-4-weken-lange-wimpers-02.jpg\",\"width\":750,\"height\":500,\"caption\":\"Blakstien\u0173 serumas \\\"Superlash\\\"\"},{\"@type\":\"BreadcrumbList\",\"@id\":\"https:\/\/sandrapermanentmakeup.co.uk\/shop\/super-lash-serum\/#breadcrumb\",\"itemListElement\":[{\"@type\":\"ListItem\",\"position\":1,\"name\":\"Home\",\"item\":\"https:\/\/sandrapermanentmakeup.co.uk\/lt\/\"},{\"@type\":\"ListItem\",\"position\":2,\"name\":\"e-Parduotuv\u0117\",\"item\":\"https:\/\/sandrapermanentmakeup.co.uk\/lt\/shop\/\"},{\"@type\":\"ListItem\",\"position\":3,\"name\":\"Blakstien\u0173 serumas &#8220;Superlash&#8221;\"}]},{\"@type\":\"WebSite\",\"@id\":\"https:\/\/sandrapermanentmakeup.co.uk\/#website\",\"url\":\"https:\/\/sandrapermanentmakeup.co.uk\/\",\"name\":\"Semi Permanent Makeup by Sandra Opul | No1 in Microblading\",\"description\":\"\",\"potentialAction\":[{\"@type\":\"SearchAction\",\"target\":{\"@type\":\"EntryPoint\",\"urlTemplate\":\"https:\/\/sandrapermanentmakeup.co.uk\/?s={search_term_string}\"},\"query-input\":{\"@type\":\"PropertyValueSpecification\",\"valueRequired\":true,\"valueName\":\"search_term_string\"}}],\"inLanguage\":\"lt-LT\"}]}<\/script>\n<!-- \/ Yoast SEO plugin. -->","yoast_head_json":{"title":"Blakstien\u0173 serumas \"Superlash\"","description":"Blakstien\u0173 serumas \"Superlash\" - blakstien\u0173 augim\u0105 skatinantis serumas..","robots":{"index":"index","follow":"follow","max-snippet":"max-snippet:-1","max-image-preview":"max-image-preview:large","max-video-preview":"max-video-preview:-1"},"canonical":"https:\/\/sandrapermanentmakeup.co.uk\/shop\/super-lash-serum\/","og_locale":"lt_LT","og_type":"article","og_title":"Blakstien\u0173 serumas \"Superlash\"","og_description":"Blakstien\u0173 serumas \"Superlash\" - blakstien\u0173 augim\u0105 skatinantis serumas..","og_url":"https:\/\/sandrapermanentmakeup.co.uk\/shop\/super-lash-serum\/","og_site_name":"Semi Permanent Makeup by Sandra Opul | No1 in Microblading","article_modified_time":"2019-06-27T19:37:09+00:00","og_image":[{"width":750,"height":500,"url":"https:\/\/sandrapermanentmakeup.co.uk\/wp-content\/uploads\/2019\/06\/super-lash-binnen-4-weken-lange-wimpers-02.jpg","type":"image\/jpeg"}],"twitter_card":"summary_large_image","schema":{"@context":"https:\/\/schema.org","@graph":[{"@type":"WebPage","@id":"https:\/\/sandrapermanentmakeup.co.uk\/shop\/super-lash-serum\/","url":"https:\/\/sandrapermanentmakeup.co.uk\/shop\/super-lash-serum\/","name":"Blakstien\u0173 serumas \"Superlash\"","isPartOf":{"@id":"https:\/\/sandrapermanentmakeup.co.uk\/#website"},"primaryImageOfPage":{"@id":"https:\/\/sandrapermanentmakeup.co.uk\/shop\/super-lash-serum\/#primaryimage"},"image":{"@id":"https:\/\/sandrapermanentmakeup.co.uk\/shop\/super-lash-serum\/#primaryimage"},"thumbnailUrl":"https:\/\/sandrapermanentmakeup.co.uk\/wp-content\/uploads\/2019\/06\/super-lash-binnen-4-weken-lange-wimpers-02.jpg","datePublished":"2019-06-18T17:13:15+00:00","dateModified":"2019-06-27T19:37:09+00:00","description":"Blakstien\u0173 serumas \"Superlash\" - blakstien\u0173 augim\u0105 skatinantis serumas..","breadcrumb":{"@id":"https:\/\/sandrapermanentmakeup.co.uk\/shop\/super-lash-serum\/#breadcrumb"},"inLanguage":"lt-LT","potentialAction":[{"@type":"ReadAction","target":["https:\/\/sandrapermanentmakeup.co.uk\/shop\/super-lash-serum\/"]}]},{"@type":"ImageObject","inLanguage":"lt-LT","@id":"https:\/\/sandrapermanentmakeup.co.uk\/shop\/super-lash-serum\/#primaryimage","url":"https:\/\/sandrapermanentmakeup.co.uk\/wp-content\/uploads\/2019\/06\/super-lash-binnen-4-weken-lange-wimpers-02.jpg","contentUrl":"https:\/\/sandrapermanentmakeup.co.uk\/wp-content\/uploads\/2019\/06\/super-lash-binnen-4-weken-lange-wimpers-02.jpg","width":750,"height":500,"caption":"Blakstien\u0173 serumas \"Superlash\""},{"@type":"BreadcrumbList","@id":"https:\/\/sandrapermanentmakeup.co.uk\/shop\/super-lash-serum\/#breadcrumb","itemListElement":[{"@type":"ListItem","position":1,"name":"Home","item":"https:\/\/sandrapermanentmakeup.co.uk\/lt\/"},{"@type":"ListItem","position":2,"name":"e-Parduotuv\u0117","item":"https:\/\/sandrapermanentmakeup.co.uk\/lt\/shop\/"},{"@type":"ListItem","position":3,"name":"Blakstien\u0173 serumas &#8220;Superlash&#8221;"}]},{"@type":"WebSite","@id":"https:\/\/sandrapermanentmakeup.co.uk\/#website","url":"https:\/\/sandrapermanentmakeup.co.uk\/","name":"Semi Permanent Makeup by Sandra Opul | No1 in Microblading","description":"","potentialAction":[{"@type":"SearchAction","target":{"@type":"EntryPoint","urlTemplate":"https:\/\/sandrapermanentmakeup.co.uk\/?s={search_term_string}"},"query-input":{"@type":"PropertyValueSpecification","valueRequired":true,"valueName":"search_term_string"}}],"inLanguage":"lt-LT"}]}},"_links":{"self":[{"href":"https:\/\/sandrapermanentmakeup.co.uk\/lt\/wp-json\/wp\/v2\/product\/2270","targetHints":{"allow":["GET"]}}],"collection":[{"href":"https:\/\/sandrapermanentmakeup.co.uk\/lt\/wp-json\/wp\/v2\/product"}],"about":[{"href":"https:\/\/sandrapermanentmakeup.co.uk\/lt\/wp-json\/wp\/v2\/types\/product"}],"wp:featuredmedia":[{"embeddable":true,"href":"https:\/\/sandrapermanentmakeup.co.uk\/lt\/wp-json\/wp\/v2\/media\/2070"}],"wp:attachment":[{"href":"https:\/\/sandrapermanentmakeup.co.uk\/lt\/wp-json\/wp\/v2\/media?parent=2270"}],"wp:term":[{"taxonomy":"product_brand","embeddable":true,"href":"https:\/\/sandrapermanentmakeup.co.uk\/lt\/wp-json\/wp\/v2\/product_brand?post=2270"},{"taxonomy":"product_cat","embeddable":true,"href":"https:\/\/sandrapermanentmakeup.co.uk\/lt\/wp-json\/wp\/v2\/product_cat?post=2270"},{"taxonomy":"product_tag","embeddable":true,"href":"https:\/\/sandrapermanentmakeup.co.uk\/lt\/wp-json\/wp\/v2\/product_tag?post=2270"}],"curies":[{"name":"wp","href":"https:\/\/api.w.org\/{rel}","templated":true}]}}