{"id":2268,"date":"2019-05-18T22:12:19","date_gmt":"2019-05-18T22:12:19","guid":{"rendered":"https:\/\/sandrapermanentmakeup.co.uk\/shop\/seseliavimo-ziedai-kempinele\/"},"modified":"2019-06-27T19:20:17","modified_gmt":"2019-06-27T19:20:17","slug":"seseliavimo-ziedai-kempinele","status":"publish","type":"product","link":"https:\/\/sandrapermanentmakeup.co.uk\/lt\/shop\/seseliavimo-ziedai-kempinele\/","title":{"rendered":"\u0160e\u0161\u0117liavimo \u017eiedai su kempin\u0117le"},"content":{"rendered":"<h2>\u0160e\u0161\u0117liavimo \u017eiedai su kempin\u0117le<\/h2>\n<p>10 vnt<\/p>\n<p>Vienkartiniai indeliai su kempin\u0117le viduje, kuri skirta pigmento sulaikymui ir neleid\u017eia jam i\u0161b\u0117gti.<\/p>\n<p>Tinka antaki\u0173 \u0161e\u0161\u0117liavimui.<\/p>\n","protected":false},"excerpt":{"rendered":"<p>\u0160e\u0161\u0117liavimo \u017eiedai su kempin\u0117le 10 vnt Vienkartiniai indeliai su kempin\u0117le viduje, kuri skirta pigmento sulaikymui ir neleid\u017eia jam i\u0161b\u0117gti. Tinka antaki\u0173 \u0161e\u0161\u0117liavimui.<\/p>\n","protected":false},"featured_media":1430,"template":"","meta":{"_acf_changed":false},"product_brand":[],"product_cat":[40],"product_tag":[],"class_list":{"0":"post-2268","1":"product","2":"type-product","3":"status-publish","4":"has-post-thumbnail","6":"product_cat-pagalbines-priemones","8":"first","9":"instock","10":"shipping-taxable","11":"purchasable","12":"product-type-simple"},"acf":[],"yoast_head":"<!-- This site is optimized with the Yoast SEO plugin v25.8 - https:\/\/yoast.com\/wordpress\/plugins\/seo\/ -->\n<title>\u0160e\u0161\u0117liavimo \u017diedai Su Kempin\u0117le | Sandra Opul<\/title>\n<meta name=\"description\" content=\"\u0160e\u0161\u0117liavimo \u017eiedai su kempin\u0117le skirti pigmento sulaikymui.\" \/>\n<meta name=\"robots\" content=\"index, follow, max-snippet:-1, max-image-preview:large, max-video-preview:-1\" \/>\n<link rel=\"canonical\" href=\"https:\/\/sandrapermanentmakeup.co.uk\/shop\/shading-sponge-rings\/\" \/>\n<meta property=\"og:locale\" content=\"lt_LT\" \/>\n<meta property=\"og:type\" content=\"article\" \/>\n<meta property=\"og:title\" content=\"\u0160e\u0161\u0117liavimo \u017diedai Su Kempin\u0117le | Sandra Opul\" \/>\n<meta property=\"og:description\" content=\"\u0160e\u0161\u0117liavimo \u017eiedai su kempin\u0117le skirti pigmento sulaikymui.\" \/>\n<meta property=\"og:url\" content=\"https:\/\/sandrapermanentmakeup.co.uk\/shop\/shading-sponge-rings\/\" \/>\n<meta property=\"og:site_name\" content=\"Semi Permanent Makeup by Sandra Opul | No1 in Microblading\" \/>\n<meta property=\"article:modified_time\" content=\"2019-06-27T19:20:17+00:00\" \/>\n<meta property=\"og:image\" content=\"https:\/\/sandrapermanentmakeup.co.uk\/wp-content\/uploads\/2019\/05\/Shading-Sponge-Rings3.png\" \/>\n\t<meta property=\"og:image:width\" content=\"1347\" \/>\n\t<meta property=\"og:image:height\" content=\"1010\" \/>\n\t<meta property=\"og:image:type\" content=\"image\/png\" \/>\n<meta name=\"twitter:card\" content=\"summary_large_image\" \/>\n<script type=\"application\/ld+json\" class=\"yoast-schema-graph\">{\"@context\":\"https:\/\/schema.org\",\"@graph\":[{\"@type\":\"WebPage\",\"@id\":\"https:\/\/sandrapermanentmakeup.co.uk\/shop\/shading-sponge-rings\/\",\"url\":\"https:\/\/sandrapermanentmakeup.co.uk\/shop\/shading-sponge-rings\/\",\"name\":\"\u0160e\u0161\u0117liavimo \u017diedai Su Kempin\u0117le | Sandra Opul\",\"isPartOf\":{\"@id\":\"https:\/\/sandrapermanentmakeup.co.uk\/#website\"},\"primaryImageOfPage\":{\"@id\":\"https:\/\/sandrapermanentmakeup.co.uk\/shop\/shading-sponge-rings\/#primaryimage\"},\"image\":{\"@id\":\"https:\/\/sandrapermanentmakeup.co.uk\/shop\/shading-sponge-rings\/#primaryimage\"},\"thumbnailUrl\":\"https:\/\/sandrapermanentmakeup.co.uk\/wp-content\/uploads\/2019\/05\/Shading-Sponge-Rings3.png\",\"datePublished\":\"2019-05-18T22:12:19+00:00\",\"dateModified\":\"2019-06-27T19:20:17+00:00\",\"description\":\"\u0160e\u0161\u0117liavimo \u017eiedai su kempin\u0117le skirti pigmento sulaikymui.\",\"breadcrumb\":{\"@id\":\"https:\/\/sandrapermanentmakeup.co.uk\/shop\/shading-sponge-rings\/#breadcrumb\"},\"inLanguage\":\"lt-LT\",\"potentialAction\":[{\"@type\":\"ReadAction\",\"target\":[\"https:\/\/sandrapermanentmakeup.co.uk\/shop\/shading-sponge-rings\/\"]}]},{\"@type\":\"ImageObject\",\"inLanguage\":\"lt-LT\",\"@id\":\"https:\/\/sandrapermanentmakeup.co.uk\/shop\/shading-sponge-rings\/#primaryimage\",\"url\":\"https:\/\/sandrapermanentmakeup.co.uk\/wp-content\/uploads\/2019\/05\/Shading-Sponge-Rings3.png\",\"contentUrl\":\"https:\/\/sandrapermanentmakeup.co.uk\/wp-content\/uploads\/2019\/05\/Shading-Sponge-Rings3.png\",\"width\":1347,\"height\":1010,\"caption\":\"\u0160e\u0161\u0117liavimo \u017eiedai su kempin\u0117le\"},{\"@type\":\"BreadcrumbList\",\"@id\":\"https:\/\/sandrapermanentmakeup.co.uk\/shop\/shading-sponge-rings\/#breadcrumb\",\"itemListElement\":[{\"@type\":\"ListItem\",\"position\":1,\"name\":\"Home\",\"item\":\"https:\/\/sandrapermanentmakeup.co.uk\/lt\/\"},{\"@type\":\"ListItem\",\"position\":2,\"name\":\"e-Parduotuv\u0117\",\"item\":\"https:\/\/sandrapermanentmakeup.co.uk\/lt\/shop\/\"},{\"@type\":\"ListItem\",\"position\":3,\"name\":\"\u0160e\u0161\u0117liavimo \u017eiedai su kempin\u0117le\"}]},{\"@type\":\"WebSite\",\"@id\":\"https:\/\/sandrapermanentmakeup.co.uk\/#website\",\"url\":\"https:\/\/sandrapermanentmakeup.co.uk\/\",\"name\":\"Semi Permanent Makeup by Sandra Opul | No1 in Microblading\",\"description\":\"\",\"potentialAction\":[{\"@type\":\"SearchAction\",\"target\":{\"@type\":\"EntryPoint\",\"urlTemplate\":\"https:\/\/sandrapermanentmakeup.co.uk\/?s={search_term_string}\"},\"query-input\":{\"@type\":\"PropertyValueSpecification\",\"valueRequired\":true,\"valueName\":\"search_term_string\"}}],\"inLanguage\":\"lt-LT\"}]}<\/script>\n<!-- \/ Yoast SEO plugin. -->","yoast_head_json":{"title":"\u0160e\u0161\u0117liavimo \u017diedai Su Kempin\u0117le | Sandra Opul","description":"\u0160e\u0161\u0117liavimo \u017eiedai su kempin\u0117le skirti pigmento sulaikymui.","robots":{"index":"index","follow":"follow","max-snippet":"max-snippet:-1","max-image-preview":"max-image-preview:large","max-video-preview":"max-video-preview:-1"},"canonical":"https:\/\/sandrapermanentmakeup.co.uk\/shop\/shading-sponge-rings\/","og_locale":"lt_LT","og_type":"article","og_title":"\u0160e\u0161\u0117liavimo \u017diedai Su Kempin\u0117le | Sandra Opul","og_description":"\u0160e\u0161\u0117liavimo \u017eiedai su kempin\u0117le skirti pigmento sulaikymui.","og_url":"https:\/\/sandrapermanentmakeup.co.uk\/shop\/shading-sponge-rings\/","og_site_name":"Semi Permanent Makeup by Sandra Opul | No1 in Microblading","article_modified_time":"2019-06-27T19:20:17+00:00","og_image":[{"width":1347,"height":1010,"url":"https:\/\/sandrapermanentmakeup.co.uk\/wp-content\/uploads\/2019\/05\/Shading-Sponge-Rings3.png","type":"image\/png"}],"twitter_card":"summary_large_image","schema":{"@context":"https:\/\/schema.org","@graph":[{"@type":"WebPage","@id":"https:\/\/sandrapermanentmakeup.co.uk\/shop\/shading-sponge-rings\/","url":"https:\/\/sandrapermanentmakeup.co.uk\/shop\/shading-sponge-rings\/","name":"\u0160e\u0161\u0117liavimo \u017diedai Su Kempin\u0117le | Sandra Opul","isPartOf":{"@id":"https:\/\/sandrapermanentmakeup.co.uk\/#website"},"primaryImageOfPage":{"@id":"https:\/\/sandrapermanentmakeup.co.uk\/shop\/shading-sponge-rings\/#primaryimage"},"image":{"@id":"https:\/\/sandrapermanentmakeup.co.uk\/shop\/shading-sponge-rings\/#primaryimage"},"thumbnailUrl":"https:\/\/sandrapermanentmakeup.co.uk\/wp-content\/uploads\/2019\/05\/Shading-Sponge-Rings3.png","datePublished":"2019-05-18T22:12:19+00:00","dateModified":"2019-06-27T19:20:17+00:00","description":"\u0160e\u0161\u0117liavimo \u017eiedai su kempin\u0117le skirti pigmento sulaikymui.","breadcrumb":{"@id":"https:\/\/sandrapermanentmakeup.co.uk\/shop\/shading-sponge-rings\/#breadcrumb"},"inLanguage":"lt-LT","potentialAction":[{"@type":"ReadAction","target":["https:\/\/sandrapermanentmakeup.co.uk\/shop\/shading-sponge-rings\/"]}]},{"@type":"ImageObject","inLanguage":"lt-LT","@id":"https:\/\/sandrapermanentmakeup.co.uk\/shop\/shading-sponge-rings\/#primaryimage","url":"https:\/\/sandrapermanentmakeup.co.uk\/wp-content\/uploads\/2019\/05\/Shading-Sponge-Rings3.png","contentUrl":"https:\/\/sandrapermanentmakeup.co.uk\/wp-content\/uploads\/2019\/05\/Shading-Sponge-Rings3.png","width":1347,"height":1010,"caption":"\u0160e\u0161\u0117liavimo \u017eiedai su kempin\u0117le"},{"@type":"BreadcrumbList","@id":"https:\/\/sandrapermanentmakeup.co.uk\/shop\/shading-sponge-rings\/#breadcrumb","itemListElement":[{"@type":"ListItem","position":1,"name":"Home","item":"https:\/\/sandrapermanentmakeup.co.uk\/lt\/"},{"@type":"ListItem","position":2,"name":"e-Parduotuv\u0117","item":"https:\/\/sandrapermanentmakeup.co.uk\/lt\/shop\/"},{"@type":"ListItem","position":3,"name":"\u0160e\u0161\u0117liavimo \u017eiedai su kempin\u0117le"}]},{"@type":"WebSite","@id":"https:\/\/sandrapermanentmakeup.co.uk\/#website","url":"https:\/\/sandrapermanentmakeup.co.uk\/","name":"Semi Permanent Makeup by Sandra Opul | No1 in Microblading","description":"","potentialAction":[{"@type":"SearchAction","target":{"@type":"EntryPoint","urlTemplate":"https:\/\/sandrapermanentmakeup.co.uk\/?s={search_term_string}"},"query-input":{"@type":"PropertyValueSpecification","valueRequired":true,"valueName":"search_term_string"}}],"inLanguage":"lt-LT"}]}},"_links":{"self":[{"href":"https:\/\/sandrapermanentmakeup.co.uk\/lt\/wp-json\/wp\/v2\/product\/2268","targetHints":{"allow":["GET"]}}],"collection":[{"href":"https:\/\/sandrapermanentmakeup.co.uk\/lt\/wp-json\/wp\/v2\/product"}],"about":[{"href":"https:\/\/sandrapermanentmakeup.co.uk\/lt\/wp-json\/wp\/v2\/types\/product"}],"wp:featuredmedia":[{"embeddable":true,"href":"https:\/\/sandrapermanentmakeup.co.uk\/lt\/wp-json\/wp\/v2\/media\/1430"}],"wp:attachment":[{"href":"https:\/\/sandrapermanentmakeup.co.uk\/lt\/wp-json\/wp\/v2\/media?parent=2268"}],"wp:term":[{"taxonomy":"product_brand","embeddable":true,"href":"https:\/\/sandrapermanentmakeup.co.uk\/lt\/wp-json\/wp\/v2\/product_brand?post=2268"},{"taxonomy":"product_cat","embeddable":true,"href":"https:\/\/sandrapermanentmakeup.co.uk\/lt\/wp-json\/wp\/v2\/product_cat?post=2268"},{"taxonomy":"product_tag","embeddable":true,"href":"https:\/\/sandrapermanentmakeup.co.uk\/lt\/wp-json\/wp\/v2\/product_tag?post=2268"}],"curies":[{"name":"wp","href":"https:\/\/api.w.org\/{rel}","templated":true}]}}