{"id":8,"date":"2018-12-28T12:42:24","date_gmt":"2018-12-28T12:42:24","guid":{"rendered":"http:\/\/sandra.local\/?page_id=8"},"modified":"2023-02-17T15:10:50","modified_gmt":"2023-02-17T15:10:50","slug":"permanentinis-makiazas","status":"publish","type":"page","link":"https:\/\/sandrapermanentmakeup.co.uk\/lt\/permanentinis-makiazas\/","title":{"rendered":"Apie Mus"},"content":{"rendered":"","protected":false},"excerpt":{"rendered":"","protected":false},"author":1,"featured_media":97,"parent":0,"menu_order":0,"comment_status":"closed","ping_status":"closed","template":"template-apie-mus.php","meta":{"_acf_changed":false,"footnotes":""},"class_list":["post-8","page","type-page","status-publish","has-post-thumbnail","hentry"],"acf":[],"yoast_head":"<!-- This site is optimized with the Yoast SEO plugin v25.8 - https:\/\/yoast.com\/wordpress\/plugins\/seo\/ -->\n<title>Apie Mus | Permanentinis Makia\u017eas - Sandra Opul Permanent Makeup<\/title>\n<meta name=\"description\" content=\"Sandra Opul permanentinis makia\u017eas. Sandra yra Londone i\u0161gars\u0117jusi permanentinio makia\u017eo meistr\u0117, mikroblading antaki\u0173 \u010dempionato I-os vietos nugal\u0117toja ir dabar dirbanti Lietuvoje, savo permanentinio makia\u017eo studijoje Klaip\u0117doje.\" \/>\n<meta name=\"robots\" content=\"index, follow, max-snippet:-1, max-image-preview:large, max-video-preview:-1\" \/>\n<link rel=\"canonical\" href=\"https:\/\/sandrapermanentmakeup.co.uk\/about-semi-permanent-makeup\/\" \/>\n<meta property=\"og:locale\" content=\"lt_LT\" \/>\n<meta property=\"og:type\" content=\"article\" \/>\n<meta property=\"og:title\" content=\"Apie Mus | Permanentinis Makia\u017eas - Sandra Opul Permanent Makeup\" \/>\n<meta property=\"og:description\" content=\"Sandra Opul permanentinis makia\u017eas. Sandra yra Londone i\u0161gars\u0117jusi permanentinio makia\u017eo meistr\u0117, mikroblading antaki\u0173 \u010dempionato I-os vietos nugal\u0117toja ir dabar dirbanti Lietuvoje, savo permanentinio makia\u017eo studijoje Klaip\u0117doje.\" \/>\n<meta property=\"og:url\" content=\"https:\/\/sandrapermanentmakeup.co.uk\/about-semi-permanent-makeup\/\" \/>\n<meta property=\"og:site_name\" content=\"Semi Permanent Makeup by Sandra Opul | No1 in Microblading\" \/>\n<meta property=\"article:modified_time\" content=\"2023-02-17T15:10:50+00:00\" \/>\n<meta property=\"og:image\" content=\"https:\/\/sandrapermanentmakeup.co.uk\/wp-content\/uploads\/2019\/01\/pricelist_gallery.jpg\" \/>\n\t<meta property=\"og:image:width\" content=\"1440\" \/>\n\t<meta property=\"og:image:height\" content=\"430\" \/>\n\t<meta property=\"og:image:type\" content=\"image\/jpeg\" \/>\n<meta name=\"twitter:card\" content=\"summary_large_image\" \/>\n<script type=\"application\/ld+json\" class=\"yoast-schema-graph\">{\"@context\":\"https:\/\/schema.org\",\"@graph\":[{\"@type\":\"WebPage\",\"@id\":\"https:\/\/sandrapermanentmakeup.co.uk\/about-semi-permanent-makeup\/\",\"url\":\"https:\/\/sandrapermanentmakeup.co.uk\/about-semi-permanent-makeup\/\",\"name\":\"Apie Mus | Permanentinis Makia\u017eas - Sandra Opul Permanent Makeup\",\"isPartOf\":{\"@id\":\"https:\/\/sandrapermanentmakeup.co.uk\/#website\"},\"primaryImageOfPage\":{\"@id\":\"https:\/\/sandrapermanentmakeup.co.uk\/about-semi-permanent-makeup\/#primaryimage\"},\"image\":{\"@id\":\"https:\/\/sandrapermanentmakeup.co.uk\/about-semi-permanent-makeup\/#primaryimage\"},\"thumbnailUrl\":\"https:\/\/sandrapermanentmakeup.co.uk\/wp-content\/uploads\/2019\/01\/pricelist_gallery.jpg\",\"datePublished\":\"2018-12-28T12:42:24+00:00\",\"dateModified\":\"2023-02-17T15:10:50+00:00\",\"description\":\"Sandra Opul permanentinis makia\u017eas. Sandra yra Londone i\u0161gars\u0117jusi permanentinio makia\u017eo meistr\u0117, mikroblading antaki\u0173 \u010dempionato I-os vietos nugal\u0117toja ir dabar dirbanti Lietuvoje, savo permanentinio makia\u017eo studijoje Klaip\u0117doje.\",\"breadcrumb\":{\"@id\":\"https:\/\/sandrapermanentmakeup.co.uk\/about-semi-permanent-makeup\/#breadcrumb\"},\"inLanguage\":\"lt-LT\",\"potentialAction\":[{\"@type\":\"ReadAction\",\"target\":[\"https:\/\/sandrapermanentmakeup.co.uk\/about-semi-permanent-makeup\/\"]}]},{\"@type\":\"ImageObject\",\"inLanguage\":\"lt-LT\",\"@id\":\"https:\/\/sandrapermanentmakeup.co.uk\/about-semi-permanent-makeup\/#primaryimage\",\"url\":\"https:\/\/sandrapermanentmakeup.co.uk\/wp-content\/uploads\/2019\/01\/pricelist_gallery.jpg\",\"contentUrl\":\"https:\/\/sandrapermanentmakeup.co.uk\/wp-content\/uploads\/2019\/01\/pricelist_gallery.jpg\",\"width\":1440,\"height\":430},{\"@type\":\"BreadcrumbList\",\"@id\":\"https:\/\/sandrapermanentmakeup.co.uk\/about-semi-permanent-makeup\/#breadcrumb\",\"itemListElement\":[{\"@type\":\"ListItem\",\"position\":1,\"name\":\"Home\",\"item\":\"https:\/\/sandrapermanentmakeup.co.uk\/lt\/\"},{\"@type\":\"ListItem\",\"position\":2,\"name\":\"Apie Mus\"}]},{\"@type\":\"WebSite\",\"@id\":\"https:\/\/sandrapermanentmakeup.co.uk\/#website\",\"url\":\"https:\/\/sandrapermanentmakeup.co.uk\/\",\"name\":\"Semi Permanent Makeup by Sandra Opul | No1 in Microblading\",\"description\":\"\",\"potentialAction\":[{\"@type\":\"SearchAction\",\"target\":{\"@type\":\"EntryPoint\",\"urlTemplate\":\"https:\/\/sandrapermanentmakeup.co.uk\/?s={search_term_string}\"},\"query-input\":{\"@type\":\"PropertyValueSpecification\",\"valueRequired\":true,\"valueName\":\"search_term_string\"}}],\"inLanguage\":\"lt-LT\"}]}<\/script>\n<!-- \/ Yoast SEO plugin. -->","yoast_head_json":{"title":"Apie Mus | Permanentinis Makia\u017eas - Sandra Opul Permanent Makeup","description":"Sandra Opul permanentinis makia\u017eas. Sandra yra Londone i\u0161gars\u0117jusi permanentinio makia\u017eo meistr\u0117, mikroblading antaki\u0173 \u010dempionato I-os vietos nugal\u0117toja ir dabar dirbanti Lietuvoje, savo permanentinio makia\u017eo studijoje Klaip\u0117doje.","robots":{"index":"index","follow":"follow","max-snippet":"max-snippet:-1","max-image-preview":"max-image-preview:large","max-video-preview":"max-video-preview:-1"},"canonical":"https:\/\/sandrapermanentmakeup.co.uk\/about-semi-permanent-makeup\/","og_locale":"lt_LT","og_type":"article","og_title":"Apie Mus | Permanentinis Makia\u017eas - Sandra Opul Permanent Makeup","og_description":"Sandra Opul permanentinis makia\u017eas. Sandra yra Londone i\u0161gars\u0117jusi permanentinio makia\u017eo meistr\u0117, mikroblading antaki\u0173 \u010dempionato I-os vietos nugal\u0117toja ir dabar dirbanti Lietuvoje, savo permanentinio makia\u017eo studijoje Klaip\u0117doje.","og_url":"https:\/\/sandrapermanentmakeup.co.uk\/about-semi-permanent-makeup\/","og_site_name":"Semi Permanent Makeup by Sandra Opul | No1 in Microblading","article_modified_time":"2023-02-17T15:10:50+00:00","og_image":[{"width":1440,"height":430,"url":"https:\/\/sandrapermanentmakeup.co.uk\/wp-content\/uploads\/2019\/01\/pricelist_gallery.jpg","type":"image\/jpeg"}],"twitter_card":"summary_large_image","schema":{"@context":"https:\/\/schema.org","@graph":[{"@type":"WebPage","@id":"https:\/\/sandrapermanentmakeup.co.uk\/about-semi-permanent-makeup\/","url":"https:\/\/sandrapermanentmakeup.co.uk\/about-semi-permanent-makeup\/","name":"Apie Mus | Permanentinis Makia\u017eas - Sandra Opul Permanent Makeup","isPartOf":{"@id":"https:\/\/sandrapermanentmakeup.co.uk\/#website"},"primaryImageOfPage":{"@id":"https:\/\/sandrapermanentmakeup.co.uk\/about-semi-permanent-makeup\/#primaryimage"},"image":{"@id":"https:\/\/sandrapermanentmakeup.co.uk\/about-semi-permanent-makeup\/#primaryimage"},"thumbnailUrl":"https:\/\/sandrapermanentmakeup.co.uk\/wp-content\/uploads\/2019\/01\/pricelist_gallery.jpg","datePublished":"2018-12-28T12:42:24+00:00","dateModified":"2023-02-17T15:10:50+00:00","description":"Sandra Opul permanentinis makia\u017eas. Sandra yra Londone i\u0161gars\u0117jusi permanentinio makia\u017eo meistr\u0117, mikroblading antaki\u0173 \u010dempionato I-os vietos nugal\u0117toja ir dabar dirbanti Lietuvoje, savo permanentinio makia\u017eo studijoje Klaip\u0117doje.","breadcrumb":{"@id":"https:\/\/sandrapermanentmakeup.co.uk\/about-semi-permanent-makeup\/#breadcrumb"},"inLanguage":"lt-LT","potentialAction":[{"@type":"ReadAction","target":["https:\/\/sandrapermanentmakeup.co.uk\/about-semi-permanent-makeup\/"]}]},{"@type":"ImageObject","inLanguage":"lt-LT","@id":"https:\/\/sandrapermanentmakeup.co.uk\/about-semi-permanent-makeup\/#primaryimage","url":"https:\/\/sandrapermanentmakeup.co.uk\/wp-content\/uploads\/2019\/01\/pricelist_gallery.jpg","contentUrl":"https:\/\/sandrapermanentmakeup.co.uk\/wp-content\/uploads\/2019\/01\/pricelist_gallery.jpg","width":1440,"height":430},{"@type":"BreadcrumbList","@id":"https:\/\/sandrapermanentmakeup.co.uk\/about-semi-permanent-makeup\/#breadcrumb","itemListElement":[{"@type":"ListItem","position":1,"name":"Home","item":"https:\/\/sandrapermanentmakeup.co.uk\/lt\/"},{"@type":"ListItem","position":2,"name":"Apie Mus"}]},{"@type":"WebSite","@id":"https:\/\/sandrapermanentmakeup.co.uk\/#website","url":"https:\/\/sandrapermanentmakeup.co.uk\/","name":"Semi Permanent Makeup by Sandra Opul | No1 in Microblading","description":"","potentialAction":[{"@type":"SearchAction","target":{"@type":"EntryPoint","urlTemplate":"https:\/\/sandrapermanentmakeup.co.uk\/?s={search_term_string}"},"query-input":{"@type":"PropertyValueSpecification","valueRequired":true,"valueName":"search_term_string"}}],"inLanguage":"lt-LT"}]}},"_links":{"self":[{"href":"https:\/\/sandrapermanentmakeup.co.uk\/lt\/wp-json\/wp\/v2\/pages\/8","targetHints":{"allow":["GET"]}}],"collection":[{"href":"https:\/\/sandrapermanentmakeup.co.uk\/lt\/wp-json\/wp\/v2\/pages"}],"about":[{"href":"https:\/\/sandrapermanentmakeup.co.uk\/lt\/wp-json\/wp\/v2\/types\/page"}],"author":[{"embeddable":true,"href":"https:\/\/sandrapermanentmakeup.co.uk\/lt\/wp-json\/wp\/v2\/users\/1"}],"replies":[{"embeddable":true,"href":"https:\/\/sandrapermanentmakeup.co.uk\/lt\/wp-json\/wp\/v2\/comments?post=8"}],"version-history":[{"count":53,"href":"https:\/\/sandrapermanentmakeup.co.uk\/lt\/wp-json\/wp\/v2\/pages\/8\/revisions"}],"predecessor-version":[{"id":3995,"href":"https:\/\/sandrapermanentmakeup.co.uk\/lt\/wp-json\/wp\/v2\/pages\/8\/revisions\/3995"}],"wp:featuredmedia":[{"embeddable":true,"href":"https:\/\/sandrapermanentmakeup.co.uk\/lt\/wp-json\/wp\/v2\/media\/97"}],"wp:attachment":[{"href":"https:\/\/sandrapermanentmakeup.co.uk\/lt\/wp-json\/wp\/v2\/media?parent=8"}],"curies":[{"name":"wp","href":"https:\/\/api.w.org\/{rel}","templated":true}]}}