{"id":502,"date":"2019-02-10T10:47:12","date_gmt":"2019-02-10T10:47:12","guid":{"rendered":"https:\/\/sandra.w-i.lt\/?page_id=502"},"modified":"2019-08-19T20:04:00","modified_gmt":"2019-08-19T20:04:00","slug":"taisykles","status":"publish","type":"page","link":"https:\/\/sandrapermanentmakeup.co.uk\/lt\/taisykles\/","title":{"rendered":"Tinklapio taisykl\u0117s"},"content":{"rendered":"\n<p>\u0160ios Taisykl\u0117s nusako tinklapio  <a href=\"https:\/\/sandrapermanentmakeup.co.uk\/lt\">https:\/\/sandrapermanentmakeup.co.uk\/lt <\/a>(toliau \u201cTinklapis\u201d) naudojimosi s\u0105lygas, kuriomis Vartotojas yra apribotas, jei naudojasi Tinklapiu. \u0160ios taisykl\u0117s \u012fsigalioja nuo 2019 m. vasario 20 dienos. Galiojimo laikas \u2013 neribotas. Jei j\u016bs nesutinkate su \u0161iomis taisykl\u0117mis, nesinaudokite Tinklapiu.<\/p>\n\n\n\n<p>1.Tinklapio autori\u0173 teis\u0117s priklauso UAB SO Studio \u012f.k. 305068937, Turgaus g. 20, Klaip\u0117da (toliau \u201cMes\u201d) ir yra saugomos Autori\u0173 teisi\u0173 ir gretutini\u0173 teisi\u0173 \u012fstatymo. U\u017e \u0161i\u0173 teisi\u0173 pa\u017eeidim\u0105 taikoma administracin\u0117, civilin\u0117, baud\u017eiamoji atsakomyb\u0117 nurodyta min\u0117tajame \u012fstatyme.<\/p>\n\n\n\n<p>2. Bet kokie asmeniniai duomenys, kuriuos pateiksite Mums naudodamiesi Tinklapiu, yra saugomi pagal M\u016bs\u0173 <a href=\"https:\/\/sandrapermanentmakeup.co.uk\/lt\/privatumas\/\">Privatumo politik\u0105<\/a>.<\/p>\n\n\n\n<p>3. Vartotojas yra \u012fpareigotas neatlikti Tinklapyje \u0161i\u0173 veiksm\u0173:<\/p>\n\n\n\n<ul class=\"wp-block-list\"><li>Talpinti Tinklapyje bet koki\u0105 nelegali\u0105 ar nepadori\u0105 informacij\u0105.<\/li><li>Atlikti bet kok\u012f neteis\u0117t\u0105 ar apgauling\u0105 paslaugos u\u017esakym\u0105.<\/li><li>Sugadinti ar pakeisti Tinklapio apipavidalinim\u0105 ar programin\u0117s \u012frangos kod\u0105.<\/li><li>Neteis\u0117tai prisijungti prie bet kurios i\u0161 m\u016bs\u0173 sistem\u0173.<\/li><li>Nesiimti joki\u0173 veiksm\u0173 ar nenaudoti jokios programin\u0117s \u012frangos, kuri gal\u0117t\u0173 sutrikdyti Tinklapio veikl\u0105.<\/li><\/ul>\n\n\n\n<p>4. I\u0161si\u0173sdamas u\u017eklaus\u0105 per Tinklap\u012f d\u0117l salone atliekam\u0173 paslaug\u0173, Vartotojas neperka paslaugos ir neatlieka joki\u0173 finansini\u0173 pervedim\u0173. Tinklapio pagalba vartotojas rezervuoja laik\u0105 ir paslaug\u0105 bei specialist\u0105 gro\u017eio paslaugos atlikimui, atvykus \u012f M\u016bs\u0173 salono veikimo viet\u0105.<\/p>\n\n\n\n<ul class=\"wp-block-list\"><li>\u0160ios u\u017eklausos i\u0161siuntimas ir rezervacijos patvirtinimas nesukuria Pirkimo&nbsp; &#8211; Pardavimo santykius tarp abiej\u0173 \u0161ali\u0173.<\/li><li>Pasikeitus rezervuotos paslaugos s\u0105lygoms, vartotojas gali bet kada jos atsisakyti.<\/li><li>Mes turime teis\u0119 anuliuoti Vartotojo rezervacij\u0105 savo nuo\u017ei\u016bra arba naudodamiesi tinklapio serverio apsaugos pagalba blokuoti Vartotojo IP adresus, jei Vartotojas nusi\u017eengia M\u016bs\u0173 nustatytoms taisykl\u0117ms.<\/li><li>&nbsp;<\/li><\/ul>\n\n\n\n<p>5. Vartotojas sutinka prisiimti atsakomyb\u0119 ir kompensuoti bet kokias i\u0161laidas d\u0117l jo sukelt\u0173 Tinklapio gedim\u0173, kurie apriboja vis\u0173 galimybes naudotis Tinklapiu.<\/p>\n\n\n\n<p>6. Visi kil\u0119 gin\u010dytini klausimai tarp M\u016bs\u0173 ir Vartotojo spren\u017eiami tarpusavyje, o tokio susitarimo nepasiekus &#8211; Lietuvos Respublikos \u012fstatym\u0173 numatyta tvarka Lietuvos Respublikos teisme.<\/p>\n\n\n\n<p>&nbsp;<\/p>\n","protected":false},"excerpt":{"rendered":"<p>\u0160ios Taisykl\u0117s nusako tinklapio https:\/\/sandrapermanentmakeup.co.uk\/lt (toliau \u201cTinklapis\u201d) naudojimosi s\u0105lygas, kuriomis Vartotojas yra apribotas, jei naudojasi Tinklapiu. \u0160ios taisykl\u0117s \u012fsigalioja nuo 2019 m. vasario 20 dienos. Galiojimo laikas \u2013 neribotas. Jei j\u016bs nesutinkate su \u0161iomis taisykl\u0117mis, nesinaudokite Tinklapiu. 1.Tinklapio autori\u0173 teis\u0117s priklauso UAB SO Studio \u012f.k. 305068937, Turgaus g. 20, Klaip\u0117da (toliau \u201cMes\u201d) ir yra saugomos &hellip; <a href=\"https:\/\/sandrapermanentmakeup.co.uk\/lt\/taisykles\/\">Continued<\/a><\/p>\n","protected":false},"author":1,"featured_media":694,"parent":0,"menu_order":0,"comment_status":"closed","ping_status":"closed","template":"template-custom.php","meta":{"_acf_changed":false,"footnotes":""},"class_list":["post-502","page","type-page","status-publish","has-post-thumbnail","hentry"],"acf":[],"yoast_head":"<!-- This site is optimized with the Yoast SEO plugin v25.8 - https:\/\/yoast.com\/wordpress\/plugins\/seo\/ -->\n<title>Tinklapio Taisykl\u0117s | Sandra Opul Permanent Makeup<\/title>\n<meta name=\"description\" content=\"Permanentinio makia\u017eo salono Sandra Opul Studio tinklapio naudojimosi taisykl\u0117s, kuri\u0173 vartotojas turi laikytis, jei naudojasi Tinklapiu.\" \/>\n<meta name=\"robots\" content=\"index, follow, max-snippet:-1, max-image-preview:large, max-video-preview:-1\" \/>\n<link rel=\"canonical\" href=\"https:\/\/sandrapermanentmakeup.co.uk\/terms-of-use\/\" \/>\n<meta property=\"og:locale\" content=\"lt_LT\" \/>\n<meta property=\"og:type\" content=\"article\" \/>\n<meta property=\"og:title\" content=\"Tinklapio Taisykl\u0117s | Sandra Opul Permanent Makeup\" \/>\n<meta property=\"og:description\" content=\"Permanentinio makia\u017eo salono Sandra Opul Studio tinklapio naudojimosi taisykl\u0117s, kuri\u0173 vartotojas turi laikytis, jei naudojasi Tinklapiu.\" \/>\n<meta property=\"og:url\" content=\"https:\/\/sandrapermanentmakeup.co.uk\/terms-of-use\/\" \/>\n<meta property=\"og:site_name\" content=\"Semi Permanent Makeup by Sandra Opul | No1 in Microblading\" \/>\n<meta property=\"article:modified_time\" content=\"2019-08-19T20:04:00+00:00\" \/>\n<meta property=\"og:image\" content=\"https:\/\/sandrapermanentmakeup.co.uk\/wp-content\/uploads\/2019\/03\/Slider-3.jpg\" \/>\n\t<meta property=\"og:image:width\" content=\"1440\" \/>\n\t<meta property=\"og:image:height\" content=\"320\" \/>\n\t<meta property=\"og:image:type\" content=\"image\/jpeg\" \/>\n<meta name=\"twitter:card\" content=\"summary_large_image\" \/>\n<meta name=\"twitter:label1\" content=\"Est. reading time\" \/>\n\t<meta name=\"twitter:data1\" content=\"2 minutes\" \/>\n<script type=\"application\/ld+json\" class=\"yoast-schema-graph\">{\"@context\":\"https:\/\/schema.org\",\"@graph\":[{\"@type\":\"WebPage\",\"@id\":\"https:\/\/sandrapermanentmakeup.co.uk\/terms-of-use\/\",\"url\":\"https:\/\/sandrapermanentmakeup.co.uk\/terms-of-use\/\",\"name\":\"Tinklapio Taisykl\u0117s | Sandra Opul Permanent Makeup\",\"isPartOf\":{\"@id\":\"https:\/\/sandrapermanentmakeup.co.uk\/#website\"},\"primaryImageOfPage\":{\"@id\":\"https:\/\/sandrapermanentmakeup.co.uk\/terms-of-use\/#primaryimage\"},\"image\":{\"@id\":\"https:\/\/sandrapermanentmakeup.co.uk\/terms-of-use\/#primaryimage\"},\"thumbnailUrl\":\"https:\/\/sandrapermanentmakeup.co.uk\/wp-content\/uploads\/2019\/03\/Slider-3.jpg\",\"datePublished\":\"2019-02-10T10:47:12+00:00\",\"dateModified\":\"2019-08-19T20:04:00+00:00\",\"description\":\"Permanentinio makia\u017eo salono Sandra Opul Studio tinklapio naudojimosi taisykl\u0117s, kuri\u0173 vartotojas turi laikytis, jei naudojasi Tinklapiu.\",\"breadcrumb\":{\"@id\":\"https:\/\/sandrapermanentmakeup.co.uk\/terms-of-use\/#breadcrumb\"},\"inLanguage\":\"lt-LT\",\"potentialAction\":[{\"@type\":\"ReadAction\",\"target\":[\"https:\/\/sandrapermanentmakeup.co.uk\/terms-of-use\/\"]}]},{\"@type\":\"ImageObject\",\"inLanguage\":\"lt-LT\",\"@id\":\"https:\/\/sandrapermanentmakeup.co.uk\/terms-of-use\/#primaryimage\",\"url\":\"https:\/\/sandrapermanentmakeup.co.uk\/wp-content\/uploads\/2019\/03\/Slider-3.jpg\",\"contentUrl\":\"https:\/\/sandrapermanentmakeup.co.uk\/wp-content\/uploads\/2019\/03\/Slider-3.jpg\",\"width\":1440,\"height\":320},{\"@type\":\"BreadcrumbList\",\"@id\":\"https:\/\/sandrapermanentmakeup.co.uk\/terms-of-use\/#breadcrumb\",\"itemListElement\":[{\"@type\":\"ListItem\",\"position\":1,\"name\":\"Home\",\"item\":\"https:\/\/sandrapermanentmakeup.co.uk\/lt\/\"},{\"@type\":\"ListItem\",\"position\":2,\"name\":\"Tinklapio taisykl\u0117s\"}]},{\"@type\":\"WebSite\",\"@id\":\"https:\/\/sandrapermanentmakeup.co.uk\/#website\",\"url\":\"https:\/\/sandrapermanentmakeup.co.uk\/\",\"name\":\"Semi Permanent Makeup by Sandra Opul | No1 in Microblading\",\"description\":\"\",\"potentialAction\":[{\"@type\":\"SearchAction\",\"target\":{\"@type\":\"EntryPoint\",\"urlTemplate\":\"https:\/\/sandrapermanentmakeup.co.uk\/?s={search_term_string}\"},\"query-input\":{\"@type\":\"PropertyValueSpecification\",\"valueRequired\":true,\"valueName\":\"search_term_string\"}}],\"inLanguage\":\"lt-LT\"}]}<\/script>\n<!-- \/ Yoast SEO plugin. -->","yoast_head_json":{"title":"Tinklapio Taisykl\u0117s | Sandra Opul Permanent Makeup","description":"Permanentinio makia\u017eo salono Sandra Opul Studio tinklapio naudojimosi taisykl\u0117s, kuri\u0173 vartotojas turi laikytis, jei naudojasi Tinklapiu.","robots":{"index":"index","follow":"follow","max-snippet":"max-snippet:-1","max-image-preview":"max-image-preview:large","max-video-preview":"max-video-preview:-1"},"canonical":"https:\/\/sandrapermanentmakeup.co.uk\/terms-of-use\/","og_locale":"lt_LT","og_type":"article","og_title":"Tinklapio Taisykl\u0117s | Sandra Opul Permanent Makeup","og_description":"Permanentinio makia\u017eo salono Sandra Opul Studio tinklapio naudojimosi taisykl\u0117s, kuri\u0173 vartotojas turi laikytis, jei naudojasi Tinklapiu.","og_url":"https:\/\/sandrapermanentmakeup.co.uk\/terms-of-use\/","og_site_name":"Semi Permanent Makeup by Sandra Opul | No1 in Microblading","article_modified_time":"2019-08-19T20:04:00+00:00","og_image":[{"width":1440,"height":320,"url":"https:\/\/sandrapermanentmakeup.co.uk\/wp-content\/uploads\/2019\/03\/Slider-3.jpg","type":"image\/jpeg"}],"twitter_card":"summary_large_image","twitter_misc":{"Est. reading time":"2 minutes"},"schema":{"@context":"https:\/\/schema.org","@graph":[{"@type":"WebPage","@id":"https:\/\/sandrapermanentmakeup.co.uk\/terms-of-use\/","url":"https:\/\/sandrapermanentmakeup.co.uk\/terms-of-use\/","name":"Tinklapio Taisykl\u0117s | Sandra Opul Permanent Makeup","isPartOf":{"@id":"https:\/\/sandrapermanentmakeup.co.uk\/#website"},"primaryImageOfPage":{"@id":"https:\/\/sandrapermanentmakeup.co.uk\/terms-of-use\/#primaryimage"},"image":{"@id":"https:\/\/sandrapermanentmakeup.co.uk\/terms-of-use\/#primaryimage"},"thumbnailUrl":"https:\/\/sandrapermanentmakeup.co.uk\/wp-content\/uploads\/2019\/03\/Slider-3.jpg","datePublished":"2019-02-10T10:47:12+00:00","dateModified":"2019-08-19T20:04:00+00:00","description":"Permanentinio makia\u017eo salono Sandra Opul Studio tinklapio naudojimosi taisykl\u0117s, kuri\u0173 vartotojas turi laikytis, jei naudojasi Tinklapiu.","breadcrumb":{"@id":"https:\/\/sandrapermanentmakeup.co.uk\/terms-of-use\/#breadcrumb"},"inLanguage":"lt-LT","potentialAction":[{"@type":"ReadAction","target":["https:\/\/sandrapermanentmakeup.co.uk\/terms-of-use\/"]}]},{"@type":"ImageObject","inLanguage":"lt-LT","@id":"https:\/\/sandrapermanentmakeup.co.uk\/terms-of-use\/#primaryimage","url":"https:\/\/sandrapermanentmakeup.co.uk\/wp-content\/uploads\/2019\/03\/Slider-3.jpg","contentUrl":"https:\/\/sandrapermanentmakeup.co.uk\/wp-content\/uploads\/2019\/03\/Slider-3.jpg","width":1440,"height":320},{"@type":"BreadcrumbList","@id":"https:\/\/sandrapermanentmakeup.co.uk\/terms-of-use\/#breadcrumb","itemListElement":[{"@type":"ListItem","position":1,"name":"Home","item":"https:\/\/sandrapermanentmakeup.co.uk\/lt\/"},{"@type":"ListItem","position":2,"name":"Tinklapio taisykl\u0117s"}]},{"@type":"WebSite","@id":"https:\/\/sandrapermanentmakeup.co.uk\/#website","url":"https:\/\/sandrapermanentmakeup.co.uk\/","name":"Semi Permanent Makeup by Sandra Opul | No1 in Microblading","description":"","potentialAction":[{"@type":"SearchAction","target":{"@type":"EntryPoint","urlTemplate":"https:\/\/sandrapermanentmakeup.co.uk\/?s={search_term_string}"},"query-input":{"@type":"PropertyValueSpecification","valueRequired":true,"valueName":"search_term_string"}}],"inLanguage":"lt-LT"}]}},"_links":{"self":[{"href":"https:\/\/sandrapermanentmakeup.co.uk\/lt\/wp-json\/wp\/v2\/pages\/502","targetHints":{"allow":["GET"]}}],"collection":[{"href":"https:\/\/sandrapermanentmakeup.co.uk\/lt\/wp-json\/wp\/v2\/pages"}],"about":[{"href":"https:\/\/sandrapermanentmakeup.co.uk\/lt\/wp-json\/wp\/v2\/types\/page"}],"author":[{"embeddable":true,"href":"https:\/\/sandrapermanentmakeup.co.uk\/lt\/wp-json\/wp\/v2\/users\/1"}],"replies":[{"embeddable":true,"href":"https:\/\/sandrapermanentmakeup.co.uk\/lt\/wp-json\/wp\/v2\/comments?post=502"}],"version-history":[{"count":9,"href":"https:\/\/sandrapermanentmakeup.co.uk\/lt\/wp-json\/wp\/v2\/pages\/502\/revisions"}],"predecessor-version":[{"id":2405,"href":"https:\/\/sandrapermanentmakeup.co.uk\/lt\/wp-json\/wp\/v2\/pages\/502\/revisions\/2405"}],"wp:featuredmedia":[{"embeddable":true,"href":"https:\/\/sandrapermanentmakeup.co.uk\/lt\/wp-json\/wp\/v2\/media\/694"}],"wp:attachment":[{"href":"https:\/\/sandrapermanentmakeup.co.uk\/lt\/wp-json\/wp\/v2\/media?parent=502"}],"curies":[{"name":"wp","href":"https:\/\/api.w.org\/{rel}","templated":true}]}}