{"id":500,"date":"2019-02-10T10:32:32","date_gmt":"2019-02-10T10:32:32","guid":{"rendered":"https:\/\/sandra.w-i.lt\/?page_id=500"},"modified":"2019-04-09T13:38:54","modified_gmt":"2019-04-09T13:38:54","slug":"privatumas","status":"publish","type":"page","link":"https:\/\/sandrapermanentmakeup.co.uk\/lt\/privatumas\/","title":{"rendered":"Privatumo politika"},"content":{"rendered":"\r\n<p>\u0160i Privatumo Politika nusako <a href=\"http:\/\/www.sandrapermanentmakeup.lt\">www.sandrapermanentmakeup.lt<\/a> (toliau \u201cTinklapis\u201d) Vartotojo pateikt\u0173 asmens duomen\u0173 saugojim\u0105 ir tvarkym\u0105, kuomet Vartotojas u\u017epildo kontaktin\u0119 arba paslaugos rezervacijos form\u0105 (toliau \u201eU\u017eklausa\u201c) d\u0117l salone atliekam\u0173 paslaug\u0173. Tinklapis priklauso Sandrai Opulskienei, Turgaus g. 20, Klaip\u0117da (toliau \u201cMes\u201d).<\/p>\r\n\r\n\r\n\r\n<p>1.Vartotojas gali susipa\u017einti su \u0161ia Privatumo politika paspaud\u0119s ant nuorodos pirm\u0105jame Tinklapio puslapyje arba siun\u010diant U\u017eklaus\u0105 per Tinklap\u012f.<\/p>\r\n\r\n\r\n\r\n<p>2.Vartotojas, naudodamasis tinklapiu, suvokia ir sutinka, kad Tinklapyje yra renkami \u0161ie duomenys: \u00a0Telefonas, Vardas, El. pa\u0161tas per U\u017eklaus\u0105, kad gal\u0117tum\u0117me atsakyti \u012f Vartotojo pateikt\u0105 pra\u0161ym\u0105.<\/p>\r\n\r\n\r\n\r\n<p>3.Auk\u0161\u010diau i\u0161vardinti duomenys gali b\u016bti panaudoti rinkodaros tikslais, jei yra gautas vartotojo sutikimas. Vartotojo duomenys niekada neperduodami tretiesiems asmenims, i\u0161skyrus \u017eemiau i\u0161vardintais atvejais: \u00a0<\/p>\r\n\r\n\r\n\r\n<ol class=\"wp-block-list\">\r\n<li>Jei yra duotas Vartotojo sutikimas.<\/li>\r\n<li>Teis\u0117saugos atvejais pagal Lietuvos teis\u0117s aktus.<\/li>\r\n<\/ol>\r\n\r\n\r\n\r\n<p>4.Visi auk\u0161\u010diau i\u0161vardinti duomenys yra i\u0161saugomi ir tvarkomi kiekvieno U\u017eklausos i\u0161siuntimo metu.<\/p>\r\n\r\n\r\n\r\n<p>5.Mes netikriname Vartotojo pateiktos informacijos teisingumo ir autenti\u0161kumo.<\/p>\r\n\r\n\r\n\r\n<p>6. Mes taip pat galime susisiekti\u00a0 su Vartotoju jo nurodytais kontaktais, jei yra pasikeitusios rezervuotos paslaugos s\u0105lygos (laikas, kaina, vieta, specialistas).<\/p>\r\n\r\n\r\n\r\n<p>7.Vartotojas gali bet kada pateikti pra\u0161ym\u0105 d\u0117l duomen\u0173 pa\u0161alinimo Tinklapyje elektroniniu pa\u0161tu sandraopul@gmail.com.<\/p>\r\n\r\n\r\n\r\n<p>8.Auk\u0161\u010diau i\u0161vardinti duomenys yra konfidencial\u016bs ir mes \u012fsipareigojame naudoti veiksmingas priemones tam, kad Vartotojo duomenys b\u016bt\u0173 apsaugoti.<\/p>\r\n\r\n\r\n\r\n<p>9. Tinklalapio Vartotojai bus informuoti apie Privatumo politikos pakeitimus.<\/p>\r\n\r\n\r\n\r\n<p>10. Naudodamasis Tinklapiu Vartotojas supranta, kad Asmens duomenys, i\u0161skyrus \u201eslapukus\u201c, yra gaunami tik jam savo noru ir laisva valia siun\u010diat U\u017eklaus\u0105.<\/p>\r\n\r\n\r\n\r\n<p>11. Vartotojas bet kuriuo metu gali atnaujinti savo asmens duomenis mums apie tai prane\u0161us elektroniniu pa\u0161tu sandraopul@gmail.com. Mes galime atnaujinti Vartotojo duomenis, kai to papra\u0161o pats Vartotojas, arba kai Vartotojas atsiun\u010dia nauj\u0105 U\u017eklaus\u0105.<\/p>\r\n","protected":false},"excerpt":{"rendered":"<p>\u0160i Privatumo Politika nusako www.sandrapermanentmakeup.lt (toliau \u201cTinklapis\u201d) Vartotojo pateikt\u0173 asmens duomen\u0173 saugojim\u0105 ir tvarkym\u0105, kuomet Vartotojas u\u017epildo kontaktin\u0119 arba paslaugos rezervacijos form\u0105 (toliau \u201eU\u017eklausa\u201c) d\u0117l salone atliekam\u0173 paslaug\u0173. Tinklapis priklauso Sandrai Opulskienei, Turgaus g. 20, Klaip\u0117da (toliau \u201cMes\u201d). 1.Vartotojas gali susipa\u017einti su \u0161ia Privatumo politika paspaud\u0119s ant nuorodos pirm\u0105jame Tinklapio puslapyje arba siun\u010diant U\u017eklaus\u0105 per &hellip; <a href=\"https:\/\/sandrapermanentmakeup.co.uk\/lt\/privatumas\/\">Continued<\/a><\/p>\n","protected":false},"author":1,"featured_media":694,"parent":0,"menu_order":0,"comment_status":"closed","ping_status":"closed","template":"template-custom.php","meta":{"_acf_changed":false,"footnotes":""},"class_list":["post-500","page","type-page","status-publish","has-post-thumbnail","hentry"],"acf":[],"yoast_head":"<!-- This site is optimized with the Yoast SEO plugin v25.8 - https:\/\/yoast.com\/wordpress\/plugins\/seo\/ -->\n<title>Privatumas | Sandra Opul Permanent Makeup Studio<\/title>\n<meta name=\"description\" content=\"Privatumo politika nusako taisykles d\u0117l vartotojo pateikt\u0173 asmens duomen\u0173 saugojimo ir tvarkymo, kuomet vartotojas u\u017epildo tinklapio u\u017eklaus\u0105.\" \/>\n<meta name=\"robots\" content=\"index, follow, max-snippet:-1, max-image-preview:large, max-video-preview:-1\" \/>\n<link rel=\"canonical\" href=\"https:\/\/sandrapermanentmakeup.co.uk\/privacy-policy\/\" \/>\n<meta property=\"og:locale\" content=\"lt_LT\" \/>\n<meta property=\"og:type\" content=\"article\" \/>\n<meta property=\"og:title\" content=\"Privatumas | Sandra Opul Permanent Makeup Studio\" \/>\n<meta property=\"og:description\" content=\"Privatumo politika nusako taisykles d\u0117l vartotojo pateikt\u0173 asmens duomen\u0173 saugojimo ir tvarkymo, kuomet vartotojas u\u017epildo tinklapio u\u017eklaus\u0105.\" \/>\n<meta property=\"og:url\" content=\"https:\/\/sandrapermanentmakeup.co.uk\/privacy-policy\/\" \/>\n<meta property=\"og:site_name\" content=\"Semi Permanent Makeup by Sandra Opul | No1 in Microblading\" \/>\n<meta property=\"article:modified_time\" content=\"2019-04-09T13:38:54+00:00\" \/>\n<meta property=\"og:image\" content=\"https:\/\/sandrapermanentmakeup.co.uk\/wp-content\/uploads\/2019\/03\/Slider-3.jpg\" \/>\n\t<meta property=\"og:image:width\" content=\"1440\" \/>\n\t<meta property=\"og:image:height\" content=\"320\" \/>\n\t<meta property=\"og:image:type\" content=\"image\/jpeg\" \/>\n<meta name=\"twitter:card\" content=\"summary_large_image\" \/>\n<meta name=\"twitter:label1\" content=\"Est. reading time\" \/>\n\t<meta name=\"twitter:data1\" content=\"1 minute\" \/>\n<script type=\"application\/ld+json\" class=\"yoast-schema-graph\">{\"@context\":\"https:\/\/schema.org\",\"@graph\":[{\"@type\":\"WebPage\",\"@id\":\"https:\/\/sandrapermanentmakeup.co.uk\/privacy-policy\/\",\"url\":\"https:\/\/sandrapermanentmakeup.co.uk\/privacy-policy\/\",\"name\":\"Privatumas | Sandra Opul Permanent Makeup Studio\",\"isPartOf\":{\"@id\":\"https:\/\/sandrapermanentmakeup.co.uk\/#website\"},\"primaryImageOfPage\":{\"@id\":\"https:\/\/sandrapermanentmakeup.co.uk\/privacy-policy\/#primaryimage\"},\"image\":{\"@id\":\"https:\/\/sandrapermanentmakeup.co.uk\/privacy-policy\/#primaryimage\"},\"thumbnailUrl\":\"https:\/\/sandrapermanentmakeup.co.uk\/wp-content\/uploads\/2019\/03\/Slider-3.jpg\",\"datePublished\":\"2019-02-10T10:32:32+00:00\",\"dateModified\":\"2019-04-09T13:38:54+00:00\",\"description\":\"Privatumo politika nusako taisykles d\u0117l vartotojo pateikt\u0173 asmens duomen\u0173 saugojimo ir tvarkymo, kuomet vartotojas u\u017epildo tinklapio u\u017eklaus\u0105.\",\"breadcrumb\":{\"@id\":\"https:\/\/sandrapermanentmakeup.co.uk\/privacy-policy\/#breadcrumb\"},\"inLanguage\":\"lt-LT\",\"potentialAction\":[{\"@type\":\"ReadAction\",\"target\":[\"https:\/\/sandrapermanentmakeup.co.uk\/privacy-policy\/\"]}]},{\"@type\":\"ImageObject\",\"inLanguage\":\"lt-LT\",\"@id\":\"https:\/\/sandrapermanentmakeup.co.uk\/privacy-policy\/#primaryimage\",\"url\":\"https:\/\/sandrapermanentmakeup.co.uk\/wp-content\/uploads\/2019\/03\/Slider-3.jpg\",\"contentUrl\":\"https:\/\/sandrapermanentmakeup.co.uk\/wp-content\/uploads\/2019\/03\/Slider-3.jpg\",\"width\":1440,\"height\":320},{\"@type\":\"BreadcrumbList\",\"@id\":\"https:\/\/sandrapermanentmakeup.co.uk\/privacy-policy\/#breadcrumb\",\"itemListElement\":[{\"@type\":\"ListItem\",\"position\":1,\"name\":\"Home\",\"item\":\"https:\/\/sandrapermanentmakeup.co.uk\/lt\/\"},{\"@type\":\"ListItem\",\"position\":2,\"name\":\"Privatumo politika\"}]},{\"@type\":\"WebSite\",\"@id\":\"https:\/\/sandrapermanentmakeup.co.uk\/#website\",\"url\":\"https:\/\/sandrapermanentmakeup.co.uk\/\",\"name\":\"Semi Permanent Makeup by Sandra Opul | No1 in Microblading\",\"description\":\"\",\"potentialAction\":[{\"@type\":\"SearchAction\",\"target\":{\"@type\":\"EntryPoint\",\"urlTemplate\":\"https:\/\/sandrapermanentmakeup.co.uk\/?s={search_term_string}\"},\"query-input\":{\"@type\":\"PropertyValueSpecification\",\"valueRequired\":true,\"valueName\":\"search_term_string\"}}],\"inLanguage\":\"lt-LT\"}]}<\/script>\n<!-- \/ Yoast SEO plugin. -->","yoast_head_json":{"title":"Privatumas | Sandra Opul Permanent Makeup Studio","description":"Privatumo politika nusako taisykles d\u0117l vartotojo pateikt\u0173 asmens duomen\u0173 saugojimo ir tvarkymo, kuomet vartotojas u\u017epildo tinklapio u\u017eklaus\u0105.","robots":{"index":"index","follow":"follow","max-snippet":"max-snippet:-1","max-image-preview":"max-image-preview:large","max-video-preview":"max-video-preview:-1"},"canonical":"https:\/\/sandrapermanentmakeup.co.uk\/privacy-policy\/","og_locale":"lt_LT","og_type":"article","og_title":"Privatumas | Sandra Opul Permanent Makeup Studio","og_description":"Privatumo politika nusako taisykles d\u0117l vartotojo pateikt\u0173 asmens duomen\u0173 saugojimo ir tvarkymo, kuomet vartotojas u\u017epildo tinklapio u\u017eklaus\u0105.","og_url":"https:\/\/sandrapermanentmakeup.co.uk\/privacy-policy\/","og_site_name":"Semi Permanent Makeup by Sandra Opul | No1 in Microblading","article_modified_time":"2019-04-09T13:38:54+00:00","og_image":[{"width":1440,"height":320,"url":"https:\/\/sandrapermanentmakeup.co.uk\/wp-content\/uploads\/2019\/03\/Slider-3.jpg","type":"image\/jpeg"}],"twitter_card":"summary_large_image","twitter_misc":{"Est. reading time":"1 minute"},"schema":{"@context":"https:\/\/schema.org","@graph":[{"@type":"WebPage","@id":"https:\/\/sandrapermanentmakeup.co.uk\/privacy-policy\/","url":"https:\/\/sandrapermanentmakeup.co.uk\/privacy-policy\/","name":"Privatumas | Sandra Opul Permanent Makeup Studio","isPartOf":{"@id":"https:\/\/sandrapermanentmakeup.co.uk\/#website"},"primaryImageOfPage":{"@id":"https:\/\/sandrapermanentmakeup.co.uk\/privacy-policy\/#primaryimage"},"image":{"@id":"https:\/\/sandrapermanentmakeup.co.uk\/privacy-policy\/#primaryimage"},"thumbnailUrl":"https:\/\/sandrapermanentmakeup.co.uk\/wp-content\/uploads\/2019\/03\/Slider-3.jpg","datePublished":"2019-02-10T10:32:32+00:00","dateModified":"2019-04-09T13:38:54+00:00","description":"Privatumo politika nusako taisykles d\u0117l vartotojo pateikt\u0173 asmens duomen\u0173 saugojimo ir tvarkymo, kuomet vartotojas u\u017epildo tinklapio u\u017eklaus\u0105.","breadcrumb":{"@id":"https:\/\/sandrapermanentmakeup.co.uk\/privacy-policy\/#breadcrumb"},"inLanguage":"lt-LT","potentialAction":[{"@type":"ReadAction","target":["https:\/\/sandrapermanentmakeup.co.uk\/privacy-policy\/"]}]},{"@type":"ImageObject","inLanguage":"lt-LT","@id":"https:\/\/sandrapermanentmakeup.co.uk\/privacy-policy\/#primaryimage","url":"https:\/\/sandrapermanentmakeup.co.uk\/wp-content\/uploads\/2019\/03\/Slider-3.jpg","contentUrl":"https:\/\/sandrapermanentmakeup.co.uk\/wp-content\/uploads\/2019\/03\/Slider-3.jpg","width":1440,"height":320},{"@type":"BreadcrumbList","@id":"https:\/\/sandrapermanentmakeup.co.uk\/privacy-policy\/#breadcrumb","itemListElement":[{"@type":"ListItem","position":1,"name":"Home","item":"https:\/\/sandrapermanentmakeup.co.uk\/lt\/"},{"@type":"ListItem","position":2,"name":"Privatumo politika"}]},{"@type":"WebSite","@id":"https:\/\/sandrapermanentmakeup.co.uk\/#website","url":"https:\/\/sandrapermanentmakeup.co.uk\/","name":"Semi Permanent Makeup by Sandra Opul | No1 in Microblading","description":"","potentialAction":[{"@type":"SearchAction","target":{"@type":"EntryPoint","urlTemplate":"https:\/\/sandrapermanentmakeup.co.uk\/?s={search_term_string}"},"query-input":{"@type":"PropertyValueSpecification","valueRequired":true,"valueName":"search_term_string"}}],"inLanguage":"lt-LT"}]}},"_links":{"self":[{"href":"https:\/\/sandrapermanentmakeup.co.uk\/lt\/wp-json\/wp\/v2\/pages\/500","targetHints":{"allow":["GET"]}}],"collection":[{"href":"https:\/\/sandrapermanentmakeup.co.uk\/lt\/wp-json\/wp\/v2\/pages"}],"about":[{"href":"https:\/\/sandrapermanentmakeup.co.uk\/lt\/wp-json\/wp\/v2\/types\/page"}],"author":[{"embeddable":true,"href":"https:\/\/sandrapermanentmakeup.co.uk\/lt\/wp-json\/wp\/v2\/users\/1"}],"replies":[{"embeddable":true,"href":"https:\/\/sandrapermanentmakeup.co.uk\/lt\/wp-json\/wp\/v2\/comments?post=500"}],"version-history":[{"count":4,"href":"https:\/\/sandrapermanentmakeup.co.uk\/lt\/wp-json\/wp\/v2\/pages\/500\/revisions"}],"predecessor-version":[{"id":935,"href":"https:\/\/sandrapermanentmakeup.co.uk\/lt\/wp-json\/wp\/v2\/pages\/500\/revisions\/935"}],"wp:featuredmedia":[{"embeddable":true,"href":"https:\/\/sandrapermanentmakeup.co.uk\/lt\/wp-json\/wp\/v2\/media\/694"}],"wp:attachment":[{"href":"https:\/\/sandrapermanentmakeup.co.uk\/lt\/wp-json\/wp\/v2\/media?parent=500"}],"curies":[{"name":"wp","href":"https:\/\/api.w.org\/{rel}","templated":true}]}}