{"id":49,"date":"2018-12-28T12:47:21","date_gmt":"2018-12-28T12:47:21","guid":{"rendered":"http:\/\/sandra.local\/?page_id=49"},"modified":"2019-06-02T13:18:38","modified_gmt":"2019-06-02T13:18:38","slug":"permanentinis-makiazas-galerija","status":"publish","type":"page","link":"https:\/\/sandrapermanentmakeup.co.uk\/lt\/permanentinis-makiazas-galerija\/","title":{"rendered":"Galerija"},"content":{"rendered":"","protected":false},"excerpt":{"rendered":"","protected":false},"author":1,"featured_media":694,"parent":0,"menu_order":0,"comment_status":"closed","ping_status":"closed","template":"template-galerija.php","meta":{"_acf_changed":false,"footnotes":""},"class_list":["post-49","page","type-page","status-publish","has-post-thumbnail","hentry"],"acf":[],"yoast_head":"<!-- This site is optimized with the Yoast SEO plugin v25.8 - https:\/\/yoast.com\/wordpress\/plugins\/seo\/ -->\n<title>Permanentinis Makia\u017eas Galerija | Sandra Opul Permanent Makeup<\/title>\n<meta name=\"description\" content=\"Sandros Opul permanentinis makia\u017eas. Sandros darbo rezultatai yra tobuli, galite pasi\u017ei\u016br\u0117ti nuotraukose, kaip atrodo jos darytas ilgalaikis makia\u017eas.\" \/>\n<meta name=\"robots\" content=\"index, follow, max-snippet:-1, max-image-preview:large, max-video-preview:-1\" \/>\n<link rel=\"canonical\" href=\"https:\/\/sandrapermanentmakeup.co.uk\/permanent-makeup-gallery\/\" \/>\n<meta property=\"og:locale\" content=\"lt_LT\" \/>\n<meta property=\"og:type\" content=\"article\" \/>\n<meta property=\"og:title\" content=\"Permanentinis Makia\u017eas Galerija | Sandra Opul Permanent Makeup\" \/>\n<meta property=\"og:description\" content=\"Sandros Opul permanentinis makia\u017eas. Sandros darbo rezultatai yra tobuli, galite pasi\u017ei\u016br\u0117ti nuotraukose, kaip atrodo jos darytas ilgalaikis makia\u017eas.\" \/>\n<meta property=\"og:url\" content=\"https:\/\/sandrapermanentmakeup.co.uk\/permanent-makeup-gallery\/\" \/>\n<meta property=\"og:site_name\" content=\"Semi Permanent Makeup by Sandra Opul | No1 in Microblading\" \/>\n<meta property=\"article:modified_time\" content=\"2019-06-02T13:18:38+00:00\" \/>\n<meta property=\"og:image\" content=\"https:\/\/sandrapermanentmakeup.co.uk\/wp-content\/uploads\/2019\/03\/Slider-3.jpg\" \/>\n\t<meta property=\"og:image:width\" content=\"1440\" \/>\n\t<meta property=\"og:image:height\" content=\"320\" \/>\n\t<meta property=\"og:image:type\" content=\"image\/jpeg\" \/>\n<meta name=\"twitter:card\" content=\"summary_large_image\" \/>\n<script type=\"application\/ld+json\" class=\"yoast-schema-graph\">{\"@context\":\"https:\/\/schema.org\",\"@graph\":[{\"@type\":\"WebPage\",\"@id\":\"https:\/\/sandrapermanentmakeup.co.uk\/permanent-makeup-gallery\/\",\"url\":\"https:\/\/sandrapermanentmakeup.co.uk\/permanent-makeup-gallery\/\",\"name\":\"Permanentinis Makia\u017eas Galerija | Sandra Opul Permanent Makeup\",\"isPartOf\":{\"@id\":\"https:\/\/sandrapermanentmakeup.co.uk\/#website\"},\"primaryImageOfPage\":{\"@id\":\"https:\/\/sandrapermanentmakeup.co.uk\/permanent-makeup-gallery\/#primaryimage\"},\"image\":{\"@id\":\"https:\/\/sandrapermanentmakeup.co.uk\/permanent-makeup-gallery\/#primaryimage\"},\"thumbnailUrl\":\"https:\/\/sandrapermanentmakeup.co.uk\/wp-content\/uploads\/2019\/03\/Slider-3.jpg\",\"datePublished\":\"2018-12-28T12:47:21+00:00\",\"dateModified\":\"2019-06-02T13:18:38+00:00\",\"description\":\"Sandros Opul permanentinis makia\u017eas. Sandros darbo rezultatai yra tobuli, galite pasi\u017ei\u016br\u0117ti nuotraukose, kaip atrodo jos darytas ilgalaikis makia\u017eas.\",\"breadcrumb\":{\"@id\":\"https:\/\/sandrapermanentmakeup.co.uk\/permanent-makeup-gallery\/#breadcrumb\"},\"inLanguage\":\"lt-LT\",\"potentialAction\":[{\"@type\":\"ReadAction\",\"target\":[\"https:\/\/sandrapermanentmakeup.co.uk\/permanent-makeup-gallery\/\"]}]},{\"@type\":\"ImageObject\",\"inLanguage\":\"lt-LT\",\"@id\":\"https:\/\/sandrapermanentmakeup.co.uk\/permanent-makeup-gallery\/#primaryimage\",\"url\":\"https:\/\/sandrapermanentmakeup.co.uk\/wp-content\/uploads\/2019\/03\/Slider-3.jpg\",\"contentUrl\":\"https:\/\/sandrapermanentmakeup.co.uk\/wp-content\/uploads\/2019\/03\/Slider-3.jpg\",\"width\":1440,\"height\":320},{\"@type\":\"BreadcrumbList\",\"@id\":\"https:\/\/sandrapermanentmakeup.co.uk\/permanent-makeup-gallery\/#breadcrumb\",\"itemListElement\":[{\"@type\":\"ListItem\",\"position\":1,\"name\":\"Home\",\"item\":\"https:\/\/sandrapermanentmakeup.co.uk\/lt\/\"},{\"@type\":\"ListItem\",\"position\":2,\"name\":\"Galerija\"}]},{\"@type\":\"WebSite\",\"@id\":\"https:\/\/sandrapermanentmakeup.co.uk\/#website\",\"url\":\"https:\/\/sandrapermanentmakeup.co.uk\/\",\"name\":\"Semi Permanent Makeup by Sandra Opul | No1 in Microblading\",\"description\":\"\",\"potentialAction\":[{\"@type\":\"SearchAction\",\"target\":{\"@type\":\"EntryPoint\",\"urlTemplate\":\"https:\/\/sandrapermanentmakeup.co.uk\/?s={search_term_string}\"},\"query-input\":{\"@type\":\"PropertyValueSpecification\",\"valueRequired\":true,\"valueName\":\"search_term_string\"}}],\"inLanguage\":\"lt-LT\"}]}<\/script>\n<!-- \/ Yoast SEO plugin. -->","yoast_head_json":{"title":"Permanentinis Makia\u017eas Galerija | Sandra Opul Permanent Makeup","description":"Sandros Opul permanentinis makia\u017eas. Sandros darbo rezultatai yra tobuli, galite pasi\u017ei\u016br\u0117ti nuotraukose, kaip atrodo jos darytas ilgalaikis makia\u017eas.","robots":{"index":"index","follow":"follow","max-snippet":"max-snippet:-1","max-image-preview":"max-image-preview:large","max-video-preview":"max-video-preview:-1"},"canonical":"https:\/\/sandrapermanentmakeup.co.uk\/permanent-makeup-gallery\/","og_locale":"lt_LT","og_type":"article","og_title":"Permanentinis Makia\u017eas Galerija | Sandra Opul Permanent Makeup","og_description":"Sandros Opul permanentinis makia\u017eas. Sandros darbo rezultatai yra tobuli, galite pasi\u017ei\u016br\u0117ti nuotraukose, kaip atrodo jos darytas ilgalaikis makia\u017eas.","og_url":"https:\/\/sandrapermanentmakeup.co.uk\/permanent-makeup-gallery\/","og_site_name":"Semi Permanent Makeup by Sandra Opul | No1 in Microblading","article_modified_time":"2019-06-02T13:18:38+00:00","og_image":[{"width":1440,"height":320,"url":"https:\/\/sandrapermanentmakeup.co.uk\/wp-content\/uploads\/2019\/03\/Slider-3.jpg","type":"image\/jpeg"}],"twitter_card":"summary_large_image","schema":{"@context":"https:\/\/schema.org","@graph":[{"@type":"WebPage","@id":"https:\/\/sandrapermanentmakeup.co.uk\/permanent-makeup-gallery\/","url":"https:\/\/sandrapermanentmakeup.co.uk\/permanent-makeup-gallery\/","name":"Permanentinis Makia\u017eas Galerija | Sandra Opul Permanent Makeup","isPartOf":{"@id":"https:\/\/sandrapermanentmakeup.co.uk\/#website"},"primaryImageOfPage":{"@id":"https:\/\/sandrapermanentmakeup.co.uk\/permanent-makeup-gallery\/#primaryimage"},"image":{"@id":"https:\/\/sandrapermanentmakeup.co.uk\/permanent-makeup-gallery\/#primaryimage"},"thumbnailUrl":"https:\/\/sandrapermanentmakeup.co.uk\/wp-content\/uploads\/2019\/03\/Slider-3.jpg","datePublished":"2018-12-28T12:47:21+00:00","dateModified":"2019-06-02T13:18:38+00:00","description":"Sandros Opul permanentinis makia\u017eas. Sandros darbo rezultatai yra tobuli, galite pasi\u017ei\u016br\u0117ti nuotraukose, kaip atrodo jos darytas ilgalaikis makia\u017eas.","breadcrumb":{"@id":"https:\/\/sandrapermanentmakeup.co.uk\/permanent-makeup-gallery\/#breadcrumb"},"inLanguage":"lt-LT","potentialAction":[{"@type":"ReadAction","target":["https:\/\/sandrapermanentmakeup.co.uk\/permanent-makeup-gallery\/"]}]},{"@type":"ImageObject","inLanguage":"lt-LT","@id":"https:\/\/sandrapermanentmakeup.co.uk\/permanent-makeup-gallery\/#primaryimage","url":"https:\/\/sandrapermanentmakeup.co.uk\/wp-content\/uploads\/2019\/03\/Slider-3.jpg","contentUrl":"https:\/\/sandrapermanentmakeup.co.uk\/wp-content\/uploads\/2019\/03\/Slider-3.jpg","width":1440,"height":320},{"@type":"BreadcrumbList","@id":"https:\/\/sandrapermanentmakeup.co.uk\/permanent-makeup-gallery\/#breadcrumb","itemListElement":[{"@type":"ListItem","position":1,"name":"Home","item":"https:\/\/sandrapermanentmakeup.co.uk\/lt\/"},{"@type":"ListItem","position":2,"name":"Galerija"}]},{"@type":"WebSite","@id":"https:\/\/sandrapermanentmakeup.co.uk\/#website","url":"https:\/\/sandrapermanentmakeup.co.uk\/","name":"Semi Permanent Makeup by Sandra Opul | No1 in Microblading","description":"","potentialAction":[{"@type":"SearchAction","target":{"@type":"EntryPoint","urlTemplate":"https:\/\/sandrapermanentmakeup.co.uk\/?s={search_term_string}"},"query-input":{"@type":"PropertyValueSpecification","valueRequired":true,"valueName":"search_term_string"}}],"inLanguage":"lt-LT"}]}},"_links":{"self":[{"href":"https:\/\/sandrapermanentmakeup.co.uk\/lt\/wp-json\/wp\/v2\/pages\/49","targetHints":{"allow":["GET"]}}],"collection":[{"href":"https:\/\/sandrapermanentmakeup.co.uk\/lt\/wp-json\/wp\/v2\/pages"}],"about":[{"href":"https:\/\/sandrapermanentmakeup.co.uk\/lt\/wp-json\/wp\/v2\/types\/page"}],"author":[{"embeddable":true,"href":"https:\/\/sandrapermanentmakeup.co.uk\/lt\/wp-json\/wp\/v2\/users\/1"}],"replies":[{"embeddable":true,"href":"https:\/\/sandrapermanentmakeup.co.uk\/lt\/wp-json\/wp\/v2\/comments?post=49"}],"version-history":[{"count":37,"href":"https:\/\/sandrapermanentmakeup.co.uk\/lt\/wp-json\/wp\/v2\/pages\/49\/revisions"}],"predecessor-version":[{"id":1711,"href":"https:\/\/sandrapermanentmakeup.co.uk\/lt\/wp-json\/wp\/v2\/pages\/49\/revisions\/1711"}],"wp:featuredmedia":[{"embeddable":true,"href":"https:\/\/sandrapermanentmakeup.co.uk\/lt\/wp-json\/wp\/v2\/media\/694"}],"wp:attachment":[{"href":"https:\/\/sandrapermanentmakeup.co.uk\/lt\/wp-json\/wp\/v2\/media?parent=49"}],"curies":[{"name":"wp","href":"https:\/\/api.w.org\/{rel}","templated":true}]}}