{"id":3,"date":"2018-12-28T08:43:22","date_gmt":"2018-12-28T08:43:22","guid":{"rendered":"http:\/\/sandra.local\/?page_id=3"},"modified":"2019-05-13T07:39:35","modified_gmt":"2019-05-13T07:39:35","slug":"slapuku-politika","status":"publish","type":"page","link":"https:\/\/sandrapermanentmakeup.co.uk\/lt\/slapuku-politika\/","title":{"rendered":"Slapuk\u0173 politika"},"content":{"rendered":"\n<h3 class=\"wp-block-heading\">Slapuk\u0173 paskirtis<\/h3>\n\n\n\n<p>J\u016bs\u0173 privatumas mums yra labai svarbus, tod\u0117l norime suteikti daugiau informacijos apie slapuk\u0173 (angl. cookies) naudojim\u0105 interneto svetain\u0117se. <\/p>\n\n\n\n<p>M\u016bs\u0173 tinklapis naudoja slapukus (cookies), kurie i\u0161saugo informacij\u0105 j\u016bs\u0173 kompiuteryje. Naudodamiesi \u0161iuo tinklapiu j\u016bs sutinkate su m\u016bs\u0173 slapuk\u0173 nuostatomis. Jei j\u016bs nesutinkate priimti slapuk\u0173 i\u0161 \u0161io tinklapio, nesinaudokite \u0161iuo tinklapiu.<\/p>\n\n\n\n<p>Slapuk\u0173 taisykl\u0117s gali b\u016bti dalinai pakeistos be i\u0161ankstinio persp\u0117jimo. Nor\u0117dami u\u017etikrinti, kad naudojat\u0117s atnaujinta informacija apie slapuk\u0173 naudojim\u0105, pra\u0161ome reguliariai per\u017ei\u016br\u0117ti \u0161ias nuostatas, kad su\u017einotum\u0117te apie galimus pasikeitimus. <\/p>\n\n\n\n<h3 class=\"wp-block-heading\">Kas yra Slapukai<\/h3>\n\n\n\n<p>Slapukai i\u0161saugo informacija apie\njus, kuri i\u0161lieka nar\u0161ykl\u0117je d\u0117l to, kad tinklapis gal\u0117t\u0173 jus atpa\u017einti, kai\nlankysit\u0117s tame pa\u010diame tinklapyje kit\u0105 kart\u0105. Tai yra duomenys apie tai,\nkuriuose tinklapio puslapiuose lank\u0117t\u0117s, apsilankymo laikas bei koki\u0105\ninformacij\u0105 \u012fved\u0117te pateiktose formose.&nbsp;\n\u0160is procesas vyksta d\u0117l to, kad mes gal\u0117tume pagerinti tinklapio\nfunkcijas pagal j\u016bs\u0173 poreikius.<\/p>\n\n\n\n<p>Slapukai gali b\u016bti laikini arba nuolatiniai. Laikin\u0173 slapuk\u0173 galiojimas\nbaigiasi tada, kai j\u016bs paliekate tinklap\u012f ir jokie j\u016bs\u0173 duomenys tuomet\nnepasilieka nar\u0161ykl\u0117je. Nuolatiniai slapukai yra saugomi iki j\u0173 i\u0161trynimo arba\ngaliojimo pabaigos. <\/p>\n\n\n\n<h3 class=\"wp-block-heading\">M\u016bs\u0173 naudojami Slapukai<\/h3>\n\n\n\n<p>Mes naudojame sesijos slapukus d\u0117l saugumo u\u017etikrinimo ir j\u016bs\u0173 duomen\u0173\npatikrinimo. D\u0117l to jums nereik\u0117s kiekvien\u0105 kart\u0105 apsilankius m\u016bs\u0173 svetain\u0117je\nsuvesti t\u0173 pa\u010di\u0173 duomen\u0173. &nbsp;<\/p>\n\n\n\n<p>Mes taip pat naudojame nuolatinius slapukus, nes jie mums padeda\natpa\u017einti jus kaip unikal\u0173 vartotoj\u0105 kiekvien\u0105 kart\u0105 jums gr\u012f\u017eus \u012f tinklap\u012f.\nNuolatiniai slapukai sukaupia anonimi\u0161kus duomenis apie j\u016bs\u0173 poreikius, taigi\nmes \u017einome, kaip patobulinti tinklap\u012f, kad jis geriau pateisint\u0173 j\u016bs\u0173\nl\u016bkes\u010dius. Nuolatiniai slapukai taipogi atpa\u017e\u012fsta j\u016bs\u0173 nar\u0161ykl\u0117s technologines\nfunkcijas ir padeda puslapiui pasikrauti grei\u010diau. <\/p>\n\n\n\n<h3 class=\"wp-block-heading\">Slapuk\u0173 atisakymas<\/h3>\n\n\n\n<p>Kad\natsisakytum\u0117te slapuk\u0173, j\u016bs turite pasikeisti savo interneto nar\u0161ykl\u0117s\nnustatymus. Jei jums reikia pagalbos \u0161iuo klausimu, jums pad\u0117s pagalbos skyrius\nj\u016bs\u0173 nar\u0161ykl\u0117je arba galite susirasti daugiau informacijos internete. Mes\nrekomenduojame, kad j\u016bs pasiliktum\u0117te visus m\u016bs\u0173 slapukus, nes tuomet j\u016bs pilnai\ngal\u0117site naudotis m\u016bs\u0173 tinklapiu.<\/p>\n","protected":false},"excerpt":{"rendered":"<p>Slapuk\u0173 paskirtis J\u016bs\u0173 privatumas mums yra labai svarbus, tod\u0117l norime suteikti daugiau informacijos apie slapuk\u0173 (angl. cookies) naudojim\u0105 interneto svetain\u0117se. M\u016bs\u0173 tinklapis naudoja slapukus (cookies), kurie i\u0161saugo informacij\u0105 j\u016bs\u0173 kompiuteryje. Naudodamiesi \u0161iuo tinklapiu j\u016bs sutinkate su m\u016bs\u0173 slapuk\u0173 nuostatomis. Jei j\u016bs nesutinkate priimti slapuk\u0173 i\u0161 \u0161io tinklapio, nesinaudokite \u0161iuo tinklapiu. Slapuk\u0173 taisykl\u0117s gali b\u016bti dalinai &hellip; <a href=\"https:\/\/sandrapermanentmakeup.co.uk\/lt\/slapuku-politika\/\">Continued<\/a><\/p>\n","protected":false},"author":1,"featured_media":0,"parent":0,"menu_order":0,"comment_status":"closed","ping_status":"open","template":"template-custom.php","meta":{"_acf_changed":false,"footnotes":""},"class_list":["post-3","page","type-page","status-publish","hentry"],"acf":[],"yoast_head":"<!-- This site is optimized with the Yoast SEO plugin v25.8 - https:\/\/yoast.com\/wordpress\/plugins\/seo\/ -->\n<title>Slapuk\u0173 Politika | Sandra Opul Permanent Makeup Studio<\/title>\n<meta name=\"description\" content=\"M\u016bs\u0173 tinklapyje yra naudojami slapukai, nes jie mums padeda atpa\u017einti jus kaip unikal\u0173 vartotoj\u0105 kiekvien\u0105 kart\u0105 jums gr\u012f\u017eus \u012f tinklap\u012f.\" \/>\n<meta name=\"robots\" content=\"index, follow, max-snippet:-1, max-image-preview:large, max-video-preview:-1\" \/>\n<link rel=\"canonical\" href=\"https:\/\/sandrapermanentmakeup.co.uk\/cookie-policy\/\" \/>\n<meta property=\"og:locale\" content=\"lt_LT\" \/>\n<meta property=\"og:type\" content=\"article\" \/>\n<meta property=\"og:title\" content=\"Slapuk\u0173 Politika | Sandra Opul Permanent Makeup Studio\" \/>\n<meta property=\"og:description\" content=\"M\u016bs\u0173 tinklapyje yra naudojami slapukai, nes jie mums padeda atpa\u017einti jus kaip unikal\u0173 vartotoj\u0105 kiekvien\u0105 kart\u0105 jums gr\u012f\u017eus \u012f tinklap\u012f.\" \/>\n<meta property=\"og:url\" content=\"https:\/\/sandrapermanentmakeup.co.uk\/cookie-policy\/\" \/>\n<meta property=\"og:site_name\" content=\"Semi Permanent Makeup by Sandra Opul | No1 in Microblading\" \/>\n<meta property=\"article:modified_time\" content=\"2019-05-13T07:39:35+00:00\" \/>\n<meta name=\"twitter:card\" content=\"summary_large_image\" \/>\n<meta name=\"twitter:label1\" content=\"Est. reading time\" \/>\n\t<meta name=\"twitter:data1\" content=\"2 minutes\" \/>\n<script type=\"application\/ld+json\" class=\"yoast-schema-graph\">{\"@context\":\"https:\/\/schema.org\",\"@graph\":[{\"@type\":\"WebPage\",\"@id\":\"https:\/\/sandrapermanentmakeup.co.uk\/cookie-policy\/\",\"url\":\"https:\/\/sandrapermanentmakeup.co.uk\/cookie-policy\/\",\"name\":\"Slapuk\u0173 Politika | Sandra Opul Permanent Makeup Studio\",\"isPartOf\":{\"@id\":\"https:\/\/sandrapermanentmakeup.co.uk\/#website\"},\"datePublished\":\"2018-12-28T08:43:22+00:00\",\"dateModified\":\"2019-05-13T07:39:35+00:00\",\"description\":\"M\u016bs\u0173 tinklapyje yra naudojami slapukai, nes jie mums padeda atpa\u017einti jus kaip unikal\u0173 vartotoj\u0105 kiekvien\u0105 kart\u0105 jums gr\u012f\u017eus \u012f tinklap\u012f.\",\"breadcrumb\":{\"@id\":\"https:\/\/sandrapermanentmakeup.co.uk\/cookie-policy\/#breadcrumb\"},\"inLanguage\":\"lt-LT\",\"potentialAction\":[{\"@type\":\"ReadAction\",\"target\":[\"https:\/\/sandrapermanentmakeup.co.uk\/cookie-policy\/\"]}]},{\"@type\":\"BreadcrumbList\",\"@id\":\"https:\/\/sandrapermanentmakeup.co.uk\/cookie-policy\/#breadcrumb\",\"itemListElement\":[{\"@type\":\"ListItem\",\"position\":1,\"name\":\"Home\",\"item\":\"https:\/\/sandrapermanentmakeup.co.uk\/lt\/\"},{\"@type\":\"ListItem\",\"position\":2,\"name\":\"Slapuk\u0173 politika\"}]},{\"@type\":\"WebSite\",\"@id\":\"https:\/\/sandrapermanentmakeup.co.uk\/#website\",\"url\":\"https:\/\/sandrapermanentmakeup.co.uk\/\",\"name\":\"Semi Permanent Makeup by Sandra Opul | No1 in Microblading\",\"description\":\"\",\"potentialAction\":[{\"@type\":\"SearchAction\",\"target\":{\"@type\":\"EntryPoint\",\"urlTemplate\":\"https:\/\/sandrapermanentmakeup.co.uk\/?s={search_term_string}\"},\"query-input\":{\"@type\":\"PropertyValueSpecification\",\"valueRequired\":true,\"valueName\":\"search_term_string\"}}],\"inLanguage\":\"lt-LT\"}]}<\/script>\n<!-- \/ Yoast SEO plugin. -->","yoast_head_json":{"title":"Slapuk\u0173 Politika | Sandra Opul Permanent Makeup Studio","description":"M\u016bs\u0173 tinklapyje yra naudojami slapukai, nes jie mums padeda atpa\u017einti jus kaip unikal\u0173 vartotoj\u0105 kiekvien\u0105 kart\u0105 jums gr\u012f\u017eus \u012f tinklap\u012f.","robots":{"index":"index","follow":"follow","max-snippet":"max-snippet:-1","max-image-preview":"max-image-preview:large","max-video-preview":"max-video-preview:-1"},"canonical":"https:\/\/sandrapermanentmakeup.co.uk\/cookie-policy\/","og_locale":"lt_LT","og_type":"article","og_title":"Slapuk\u0173 Politika | Sandra Opul Permanent Makeup Studio","og_description":"M\u016bs\u0173 tinklapyje yra naudojami slapukai, nes jie mums padeda atpa\u017einti jus kaip unikal\u0173 vartotoj\u0105 kiekvien\u0105 kart\u0105 jums gr\u012f\u017eus \u012f tinklap\u012f.","og_url":"https:\/\/sandrapermanentmakeup.co.uk\/cookie-policy\/","og_site_name":"Semi Permanent Makeup by Sandra Opul | No1 in Microblading","article_modified_time":"2019-05-13T07:39:35+00:00","twitter_card":"summary_large_image","twitter_misc":{"Est. reading time":"2 minutes"},"schema":{"@context":"https:\/\/schema.org","@graph":[{"@type":"WebPage","@id":"https:\/\/sandrapermanentmakeup.co.uk\/cookie-policy\/","url":"https:\/\/sandrapermanentmakeup.co.uk\/cookie-policy\/","name":"Slapuk\u0173 Politika | Sandra Opul Permanent Makeup Studio","isPartOf":{"@id":"https:\/\/sandrapermanentmakeup.co.uk\/#website"},"datePublished":"2018-12-28T08:43:22+00:00","dateModified":"2019-05-13T07:39:35+00:00","description":"M\u016bs\u0173 tinklapyje yra naudojami slapukai, nes jie mums padeda atpa\u017einti jus kaip unikal\u0173 vartotoj\u0105 kiekvien\u0105 kart\u0105 jums gr\u012f\u017eus \u012f tinklap\u012f.","breadcrumb":{"@id":"https:\/\/sandrapermanentmakeup.co.uk\/cookie-policy\/#breadcrumb"},"inLanguage":"lt-LT","potentialAction":[{"@type":"ReadAction","target":["https:\/\/sandrapermanentmakeup.co.uk\/cookie-policy\/"]}]},{"@type":"BreadcrumbList","@id":"https:\/\/sandrapermanentmakeup.co.uk\/cookie-policy\/#breadcrumb","itemListElement":[{"@type":"ListItem","position":1,"name":"Home","item":"https:\/\/sandrapermanentmakeup.co.uk\/lt\/"},{"@type":"ListItem","position":2,"name":"Slapuk\u0173 politika"}]},{"@type":"WebSite","@id":"https:\/\/sandrapermanentmakeup.co.uk\/#website","url":"https:\/\/sandrapermanentmakeup.co.uk\/","name":"Semi Permanent Makeup by Sandra Opul | No1 in Microblading","description":"","potentialAction":[{"@type":"SearchAction","target":{"@type":"EntryPoint","urlTemplate":"https:\/\/sandrapermanentmakeup.co.uk\/?s={search_term_string}"},"query-input":{"@type":"PropertyValueSpecification","valueRequired":true,"valueName":"search_term_string"}}],"inLanguage":"lt-LT"}]}},"_links":{"self":[{"href":"https:\/\/sandrapermanentmakeup.co.uk\/lt\/wp-json\/wp\/v2\/pages\/3","targetHints":{"allow":["GET"]}}],"collection":[{"href":"https:\/\/sandrapermanentmakeup.co.uk\/lt\/wp-json\/wp\/v2\/pages"}],"about":[{"href":"https:\/\/sandrapermanentmakeup.co.uk\/lt\/wp-json\/wp\/v2\/types\/page"}],"author":[{"embeddable":true,"href":"https:\/\/sandrapermanentmakeup.co.uk\/lt\/wp-json\/wp\/v2\/users\/1"}],"replies":[{"embeddable":true,"href":"https:\/\/sandrapermanentmakeup.co.uk\/lt\/wp-json\/wp\/v2\/comments?post=3"}],"version-history":[{"count":5,"href":"https:\/\/sandrapermanentmakeup.co.uk\/lt\/wp-json\/wp\/v2\/pages\/3\/revisions"}],"predecessor-version":[{"id":499,"href":"https:\/\/sandrapermanentmakeup.co.uk\/lt\/wp-json\/wp\/v2\/pages\/3\/revisions\/499"}],"wp:attachment":[{"href":"https:\/\/sandrapermanentmakeup.co.uk\/lt\/wp-json\/wp\/v2\/media?parent=3"}],"curies":[{"name":"wp","href":"https:\/\/api.w.org\/{rel}","templated":true}]}}