{"id":193,"date":"2019-01-08T12:36:05","date_gmt":"2019-01-08T12:36:05","guid":{"rendered":"http:\/\/sandra.local\/?page_id=193"},"modified":"2019-08-19T20:05:54","modified_gmt":"2019-08-19T20:05:54","slug":"ilgalaikis-makiazas","status":"publish","type":"page","link":"https:\/\/sandrapermanentmakeup.co.uk\/lt\/ilgalaikis-makiazas\/","title":{"rendered":"D.U.K."},"content":{"rendered":"\n<h3 class=\"wp-block-heading\">Kas yra ilgalaikis makia\u017eas?<\/h3>\n\n\n\n<p>Ilgalaikis makia\u017eas \/ permanentinis makia\u017eas yra kosmetin\u0117 proced\u016bra, kurios metu specialiu aparatu \u012f pood\u012f yra \u012fvedamas pasirinktos spalvos pigmentas. Jo d\u0117ka yra i\u0161ry\u0161kinami veido bruo\u017eai ir tokio makia\u017eo rezultatas yra ilgalaikis.<\/p>\n\n\n\n<h3 class=\"wp-block-heading\">Ar permanentinis \/ ilgalaikis makia\u017eas tinka visiems?<\/h3>\n\n\n\n<p>Permanentinis \/ ilgalaikis makia\u017eas tinka visiems, kas nori atrodyti nepriekai\u0161tingai ir nenaudoti joki\u0173 kosmetikos produkt\u0173. Permanentinio makia\u017eo meistr\u0117 per konsultacij\u0105 ap\u017ei\u016br\u0117s j\u016bs\u0173 od\u0105 ir nustatys, ar tokia proced\u016bra tinka ir jums.<\/p>\n\n\n\n<h3 class=\"wp-block-heading\">Kaip i\u0161sirinkti tinkamiausi\u0105 spalv\u0105 permanentiniams antakiams, permanentin\u0117ms l\u016bpoms ar permanentiniui aki\u0173 pravedimui?<\/h3>\n\n\n\n<p>Per konsultacij\u0105 su m\u016bs\u0173 patyrusi meistre patars, kokia spalva labiausiai jums tikt\u0173 ir kod\u0117l. D\u0117l daugelio met\u0173 sukauptos patirties mes \u017einome, kaip suderinti kelis atspalvius, kad i\u0161gautume norim\u0105 spalv\u0105.<\/p>\n\n\n\n<h3 class=\"wp-block-heading\">Kaip man i\u0161sirinkti permanentini\u0173 antaki\u0173 form\u0105?<\/h3>\n\n\n\n<p>Pasitik\u0117kite m\u016bs\u0173 specialistais. Mes jums patarsime, kokia forma ir stilius jums pad\u0117s pasiekti norim\u0105 i\u0161vaizd\u0105. M\u016bs\u0173 meistr\u0117 jums pasi\u016blys nat\u016braliai atrodan\u010di\u0105 antaki\u0173 form\u0105. Su m\u016bs\u0173 nupie\u0161ta antaki\u0173 forma antakiai gali atrodyti ry\u0161k\u016bs, plat\u016bs, tank\u016bs, tokie, koki\u0173 jums labiausiai norisi. Ir svarbiausia tai, kad jie atrodys nat\u016braliai ir i\u0161ry\u0161kins j\u016bs\u0173 nat\u016bralius veido bruo\u017eus.<\/p>\n\n\n\n<h3 class=\"wp-block-heading\">Kiek u\u017etrunka pasidaryti ilgalaikius antakius?<\/h3>\n\n\n\n<p>Per pirm\u0105j\u0105 proced\u016br\u0105 mes konsultuojame ir atliekame permanentin\u012f antaki\u0173 makia\u017e\u0105, kuris u\u017etrunka apie 90 minu\u010di\u0173. Kit\u0105 antaki\u0173 etap\u0105 sudaro antaki\u0173 tobulinimas, kuri trunka apie 50 minu\u010di\u0173. Antroji proced\u016bra atliekama pra\u0117jus 4-12 savait\u0117ms nuo primosios, kad antakiai sp\u0117t\u0173 sugyti.<\/p>\n\n\n\n<h3 class=\"wp-block-heading\">Kiek u\u017etrunka permanentinio aki\u0173 pravedimo proced\u016bra?<\/h3>\n\n\n\n<p>Aki\u0173 pravedimo proced\u016bra atliekama du kartus ir tarp j\u0173 turi b\u016bti 4-12 savai\u010di\u0173 tarpas, kad oda sugyt\u0173 prie\u0161 atliekant kit\u0105 proced\u016br\u0105. Pirmoji proced\u016bra gali u\u017etrukti nuo 1,5 iki 2,5 valandos. Antroji proced\u016bra yra reikalinga tam, kad permanentinio makia\u017eo rezultatai gal\u0117t\u0173 b\u016bti patobulinami, jei to reikia, ir u\u017etrunka ne ilgiau nei 1 valand\u0105.<\/p>\n\n\n\n<h3 class=\"wp-block-heading\">Kiek u\u017etrunka permanentinio l\u016bp\u0173 makia\u017eo proced\u016bra?<\/h3>\n\n\n\n<p>L\u016bp\u0173 permanentinis makia\u017eas atiekamas du kartus. Pirmoji proced\u016bra gali u\u017etrukti iki 3 valand\u0173, antroji u\u017etrunka ne ilgiau kaip 1 valand\u0105. Tarp \u0161i\u0173 proced\u016br\u0173 turi b\u016bti 6 \u2013 12 savai\u010di\u0173 tarpas, kad l\u016bpos sugyt\u0173.<\/p>\n\n\n\n<h3 class=\"wp-block-heading\">Kiek laiko ilgalaikis makia\u017eas?<\/h3>\n\n\n\n<p>Permanentinis \/ ilgalaikis makia\u017eas gali i\u0161silaikyti 3 metus, bet yra rekomenduojama atlikti kasmetin\u012f spalvos atnaujinim\u0105, kad b\u016bt\u0173 pary\u0161kinama spalva ar forma.<\/p>\n\n\n\n<h3 class=\"wp-block-heading\">Kiek kainuoja <a href=\"\/lt\/permanentinis-makiazas\/\">permanentinis makia\u017eas<\/a>?<\/h3>\n\n\n\n<p>Permanentinio makia\u017eo kaina priklauso nuo pageidaujamos proced\u016bros tipo ir meistr\u0117s profesionalumo. M\u016bs\u0173 permanentinio makia\u017eo kainos yra nurodytos kiekvienos proced\u016bros puslapyje.<\/p>\n\n\n\n<h3 class=\"wp-block-heading\">Ar galima u\u017esikr\u0117sti infekcija permanentinio makia\u017eo atlikimo metu?<\/h3>\n\n\n\n<p>Kadangi m\u016bs\u0173 klient\u0173 saugumas yra neatsiejama m\u016bs\u0173 paslaug\u0173 dalis, mes naudojame tik sterilizuotas, antialergines ir vienkartines permanentinio makia\u017eo priemones.<\/p>\n\n\n\n<h3 class=\"wp-block-heading\">Kaip pri\u017ei\u016br\u0117ti permanentinius antakius po proced\u016bros?<\/h3>\n\n\n\n<p>Po permanentinio makia\u017eo proced\u016bros me ne tik duodame savo klientams atmintin\u0119, kaip pri\u017ei\u016br\u0117ti permanentinius antakius, bet ir i\u0161samiai papasakojame, kokia prie\u017ei\u016bra yra reikalinga. <a href=\"\/lt\/permanentiniai-antakiai\/\">Permanentiniai antakiai<\/a> pas mus yra pati populiariausia proced\u016bra, taigi mes turime labai daug naudingos informacijos apie j\u0173 prie\u017ei\u016br\u0105.<\/p>\n","protected":false},"excerpt":{"rendered":"<p>Kas yra ilgalaikis makia\u017eas? Ilgalaikis makia\u017eas \/ permanentinis makia\u017eas yra kosmetin\u0117 proced\u016bra, kurios metu specialiu aparatu \u012f pood\u012f yra \u012fvedamas pasirinktos spalvos pigmentas. Jo d\u0117ka yra i\u0161ry\u0161kinami veido bruo\u017eai ir tokio makia\u017eo rezultatas yra ilgalaikis. Ar permanentinis \/ ilgalaikis makia\u017eas tinka visiems? Permanentinis \/ ilgalaikis makia\u017eas tinka visiems, kas nori atrodyti nepriekai\u0161tingai ir nenaudoti joki\u0173 &hellip; <a href=\"https:\/\/sandrapermanentmakeup.co.uk\/lt\/ilgalaikis-makiazas\/\">Continued<\/a><\/p>\n","protected":false},"author":1,"featured_media":694,"parent":0,"menu_order":0,"comment_status":"closed","ping_status":"closed","template":"template-custom.php","meta":{"_acf_changed":false,"footnotes":""},"class_list":["post-193","page","type-page","status-publish","has-post-thumbnail","hentry"],"acf":[],"yoast_head":"<!-- This site is optimized with the Yoast SEO plugin v25.8 - https:\/\/yoast.com\/wordpress\/plugins\/seo\/ -->\n<title>Ilgalaikis Makia\u017eas D.U.K - Sandra Opul Permanent Makeup<\/title>\n<meta name=\"description\" content=\"Ilgalaikis makia\u017eas. Atsakymai da\u017eniausiai u\u017eduodamiems klausimams apie ilgalaik\u012f makia\u017e\u0105: microblading antakius, l\u016bp\u0173 mikropigmentacij\u0105 ir permanentinio makia\u017eo kursus.\" \/>\n<meta name=\"robots\" content=\"index, follow, max-snippet:-1, max-image-preview:large, max-video-preview:-1\" \/>\n<link rel=\"canonical\" href=\"https:\/\/sandrapermanentmakeup.co.uk\/elite-semi-permanent-makeup\/\" \/>\n<meta property=\"og:locale\" content=\"lt_LT\" \/>\n<meta property=\"og:type\" content=\"article\" \/>\n<meta property=\"og:title\" content=\"Ilgalaikis Makia\u017eas D.U.K - Sandra Opul Permanent Makeup\" \/>\n<meta property=\"og:description\" content=\"Ilgalaikis makia\u017eas. Atsakymai da\u017eniausiai u\u017eduodamiems klausimams apie ilgalaik\u012f makia\u017e\u0105: microblading antakius, l\u016bp\u0173 mikropigmentacij\u0105 ir permanentinio makia\u017eo kursus.\" \/>\n<meta property=\"og:url\" content=\"https:\/\/sandrapermanentmakeup.co.uk\/elite-semi-permanent-makeup\/\" \/>\n<meta property=\"og:site_name\" content=\"Semi Permanent Makeup by Sandra Opul | No1 in Microblading\" \/>\n<meta property=\"article:modified_time\" content=\"2019-08-19T20:05:54+00:00\" \/>\n<meta property=\"og:image\" content=\"https:\/\/sandrapermanentmakeup.co.uk\/wp-content\/uploads\/2019\/03\/Slider-3.jpg\" \/>\n\t<meta property=\"og:image:width\" content=\"1440\" \/>\n\t<meta property=\"og:image:height\" content=\"320\" \/>\n\t<meta property=\"og:image:type\" content=\"image\/jpeg\" \/>\n<meta name=\"twitter:card\" content=\"summary_large_image\" \/>\n<meta name=\"twitter:label1\" content=\"Est. reading time\" \/>\n\t<meta name=\"twitter:data1\" content=\"3 minutes\" \/>\n<script type=\"application\/ld+json\" class=\"yoast-schema-graph\">{\"@context\":\"https:\/\/schema.org\",\"@graph\":[{\"@type\":\"WebPage\",\"@id\":\"https:\/\/sandrapermanentmakeup.co.uk\/elite-semi-permanent-makeup\/\",\"url\":\"https:\/\/sandrapermanentmakeup.co.uk\/elite-semi-permanent-makeup\/\",\"name\":\"Ilgalaikis Makia\u017eas D.U.K - Sandra Opul Permanent Makeup\",\"isPartOf\":{\"@id\":\"https:\/\/sandrapermanentmakeup.co.uk\/#website\"},\"primaryImageOfPage\":{\"@id\":\"https:\/\/sandrapermanentmakeup.co.uk\/elite-semi-permanent-makeup\/#primaryimage\"},\"image\":{\"@id\":\"https:\/\/sandrapermanentmakeup.co.uk\/elite-semi-permanent-makeup\/#primaryimage\"},\"thumbnailUrl\":\"https:\/\/sandrapermanentmakeup.co.uk\/wp-content\/uploads\/2019\/03\/Slider-3.jpg\",\"datePublished\":\"2019-01-08T12:36:05+00:00\",\"dateModified\":\"2019-08-19T20:05:54+00:00\",\"description\":\"Ilgalaikis makia\u017eas. Atsakymai da\u017eniausiai u\u017eduodamiems klausimams apie ilgalaik\u012f makia\u017e\u0105: microblading antakius, l\u016bp\u0173 mikropigmentacij\u0105 ir permanentinio makia\u017eo kursus.\",\"breadcrumb\":{\"@id\":\"https:\/\/sandrapermanentmakeup.co.uk\/elite-semi-permanent-makeup\/#breadcrumb\"},\"inLanguage\":\"lt-LT\",\"potentialAction\":[{\"@type\":\"ReadAction\",\"target\":[\"https:\/\/sandrapermanentmakeup.co.uk\/elite-semi-permanent-makeup\/\"]}]},{\"@type\":\"ImageObject\",\"inLanguage\":\"lt-LT\",\"@id\":\"https:\/\/sandrapermanentmakeup.co.uk\/elite-semi-permanent-makeup\/#primaryimage\",\"url\":\"https:\/\/sandrapermanentmakeup.co.uk\/wp-content\/uploads\/2019\/03\/Slider-3.jpg\",\"contentUrl\":\"https:\/\/sandrapermanentmakeup.co.uk\/wp-content\/uploads\/2019\/03\/Slider-3.jpg\",\"width\":1440,\"height\":320},{\"@type\":\"BreadcrumbList\",\"@id\":\"https:\/\/sandrapermanentmakeup.co.uk\/elite-semi-permanent-makeup\/#breadcrumb\",\"itemListElement\":[{\"@type\":\"ListItem\",\"position\":1,\"name\":\"Home\",\"item\":\"https:\/\/sandrapermanentmakeup.co.uk\/lt\/\"},{\"@type\":\"ListItem\",\"position\":2,\"name\":\"D.U.K.\"}]},{\"@type\":\"WebSite\",\"@id\":\"https:\/\/sandrapermanentmakeup.co.uk\/#website\",\"url\":\"https:\/\/sandrapermanentmakeup.co.uk\/\",\"name\":\"Semi Permanent Makeup by Sandra Opul | No1 in Microblading\",\"description\":\"\",\"potentialAction\":[{\"@type\":\"SearchAction\",\"target\":{\"@type\":\"EntryPoint\",\"urlTemplate\":\"https:\/\/sandrapermanentmakeup.co.uk\/?s={search_term_string}\"},\"query-input\":{\"@type\":\"PropertyValueSpecification\",\"valueRequired\":true,\"valueName\":\"search_term_string\"}}],\"inLanguage\":\"lt-LT\"}]}<\/script>\n<!-- \/ Yoast SEO plugin. -->","yoast_head_json":{"title":"Ilgalaikis Makia\u017eas D.U.K - Sandra Opul Permanent Makeup","description":"Ilgalaikis makia\u017eas. Atsakymai da\u017eniausiai u\u017eduodamiems klausimams apie ilgalaik\u012f makia\u017e\u0105: microblading antakius, l\u016bp\u0173 mikropigmentacij\u0105 ir permanentinio makia\u017eo kursus.","robots":{"index":"index","follow":"follow","max-snippet":"max-snippet:-1","max-image-preview":"max-image-preview:large","max-video-preview":"max-video-preview:-1"},"canonical":"https:\/\/sandrapermanentmakeup.co.uk\/elite-semi-permanent-makeup\/","og_locale":"lt_LT","og_type":"article","og_title":"Ilgalaikis Makia\u017eas D.U.K - Sandra Opul Permanent Makeup","og_description":"Ilgalaikis makia\u017eas. Atsakymai da\u017eniausiai u\u017eduodamiems klausimams apie ilgalaik\u012f makia\u017e\u0105: microblading antakius, l\u016bp\u0173 mikropigmentacij\u0105 ir permanentinio makia\u017eo kursus.","og_url":"https:\/\/sandrapermanentmakeup.co.uk\/elite-semi-permanent-makeup\/","og_site_name":"Semi Permanent Makeup by Sandra Opul | No1 in Microblading","article_modified_time":"2019-08-19T20:05:54+00:00","og_image":[{"width":1440,"height":320,"url":"https:\/\/sandrapermanentmakeup.co.uk\/wp-content\/uploads\/2019\/03\/Slider-3.jpg","type":"image\/jpeg"}],"twitter_card":"summary_large_image","twitter_misc":{"Est. reading time":"3 minutes"},"schema":{"@context":"https:\/\/schema.org","@graph":[{"@type":"WebPage","@id":"https:\/\/sandrapermanentmakeup.co.uk\/elite-semi-permanent-makeup\/","url":"https:\/\/sandrapermanentmakeup.co.uk\/elite-semi-permanent-makeup\/","name":"Ilgalaikis Makia\u017eas D.U.K - Sandra Opul Permanent Makeup","isPartOf":{"@id":"https:\/\/sandrapermanentmakeup.co.uk\/#website"},"primaryImageOfPage":{"@id":"https:\/\/sandrapermanentmakeup.co.uk\/elite-semi-permanent-makeup\/#primaryimage"},"image":{"@id":"https:\/\/sandrapermanentmakeup.co.uk\/elite-semi-permanent-makeup\/#primaryimage"},"thumbnailUrl":"https:\/\/sandrapermanentmakeup.co.uk\/wp-content\/uploads\/2019\/03\/Slider-3.jpg","datePublished":"2019-01-08T12:36:05+00:00","dateModified":"2019-08-19T20:05:54+00:00","description":"Ilgalaikis makia\u017eas. Atsakymai da\u017eniausiai u\u017eduodamiems klausimams apie ilgalaik\u012f makia\u017e\u0105: microblading antakius, l\u016bp\u0173 mikropigmentacij\u0105 ir permanentinio makia\u017eo kursus.","breadcrumb":{"@id":"https:\/\/sandrapermanentmakeup.co.uk\/elite-semi-permanent-makeup\/#breadcrumb"},"inLanguage":"lt-LT","potentialAction":[{"@type":"ReadAction","target":["https:\/\/sandrapermanentmakeup.co.uk\/elite-semi-permanent-makeup\/"]}]},{"@type":"ImageObject","inLanguage":"lt-LT","@id":"https:\/\/sandrapermanentmakeup.co.uk\/elite-semi-permanent-makeup\/#primaryimage","url":"https:\/\/sandrapermanentmakeup.co.uk\/wp-content\/uploads\/2019\/03\/Slider-3.jpg","contentUrl":"https:\/\/sandrapermanentmakeup.co.uk\/wp-content\/uploads\/2019\/03\/Slider-3.jpg","width":1440,"height":320},{"@type":"BreadcrumbList","@id":"https:\/\/sandrapermanentmakeup.co.uk\/elite-semi-permanent-makeup\/#breadcrumb","itemListElement":[{"@type":"ListItem","position":1,"name":"Home","item":"https:\/\/sandrapermanentmakeup.co.uk\/lt\/"},{"@type":"ListItem","position":2,"name":"D.U.K."}]},{"@type":"WebSite","@id":"https:\/\/sandrapermanentmakeup.co.uk\/#website","url":"https:\/\/sandrapermanentmakeup.co.uk\/","name":"Semi Permanent Makeup by Sandra Opul | No1 in Microblading","description":"","potentialAction":[{"@type":"SearchAction","target":{"@type":"EntryPoint","urlTemplate":"https:\/\/sandrapermanentmakeup.co.uk\/?s={search_term_string}"},"query-input":{"@type":"PropertyValueSpecification","valueRequired":true,"valueName":"search_term_string"}}],"inLanguage":"lt-LT"}]}},"_links":{"self":[{"href":"https:\/\/sandrapermanentmakeup.co.uk\/lt\/wp-json\/wp\/v2\/pages\/193","targetHints":{"allow":["GET"]}}],"collection":[{"href":"https:\/\/sandrapermanentmakeup.co.uk\/lt\/wp-json\/wp\/v2\/pages"}],"about":[{"href":"https:\/\/sandrapermanentmakeup.co.uk\/lt\/wp-json\/wp\/v2\/types\/page"}],"author":[{"embeddable":true,"href":"https:\/\/sandrapermanentmakeup.co.uk\/lt\/wp-json\/wp\/v2\/users\/1"}],"replies":[{"embeddable":true,"href":"https:\/\/sandrapermanentmakeup.co.uk\/lt\/wp-json\/wp\/v2\/comments?post=193"}],"version-history":[{"count":10,"href":"https:\/\/sandrapermanentmakeup.co.uk\/lt\/wp-json\/wp\/v2\/pages\/193\/revisions"}],"predecessor-version":[{"id":2406,"href":"https:\/\/sandrapermanentmakeup.co.uk\/lt\/wp-json\/wp\/v2\/pages\/193\/revisions\/2406"}],"wp:featuredmedia":[{"embeddable":true,"href":"https:\/\/sandrapermanentmakeup.co.uk\/lt\/wp-json\/wp\/v2\/media\/694"}],"wp:attachment":[{"href":"https:\/\/sandrapermanentmakeup.co.uk\/lt\/wp-json\/wp\/v2\/media?parent=193"}],"curies":[{"name":"wp","href":"https:\/\/api.w.org\/{rel}","templated":true}]}}